{"id":25165,"date":"2021-01-24T17:02:04","date_gmt":"2021-01-24T16:02:04","guid":{"rendered":"https:\/\/schoolaboo.ch\/schoolaboo-la-piattaforma-online-per-le-scuole-in-svizzera\/"},"modified":"2022-07-26T16:41:45","modified_gmt":"2022-07-26T14:41:45","slug":"schoolaboo-la-piattaforma-online-per-le-scuole-in-svizzera","status":"publish","type":"page","link":"https:\/\/schoolaboo.com\/it\/schoolaboo-la-piattaforma-online-per-le-scuole-in-svizzera\/","title":{"rendered":"Consulenza &#038; Contatto"},"content":{"rendered":"<p>schoolaboo nasce nel 2020 dal desiderio dei genitori di poter confrontare le scuole tra loro e cos\u00ec scegliere quella pi\u00f9 idonea ai propri figli.<br \/>\nSchoolaboo vuole anche dare la possibilit\u00e0 alle scuole piccole e meno conosciute di farsi pubblicit\u00e0 a livello nazionale tramite questa piattaforma e aiutarle a presentarsi in maniera ottimale ai genitori per diventare cos\u00ec la scelta giusta per i loro figli.<\/p>\n<p>Il team di schoolaboo vuole conoscere personalmente ogni scuola, affinch\u00e9 possa rispondere a tutte le domande dei genitori e degli allievi riguardo a idoneit\u00e0 e requisiti.<\/p>\n<p>schoolaboo \u00e8 un marchio registrato <a href=\"https:\/\/schooladvisor.ch\/\" target=\"_blank\" rel=\"noopener noreferrer\">Schooladvisor GmbH <\/a>\u00a0con sede a Svitto.<\/p>\n<p>La voce al telefono: Milan Schmed, +41 79 236 92 27<\/p>\n","protected":false},"excerpt":{"rendered":"<p>schoolaboo nasce nel 2020 dal desiderio dei genitori di poter confrontare le scuole tra loro e cos\u00ec scegliere quella pi\u00f9 idonea ai propri figli. Schoolaboo vuole anche dare la possibilit\u00e0 alle scuole piccole e meno conosciute di farsi pubblicit\u00e0 a livello nazionale tramite questa piattaforma e aiutarle a presentarsi in maniera ottimale ai genitori per [&hellip;]<\/p>\n","protected":false},"author":2,"featured_media":23798,"parent":0,"menu_order":1,"comment_status":"closed","ping_status":"closed","template":"page-templates\/full_width.php","meta":{"content-type":"","footnotes":""},"class_list":["post-25165","page","type-page","status-publish","has-post-thumbnail","hentry"],"yoast_head":"<!-- This site is optimized with the Yoast SEO Premium plugin v23.3 (Yoast SEO v27.4) - https:\/\/yoast.com\/product\/yoast-seo-premium-wordpress\/ -->\n<title>schoolaboo la piattaforma online per le scuole in Svizzera - Privatschul Verzeichnis und Beratung<\/title>\n<meta name=\"description\" content=\"Il nostro obiettivo: confrontare le scuole tra loro e trovare la scuola pi\u00f9 adatta per i tuoi figli da una panoramica di tutte le scuole svizzere.\" \/>\n<meta name=\"robots\" content=\"index, follow, max-snippet:-1, max-image-preview:large, max-video-preview:-1\" \/>\n<link rel=\"canonical\" href=\"https:\/\/schoolaboo.com\/it\/schoolaboo-la-piattaforma-online-per-le-scuole-in-svizzera\/\" \/>\n<meta property=\"og:locale\" content=\"it_IT\" \/>\n<meta property=\"og:type\" content=\"article\" \/>\n<meta property=\"og:title\" content=\"Consulenza &amp; Contatto\" \/>\n<meta property=\"og:description\" content=\"Il nostro obiettivo: confrontare le scuole tra loro e trovare la scuola pi\u00f9 adatta per i tuoi figli da una panoramica di tutte le scuole svizzere.\" \/>\n<meta property=\"og:url\" content=\"https:\/\/schoolaboo.com\/it\/schoolaboo-la-piattaforma-online-per-le-scuole-in-svizzera\/\" \/>\n<meta property=\"og:site_name\" content=\"Privatschul Verzeichnis und Beratung\" \/>\n<meta property=\"article:publisher\" content=\"https:\/\/www.facebook.com\/schoolaboo\" \/>\n<meta property=\"article:modified_time\" content=\"2022-07-26T14:41:45+00:00\" \/>\n<meta property=\"og:image\" content=\"https:\/\/schoolaboo.com\/wp-content\/uploads\/2020\/10\/schoolaboo-gross-gif.gif\" \/>\n\t<meta property=\"og:image:width\" content=\"2400\" \/>\n\t<meta property=\"og:image:height\" content=\"668\" \/>\n\t<meta property=\"og:image:type\" content=\"image\/gif\" \/>\n<meta name=\"twitter:card\" content=\"summary_large_image\" \/>\n<meta name=\"twitter:label1\" content=\"Tempo di lettura stimato\" \/>\n\t<meta name=\"twitter:data1\" content=\"1 minuto\" \/>\n<script type=\"application\/ld+json\" class=\"yoast-schema-graph\">{\"@context\":\"https:\\\/\\\/schema.org\",\"@graph\":[{\"@type\":\"WebPage\",\"@id\":\"https:\\\/\\\/schoolaboo.com\\\/it\\\/schoolaboo-la-piattaforma-online-per-le-scuole-in-svizzera\\\/\",\"url\":\"https:\\\/\\\/schoolaboo.com\\\/it\\\/schoolaboo-la-piattaforma-online-per-le-scuole-in-svizzera\\\/\",\"name\":\"schoolaboo la piattaforma online per le scuole in Svizzera - Privatschul Verzeichnis und Beratung\",\"isPartOf\":{\"@id\":\"https:\\\/\\\/schoolaboo.com\\\/it\\\/#website\"},\"primaryImageOfPage\":{\"@id\":\"https:\\\/\\\/schoolaboo.com\\\/it\\\/schoolaboo-la-piattaforma-online-per-le-scuole-in-svizzera\\\/#primaryimage\"},\"image\":{\"@id\":\"https:\\\/\\\/schoolaboo.com\\\/it\\\/schoolaboo-la-piattaforma-online-per-le-scuole-in-svizzera\\\/#primaryimage\"},\"thumbnailUrl\":\"https:\\\/\\\/schoolaboo.com\\\/wp-content\\\/uploads\\\/2020\\\/10\\\/schoolaboo-gross-gif.gif\",\"datePublished\":\"2021-01-24T16:02:04+00:00\",\"dateModified\":\"2022-07-26T14:41:45+00:00\",\"description\":\"Il nostro obiettivo: confrontare le scuole tra loro e trovare la scuola pi\u00f9 adatta per i tuoi figli da una panoramica di tutte le scuole svizzere.\",\"breadcrumb\":{\"@id\":\"https:\\\/\\\/schoolaboo.com\\\/it\\\/schoolaboo-la-piattaforma-online-per-le-scuole-in-svizzera\\\/#breadcrumb\"},\"inLanguage\":\"it-IT\",\"potentialAction\":[{\"@type\":\"ReadAction\",\"target\":[\"https:\\\/\\\/schoolaboo.com\\\/it\\\/schoolaboo-la-piattaforma-online-per-le-scuole-in-svizzera\\\/\"]}]},{\"@type\":\"ImageObject\",\"inLanguage\":\"it-IT\",\"@id\":\"https:\\\/\\\/schoolaboo.com\\\/it\\\/schoolaboo-la-piattaforma-online-per-le-scuole-in-svizzera\\\/#primaryimage\",\"url\":\"https:\\\/\\\/schoolaboo.com\\\/wp-content\\\/uploads\\\/2020\\\/10\\\/schoolaboo-gross-gif.gif\",\"contentUrl\":\"https:\\\/\\\/schoolaboo.com\\\/wp-content\\\/uploads\\\/2020\\\/10\\\/schoolaboo-gross-gif.gif\",\"width\":2400,\"height\":668},{\"@type\":\"BreadcrumbList\",\"@id\":\"https:\\\/\\\/schoolaboo.com\\\/it\\\/schoolaboo-la-piattaforma-online-per-le-scuole-in-svizzera\\\/#breadcrumb\",\"itemListElement\":[{\"@type\":\"ListItem\",\"position\":1,\"name\":\"Startseite\",\"item\":\"https:\\\/\\\/schoolaboo.com\\\/it\\\/\"},{\"@type\":\"ListItem\",\"position\":2,\"name\":\"Consulenza &#038; Contatto\"}]},{\"@type\":\"WebSite\",\"@id\":\"https:\\\/\\\/schoolaboo.com\\\/it\\\/#website\",\"url\":\"https:\\\/\\\/schoolaboo.com\\\/it\\\/\",\"name\":\"schoolaboo Schule suchen und finden\",\"description\":\"Privatschule finden und vergleichen\",\"publisher\":{\"@id\":\"https:\\\/\\\/schoolaboo.com\\\/it\\\/#organization\"},\"potentialAction\":[{\"@type\":\"SearchAction\",\"target\":{\"@type\":\"EntryPoint\",\"urlTemplate\":\"https:\\\/\\\/schoolaboo.com\\\/it\\\/?s={search_term_string}\"},\"query-input\":{\"@type\":\"PropertyValueSpecification\",\"valueRequired\":true,\"valueName\":\"search_term_string\"}}],\"inLanguage\":\"it-IT\"},{\"@type\":\"Organization\",\"@id\":\"https:\\\/\\\/schoolaboo.com\\\/it\\\/#organization\",\"name\":\"schoolaboo\",\"url\":\"https:\\\/\\\/schoolaboo.com\\\/it\\\/\",\"logo\":{\"@type\":\"ImageObject\",\"inLanguage\":\"it-IT\",\"@id\":\"https:\\\/\\\/schoolaboo.com\\\/it\\\/#\\\/schema\\\/logo\\\/image\\\/\",\"url\":\"https:\\\/\\\/schoolaboo.com\\\/wp-content\\\/uploads\\\/2025\\\/04\\\/schoolaboo_Signet_RGB_pos_72dpi.jpg\",\"contentUrl\":\"https:\\\/\\\/schoolaboo.com\\\/wp-content\\\/uploads\\\/2025\\\/04\\\/schoolaboo_Signet_RGB_pos_72dpi.jpg\",\"width\":262,\"height\":86,\"caption\":\"schoolaboo\"},\"image\":{\"@id\":\"https:\\\/\\\/schoolaboo.com\\\/it\\\/#\\\/schema\\\/logo\\\/image\\\/\"},\"sameAs\":[\"https:\\\/\\\/www.facebook.com\\\/schoolaboo\",\"https:\\\/\\\/www.linkedin.com\\\/showcase\\\/schoolaboo\"]}]}<\/script>\n<!-- \/ Yoast SEO Premium plugin. -->","yoast_head_json":{"title":"schoolaboo la piattaforma online per le scuole in Svizzera - Privatschul Verzeichnis und Beratung","description":"Il nostro obiettivo: confrontare le scuole tra loro e trovare la scuola pi\u00f9 adatta per i tuoi figli da una panoramica di tutte le scuole svizzere.","robots":{"index":"index","follow":"follow","max-snippet":"max-snippet:-1","max-image-preview":"max-image-preview:large","max-video-preview":"max-video-preview:-1"},"canonical":"https:\/\/schoolaboo.com\/it\/schoolaboo-la-piattaforma-online-per-le-scuole-in-svizzera\/","og_locale":"it_IT","og_type":"article","og_title":"Consulenza & Contatto","og_description":"Il nostro obiettivo: confrontare le scuole tra loro e trovare la scuola pi\u00f9 adatta per i tuoi figli da una panoramica di tutte le scuole svizzere.","og_url":"https:\/\/schoolaboo.com\/it\/schoolaboo-la-piattaforma-online-per-le-scuole-in-svizzera\/","og_site_name":"Privatschul Verzeichnis und Beratung","article_publisher":"https:\/\/www.facebook.com\/schoolaboo","article_modified_time":"2022-07-26T14:41:45+00:00","og_image":[{"width":2400,"height":668,"url":"https:\/\/schoolaboo.com\/wp-content\/uploads\/2020\/10\/schoolaboo-gross-gif.gif","type":"image\/gif"}],"twitter_card":"summary_large_image","twitter_misc":{"Tempo di lettura stimato":"1 minuto"},"schema":{"@context":"https:\/\/schema.org","@graph":[{"@type":"WebPage","@id":"https:\/\/schoolaboo.com\/it\/schoolaboo-la-piattaforma-online-per-le-scuole-in-svizzera\/","url":"https:\/\/schoolaboo.com\/it\/schoolaboo-la-piattaforma-online-per-le-scuole-in-svizzera\/","name":"schoolaboo la piattaforma online per le scuole in Svizzera - Privatschul Verzeichnis und Beratung","isPartOf":{"@id":"https:\/\/schoolaboo.com\/it\/#website"},"primaryImageOfPage":{"@id":"https:\/\/schoolaboo.com\/it\/schoolaboo-la-piattaforma-online-per-le-scuole-in-svizzera\/#primaryimage"},"image":{"@id":"https:\/\/schoolaboo.com\/it\/schoolaboo-la-piattaforma-online-per-le-scuole-in-svizzera\/#primaryimage"},"thumbnailUrl":"https:\/\/schoolaboo.com\/wp-content\/uploads\/2020\/10\/schoolaboo-gross-gif.gif","datePublished":"2021-01-24T16:02:04+00:00","dateModified":"2022-07-26T14:41:45+00:00","description":"Il nostro obiettivo: confrontare le scuole tra loro e trovare la scuola pi\u00f9 adatta per i tuoi figli da una panoramica di tutte le scuole svizzere.","breadcrumb":{"@id":"https:\/\/schoolaboo.com\/it\/schoolaboo-la-piattaforma-online-per-le-scuole-in-svizzera\/#breadcrumb"},"inLanguage":"it-IT","potentialAction":[{"@type":"ReadAction","target":["https:\/\/schoolaboo.com\/it\/schoolaboo-la-piattaforma-online-per-le-scuole-in-svizzera\/"]}]},{"@type":"ImageObject","inLanguage":"it-IT","@id":"https:\/\/schoolaboo.com\/it\/schoolaboo-la-piattaforma-online-per-le-scuole-in-svizzera\/#primaryimage","url":"https:\/\/schoolaboo.com\/wp-content\/uploads\/2020\/10\/schoolaboo-gross-gif.gif","contentUrl":"https:\/\/schoolaboo.com\/wp-content\/uploads\/2020\/10\/schoolaboo-gross-gif.gif","width":2400,"height":668},{"@type":"BreadcrumbList","@id":"https:\/\/schoolaboo.com\/it\/schoolaboo-la-piattaforma-online-per-le-scuole-in-svizzera\/#breadcrumb","itemListElement":[{"@type":"ListItem","position":1,"name":"Startseite","item":"https:\/\/schoolaboo.com\/it\/"},{"@type":"ListItem","position":2,"name":"Consulenza &#038; Contatto"}]},{"@type":"WebSite","@id":"https:\/\/schoolaboo.com\/it\/#website","url":"https:\/\/schoolaboo.com\/it\/","name":"schoolaboo Schule suchen und finden","description":"Privatschule finden und vergleichen","publisher":{"@id":"https:\/\/schoolaboo.com\/it\/#organization"},"potentialAction":[{"@type":"SearchAction","target":{"@type":"EntryPoint","urlTemplate":"https:\/\/schoolaboo.com\/it\/?s={search_term_string}"},"query-input":{"@type":"PropertyValueSpecification","valueRequired":true,"valueName":"search_term_string"}}],"inLanguage":"it-IT"},{"@type":"Organization","@id":"https:\/\/schoolaboo.com\/it\/#organization","name":"schoolaboo","url":"https:\/\/schoolaboo.com\/it\/","logo":{"@type":"ImageObject","inLanguage":"it-IT","@id":"https:\/\/schoolaboo.com\/it\/#\/schema\/logo\/image\/","url":"https:\/\/schoolaboo.com\/wp-content\/uploads\/2025\/04\/schoolaboo_Signet_RGB_pos_72dpi.jpg","contentUrl":"https:\/\/schoolaboo.com\/wp-content\/uploads\/2025\/04\/schoolaboo_Signet_RGB_pos_72dpi.jpg","width":262,"height":86,"caption":"schoolaboo"},"image":{"@id":"https:\/\/schoolaboo.com\/it\/#\/schema\/logo\/image\/"},"sameAs":["https:\/\/www.facebook.com\/schoolaboo","https:\/\/www.linkedin.com\/showcase\/schoolaboo"]}]}},"_links":{"self":[{"href":"https:\/\/schoolaboo.com\/it\/wp-json\/wp\/v2\/pages\/25165","targetHints":{"allow":["GET"]}}],"collection":[{"href":"https:\/\/schoolaboo.com\/it\/wp-json\/wp\/v2\/pages"}],"about":[{"href":"https:\/\/schoolaboo.com\/it\/wp-json\/wp\/v2\/types\/page"}],"author":[{"embeddable":true,"href":"https:\/\/schoolaboo.com\/it\/wp-json\/wp\/v2\/users\/2"}],"replies":[{"embeddable":true,"href":"https:\/\/schoolaboo.com\/it\/wp-json\/wp\/v2\/comments?post=25165"}],"version-history":[{"count":4,"href":"https:\/\/schoolaboo.com\/it\/wp-json\/wp\/v2\/pages\/25165\/revisions"}],"predecessor-version":[{"id":29856,"href":"https:\/\/schoolaboo.com\/it\/wp-json\/wp\/v2\/pages\/25165\/revisions\/29856"}],"wp:featuredmedia":[{"embeddable":true,"href":"https:\/\/schoolaboo.com\/it\/wp-json\/wp\/v2\/media\/23798"}],"wp:attachment":[{"href":"https:\/\/schoolaboo.com\/it\/wp-json\/wp\/v2\/media?parent=25165"}],"curies":[{"name":"wp","href":"https:\/\/api.w.org\/{rel}","templated":true}]}}