{"id":25163,"date":"2021-01-24T16:50:05","date_gmt":"2021-01-24T15:50:05","guid":{"rendered":"https:\/\/schoolaboo.ch\/consulenza-sulla-strategia-per-le-scuole\/"},"modified":"2021-01-26T17:50:37","modified_gmt":"2021-01-26T16:50:37","slug":"consulenza-sulla-strategia-per-le-scuole","status":"publish","type":"page","link":"https:\/\/schoolaboo.com\/it\/consulenza-sulla-strategia-per-le-scuole\/","title":{"rendered":"Consulenza sulla strategia per le scuole"},"content":{"rendered":"<h2>La tua scuola sulla piattaforma schoolaboo<\/h2>\n<p>La tua scuola non \u00e8 presente sulla piattaforma o non \u00e8 ancora stata &#8220;approved&#8221;? Contattaci. Siamo felici di offrirti una consulenza individuale.<\/p>\n<h2>Una strategia di successo per la tua scuola<\/h2>\n<p>Vi siete mai chiesti come sar\u00e0 la vostra scuola nei prossimi cinque anni?<\/p>\n<p>Presi dalla frenesia della vita quotidiana e in balia dei cambiamenti, pu\u00f2 venire meno il tempo necessario per una visione pi\u00f9 a lungo termine. Sfruttate le nostre conoscenze, acquisite nel lavoro con le PMI di vari settori, e insieme potremo arrivare rapidamente al nocciolo della questione e parlare di possibili soluzioni.<\/p>\n<h2>I vostri interlocutori in caso di domande<\/h2>\n<div class=\"twocolumn\">\n<p><span class=\"alignnone\"><img loading=\"lazy\" decoding=\"async\" class=\"alignnone wp-image-24744 size-medium\" style=\"color: inherit; font-family: inherit; font-size: inherit;\" src=\"https:\/\/schoolaboo.com\/wp-content\/uploads\/2020\/10\/kpc-7472-1-300x300.jpg\" alt=\"\" width=\"300\" height=\"300\" \/><\/span><\/p>\n<p><strong>Dr. Nicole Wenger-Schubiger<\/strong><br \/>\nDurante il suo lavoro quale collaboratrice scientifica presso l&#8217;Istituto per il Marketing e il Commercio dell&#8217;Universit\u00e0 di San Gallo (HSG), era responsabile dei contenuti e dell&#8217;amministrazione di numerosi corsi. Nel campo dell&#8217;insegnamento\/assistenza, tra i suoi compiti risultava anche la revisione dell&#8217;insegnamento nell&#8217;ambito della Riforma di Bologna. In qualit\u00e0 di consulente, negli ultimi 20 anni ha riposizionato sul mercato, definendo al contempo le loro strategie di marketing e di comunicazione, molte aziende, tra cui un istituto dell&#8217;Universit\u00e0 di San Gallo, una scuola di lingue e diversi istituti educativi privati.<\/p>\n<p>Per esperienza personale e grazie ai colloqui con i genitori, la dottoressa Wenger-Schubiger conosce le aspettative che i genitori ripongono nelle scuole e le esigenze relative alla formazione dei propri figli. Nell\u2019ambito delle sue consulenze per le scuole condivide queste conoscenze e, se necessario, ottimizza non solo il loro posizionamento sul mercato, ma anche il loro modo di presentarsi.<\/p>\n<p>Contattami: <a href=\"mailto:nicole@schoolaboo.ch\" target=\"_blank\" rel=\"noopener noreferrer\">nicole@schoolaboo.ch<\/a><\/p>\n<p><span class=\"alignnone\"><img loading=\"lazy\" decoding=\"async\" class=\"alignnone wp-image-23673 size-medium\" src=\"https:\/\/schoolaboo.com\/wp-content\/uploads\/2020\/09\/Bewerbung-300x283.jpg\" alt=\"\" width=\"300\" height=\"283\" srcset=\"https:\/\/schoolaboo.com\/wp-content\/uploads\/2020\/09\/Bewerbung-300x283.jpg 300w, https:\/\/schoolaboo.com\/wp-content\/uploads\/2020\/09\/Bewerbung-1024x965.jpg 1024w, https:\/\/schoolaboo.com\/wp-content\/uploads\/2020\/09\/Bewerbung-768x724.jpg 768w, https:\/\/schoolaboo.com\/wp-content\/uploads\/2020\/09\/Bewerbung-1536x1447.jpg 1536w, https:\/\/schoolaboo.com\/wp-content\/uploads\/2020\/09\/Bewerbung-2048x1929.jpg 2048w, https:\/\/schoolaboo.com\/wp-content\/uploads\/2020\/09\/Bewerbung-450x424.jpg 450w, https:\/\/schoolaboo.com\/wp-content\/uploads\/2020\/09\/Bewerbung-849x800.jpg 849w\" sizes=\"auto, (max-width: 300px) 100vw, 300px\" \/><\/span><\/p>\n<p><strong>Milan Schmed<\/strong><\/p>\n<p>Docente e insegnante di scuola professionale con una lunga esperienza all\u2019attivo, Milan Schmed si muove quotidianamente tra la realt\u00e0 scolastica e la sua idea di un\u2019educazione orientata al futuro. I suoi allievi sono entusiasti del suo modo di usare gli strumenti digitali per creare lezioni variate e stimolanti. Nato nella Generazione Y e Digital Native, Schmed \u00e8 favorevole ad esplorare in modo utile, le possibilit\u00e0 che questi strumenti offrono. Tutto questo senza naturalmente trascurare l&#8217;integrazione di metodi collaudati ed efficaci nelle sue lezioni.<br \/>\nIn qualit\u00e0 di docente presso diverse alte scuole pedagogiche, Milan Schmed conosce molto bene il panorama e il sistema scolastico svizzero. Pertanto, offre sostegno alle scuole e ai genitori nella quotidianit\u00e0 e nel futuro scolastico, rispettivamente nella scelta della scuola giusta per i propri bambini. Inoltre, in qualit\u00e0 di coach per giovani, segue bambini e giovani con difficolt\u00e0 personali e scolastiche.<\/p>\n<p>Contattami: <a href=\"mailto:milan@schoolaboo.ch\" target=\"_blank\" rel=\"noopener noreferrer\">milan@schoolaboo.ch<\/a><\/p>\n<\/div>\n","protected":false},"excerpt":{"rendered":"<p>La tua scuola sulla piattaforma schoolaboo La tua scuola non \u00e8 presente sulla piattaforma o non \u00e8 ancora stata &#8220;approved&#8221;? Contattaci. Siamo felici di offrirti una consulenza individuale. Una strategia di successo per la tua scuola Vi siete mai chiesti come sar\u00e0 la vostra scuola nei prossimi cinque anni? Presi dalla frenesia della vita quotidiana [&hellip;]<\/p>\n","protected":false},"author":6,"featured_media":24749,"parent":0,"menu_order":0,"comment_status":"closed","ping_status":"closed","template":"","meta":{"footnotes":""},"class_list":["post-25163","page","type-page","status-publish","has-post-thumbnail","hentry"],"yoast_head":"<!-- This site is optimized with the Yoast SEO Premium plugin v23.3 (Yoast SEO v27.4) - https:\/\/yoast.com\/product\/yoast-seo-premium-wordpress\/ -->\n<title>Consulenza sulla strategia per le scuole - Privatschul Verzeichnis und Beratung<\/title>\n<meta name=\"description\" content=\"Cerchi una strategia di successo per la tua scuola? Approfitta della nostra conoscenza lavorando con PMI di molti settori.\" \/>\n<meta name=\"robots\" content=\"index, follow, max-snippet:-1, max-image-preview:large, max-video-preview:-1\" \/>\n<link rel=\"canonical\" href=\"https:\/\/schoolaboo.com\/it\/consulenza-sulla-strategia-per-le-scuole\/\" \/>\n<meta property=\"og:locale\" content=\"it_IT\" \/>\n<meta property=\"og:type\" content=\"article\" \/>\n<meta property=\"og:title\" content=\"Consulenza sulla strategia per le scuole\" \/>\n<meta property=\"og:description\" content=\"Cerchi una strategia di successo per la tua scuola? Approfitta della nostra conoscenza lavorando con PMI di molti settori.\" \/>\n<meta property=\"og:url\" content=\"https:\/\/schoolaboo.com\/it\/consulenza-sulla-strategia-per-le-scuole\/\" \/>\n<meta property=\"og:site_name\" content=\"Privatschul Verzeichnis und Beratung\" \/>\n<meta property=\"article:publisher\" content=\"https:\/\/www.facebook.com\/schoolaboo\" \/>\n<meta property=\"article:modified_time\" content=\"2021-01-26T16:50:37+00:00\" \/>\n<meta property=\"og:image\" content=\"https:\/\/schoolaboo.com\/wp-content\/uploads\/2020\/09\/GEB7306a-scaled.jpg\" \/>\n\t<meta property=\"og:image:width\" content=\"2560\" \/>\n\t<meta property=\"og:image:height\" content=\"1694\" \/>\n\t<meta property=\"og:image:type\" content=\"image\/jpeg\" \/>\n<meta name=\"twitter:card\" content=\"summary_large_image\" \/>\n<meta name=\"twitter:label1\" content=\"Tempo di lettura stimato\" \/>\n\t<meta name=\"twitter:data1\" content=\"2 minuti\" \/>\n<script type=\"application\/ld+json\" class=\"yoast-schema-graph\">{\"@context\":\"https:\\\/\\\/schema.org\",\"@graph\":[{\"@type\":\"WebPage\",\"@id\":\"https:\\\/\\\/schoolaboo.com\\\/it\\\/consulenza-sulla-strategia-per-le-scuole\\\/\",\"url\":\"https:\\\/\\\/schoolaboo.com\\\/it\\\/consulenza-sulla-strategia-per-le-scuole\\\/\",\"name\":\"Consulenza sulla strategia per le scuole - Privatschul Verzeichnis und Beratung\",\"isPartOf\":{\"@id\":\"https:\\\/\\\/schoolaboo.com\\\/it\\\/#website\"},\"primaryImageOfPage\":{\"@id\":\"https:\\\/\\\/schoolaboo.com\\\/it\\\/consulenza-sulla-strategia-per-le-scuole\\\/#primaryimage\"},\"image\":{\"@id\":\"https:\\\/\\\/schoolaboo.com\\\/it\\\/consulenza-sulla-strategia-per-le-scuole\\\/#primaryimage\"},\"thumbnailUrl\":\"https:\\\/\\\/schoolaboo.com\\\/wp-content\\\/uploads\\\/2020\\\/09\\\/GEB7306a-scaled.jpg\",\"datePublished\":\"2021-01-24T15:50:05+00:00\",\"dateModified\":\"2021-01-26T16:50:37+00:00\",\"description\":\"Cerchi una strategia di successo per la tua scuola? Approfitta della nostra conoscenza lavorando con PMI di molti settori.\",\"breadcrumb\":{\"@id\":\"https:\\\/\\\/schoolaboo.com\\\/it\\\/consulenza-sulla-strategia-per-le-scuole\\\/#breadcrumb\"},\"inLanguage\":\"it-IT\",\"potentialAction\":[{\"@type\":\"ReadAction\",\"target\":[\"https:\\\/\\\/schoolaboo.com\\\/it\\\/consulenza-sulla-strategia-per-le-scuole\\\/\"]}]},{\"@type\":\"ImageObject\",\"inLanguage\":\"it-IT\",\"@id\":\"https:\\\/\\\/schoolaboo.com\\\/it\\\/consulenza-sulla-strategia-per-le-scuole\\\/#primaryimage\",\"url\":\"https:\\\/\\\/schoolaboo.com\\\/wp-content\\\/uploads\\\/2020\\\/09\\\/GEB7306a-scaled.jpg\",\"contentUrl\":\"https:\\\/\\\/schoolaboo.com\\\/wp-content\\\/uploads\\\/2020\\\/09\\\/GEB7306a-scaled.jpg\",\"width\":2560,\"height\":1694},{\"@type\":\"BreadcrumbList\",\"@id\":\"https:\\\/\\\/schoolaboo.com\\\/it\\\/consulenza-sulla-strategia-per-le-scuole\\\/#breadcrumb\",\"itemListElement\":[{\"@type\":\"ListItem\",\"position\":1,\"name\":\"Startseite\",\"item\":\"https:\\\/\\\/schoolaboo.com\\\/it\\\/\"},{\"@type\":\"ListItem\",\"position\":2,\"name\":\"Consulenza sulla strategia per le scuole\"}]},{\"@type\":\"WebSite\",\"@id\":\"https:\\\/\\\/schoolaboo.com\\\/it\\\/#website\",\"url\":\"https:\\\/\\\/schoolaboo.com\\\/it\\\/\",\"name\":\"schoolaboo Schule suchen und finden\",\"description\":\"Privatschule finden und vergleichen\",\"publisher\":{\"@id\":\"https:\\\/\\\/schoolaboo.com\\\/it\\\/#organization\"},\"potentialAction\":[{\"@type\":\"SearchAction\",\"target\":{\"@type\":\"EntryPoint\",\"urlTemplate\":\"https:\\\/\\\/schoolaboo.com\\\/it\\\/?s={search_term_string}\"},\"query-input\":{\"@type\":\"PropertyValueSpecification\",\"valueRequired\":true,\"valueName\":\"search_term_string\"}}],\"inLanguage\":\"it-IT\"},{\"@type\":\"Organization\",\"@id\":\"https:\\\/\\\/schoolaboo.com\\\/it\\\/#organization\",\"name\":\"schoolaboo\",\"url\":\"https:\\\/\\\/schoolaboo.com\\\/it\\\/\",\"logo\":{\"@type\":\"ImageObject\",\"inLanguage\":\"it-IT\",\"@id\":\"https:\\\/\\\/schoolaboo.com\\\/it\\\/#\\\/schema\\\/logo\\\/image\\\/\",\"url\":\"https:\\\/\\\/schoolaboo.com\\\/wp-content\\\/uploads\\\/2025\\\/04\\\/schoolaboo_Signet_RGB_pos_72dpi.jpg\",\"contentUrl\":\"https:\\\/\\\/schoolaboo.com\\\/wp-content\\\/uploads\\\/2025\\\/04\\\/schoolaboo_Signet_RGB_pos_72dpi.jpg\",\"width\":262,\"height\":86,\"caption\":\"schoolaboo\"},\"image\":{\"@id\":\"https:\\\/\\\/schoolaboo.com\\\/it\\\/#\\\/schema\\\/logo\\\/image\\\/\"},\"sameAs\":[\"https:\\\/\\\/www.facebook.com\\\/schoolaboo\",\"https:\\\/\\\/www.linkedin.com\\\/showcase\\\/schoolaboo\"]}]}<\/script>\n<!-- \/ Yoast SEO Premium plugin. -->","yoast_head_json":{"title":"Consulenza sulla strategia per le scuole - Privatschul Verzeichnis und Beratung","description":"Cerchi una strategia di successo per la tua scuola? Approfitta della nostra conoscenza lavorando con PMI di molti settori.","robots":{"index":"index","follow":"follow","max-snippet":"max-snippet:-1","max-image-preview":"max-image-preview:large","max-video-preview":"max-video-preview:-1"},"canonical":"https:\/\/schoolaboo.com\/it\/consulenza-sulla-strategia-per-le-scuole\/","og_locale":"it_IT","og_type":"article","og_title":"Consulenza sulla strategia per le scuole","og_description":"Cerchi una strategia di successo per la tua scuola? Approfitta della nostra conoscenza lavorando con PMI di molti settori.","og_url":"https:\/\/schoolaboo.com\/it\/consulenza-sulla-strategia-per-le-scuole\/","og_site_name":"Privatschul Verzeichnis und Beratung","article_publisher":"https:\/\/www.facebook.com\/schoolaboo","article_modified_time":"2021-01-26T16:50:37+00:00","og_image":[{"width":2560,"height":1694,"url":"https:\/\/schoolaboo.com\/wp-content\/uploads\/2020\/09\/GEB7306a-scaled.jpg","type":"image\/jpeg"}],"twitter_card":"summary_large_image","twitter_misc":{"Tempo di lettura stimato":"2 minuti"},"schema":{"@context":"https:\/\/schema.org","@graph":[{"@type":"WebPage","@id":"https:\/\/schoolaboo.com\/it\/consulenza-sulla-strategia-per-le-scuole\/","url":"https:\/\/schoolaboo.com\/it\/consulenza-sulla-strategia-per-le-scuole\/","name":"Consulenza sulla strategia per le scuole - Privatschul Verzeichnis und Beratung","isPartOf":{"@id":"https:\/\/schoolaboo.com\/it\/#website"},"primaryImageOfPage":{"@id":"https:\/\/schoolaboo.com\/it\/consulenza-sulla-strategia-per-le-scuole\/#primaryimage"},"image":{"@id":"https:\/\/schoolaboo.com\/it\/consulenza-sulla-strategia-per-le-scuole\/#primaryimage"},"thumbnailUrl":"https:\/\/schoolaboo.com\/wp-content\/uploads\/2020\/09\/GEB7306a-scaled.jpg","datePublished":"2021-01-24T15:50:05+00:00","dateModified":"2021-01-26T16:50:37+00:00","description":"Cerchi una strategia di successo per la tua scuola? Approfitta della nostra conoscenza lavorando con PMI di molti settori.","breadcrumb":{"@id":"https:\/\/schoolaboo.com\/it\/consulenza-sulla-strategia-per-le-scuole\/#breadcrumb"},"inLanguage":"it-IT","potentialAction":[{"@type":"ReadAction","target":["https:\/\/schoolaboo.com\/it\/consulenza-sulla-strategia-per-le-scuole\/"]}]},{"@type":"ImageObject","inLanguage":"it-IT","@id":"https:\/\/schoolaboo.com\/it\/consulenza-sulla-strategia-per-le-scuole\/#primaryimage","url":"https:\/\/schoolaboo.com\/wp-content\/uploads\/2020\/09\/GEB7306a-scaled.jpg","contentUrl":"https:\/\/schoolaboo.com\/wp-content\/uploads\/2020\/09\/GEB7306a-scaled.jpg","width":2560,"height":1694},{"@type":"BreadcrumbList","@id":"https:\/\/schoolaboo.com\/it\/consulenza-sulla-strategia-per-le-scuole\/#breadcrumb","itemListElement":[{"@type":"ListItem","position":1,"name":"Startseite","item":"https:\/\/schoolaboo.com\/it\/"},{"@type":"ListItem","position":2,"name":"Consulenza sulla strategia per le scuole"}]},{"@type":"WebSite","@id":"https:\/\/schoolaboo.com\/it\/#website","url":"https:\/\/schoolaboo.com\/it\/","name":"schoolaboo Schule suchen und finden","description":"Privatschule finden und vergleichen","publisher":{"@id":"https:\/\/schoolaboo.com\/it\/#organization"},"potentialAction":[{"@type":"SearchAction","target":{"@type":"EntryPoint","urlTemplate":"https:\/\/schoolaboo.com\/it\/?s={search_term_string}"},"query-input":{"@type":"PropertyValueSpecification","valueRequired":true,"valueName":"search_term_string"}}],"inLanguage":"it-IT"},{"@type":"Organization","@id":"https:\/\/schoolaboo.com\/it\/#organization","name":"schoolaboo","url":"https:\/\/schoolaboo.com\/it\/","logo":{"@type":"ImageObject","inLanguage":"it-IT","@id":"https:\/\/schoolaboo.com\/it\/#\/schema\/logo\/image\/","url":"https:\/\/schoolaboo.com\/wp-content\/uploads\/2025\/04\/schoolaboo_Signet_RGB_pos_72dpi.jpg","contentUrl":"https:\/\/schoolaboo.com\/wp-content\/uploads\/2025\/04\/schoolaboo_Signet_RGB_pos_72dpi.jpg","width":262,"height":86,"caption":"schoolaboo"},"image":{"@id":"https:\/\/schoolaboo.com\/it\/#\/schema\/logo\/image\/"},"sameAs":["https:\/\/www.facebook.com\/schoolaboo","https:\/\/www.linkedin.com\/showcase\/schoolaboo"]}]}},"_links":{"self":[{"href":"https:\/\/schoolaboo.com\/it\/wp-json\/wp\/v2\/pages\/25163","targetHints":{"allow":["GET"]}}],"collection":[{"href":"https:\/\/schoolaboo.com\/it\/wp-json\/wp\/v2\/pages"}],"about":[{"href":"https:\/\/schoolaboo.com\/it\/wp-json\/wp\/v2\/types\/page"}],"author":[{"embeddable":true,"href":"https:\/\/schoolaboo.com\/it\/wp-json\/wp\/v2\/users\/6"}],"replies":[{"embeddable":true,"href":"https:\/\/schoolaboo.com\/it\/wp-json\/wp\/v2\/comments?post=25163"}],"version-history":[{"count":2,"href":"https:\/\/schoolaboo.com\/it\/wp-json\/wp\/v2\/pages\/25163\/revisions"}],"predecessor-version":[{"id":25198,"href":"https:\/\/schoolaboo.com\/it\/wp-json\/wp\/v2\/pages\/25163\/revisions\/25198"}],"wp:featuredmedia":[{"embeddable":true,"href":"https:\/\/schoolaboo.com\/it\/wp-json\/wp\/v2\/media\/24749"}],"wp:attachment":[{"href":"https:\/\/schoolaboo.com\/it\/wp-json\/wp\/v2\/media?parent=25163"}],"curies":[{"name":"wp","href":"https:\/\/api.w.org\/{rel}","templated":true}]}}