{"id":25158,"date":"2021-01-24T16:25:17","date_gmt":"2021-01-24T15:25:17","guid":{"rendered":"https:\/\/schoolaboo.ch\/consulenza-per-genitori-e-giovani-sulla-scelta-della-scuola-giusta\/"},"modified":"2022-07-26T16:45:19","modified_gmt":"2022-07-26T14:45:19","slug":"consulenza-per-genitori-e-giovani-sulla-scelta-della-scuola-giusta","status":"publish","type":"page","link":"https:\/\/schoolaboo.com\/it\/consulenza-per-genitori-e-giovani-sulla-scelta-della-scuola-giusta\/","title":{"rendered":"Consulenza per genitori e giovani sulla scelta della scuola giusta"},"content":{"rendered":"<h2>Consulenza sulla scuola per bambini e giovani<\/h2>\n<p>L\u2019arte del coaching consiste nel mostrare al coachee (cliente) come aiutare s\u00e9 stesso a risolvere un problema o intraprendere il percorso di vita pi\u00f9 idoneo per lui. Questo vale sia per il percorso formativo individuale, che per le sfide quotidiane.<\/p>\n<p>Durante i colloqui il coach impara a conoscere lo stile di apprendimento del bambino e i suoi desideri.<br \/>\nIn questo modo il bambino \u00e8 sicuro di entrare in una scuola che ne tenga conto e che sia in grado di mantenere alta la sua motivazione.<\/p>\n<h2>Trovare la scuola giusta per il tuo bambino &#8211; consulenza sulla scuola per i genitori<\/h2>\n<p>Nel panorama educativo svizzero troviamo una panoplia di istituzioni educative con offerte e approcci didattici diversi. Per i genitori diventa quasi impossibile trovare la scuola in grado di promuovere al meglio il talento e le competenze dei propri bambini. Attraverso le sedute di coaching, i coach di schoolaboo capiscono quale istituto educativo sia pi\u00f9 indicato per stimolare i loro bambini. Contattaci via e-mail: info@schoolaboo.ch o per telefono: +41 76 236 92 27<\/p>\n<h2>La nostra filosofia<\/h2>\n<p>Alcuni consulenti di scuola privata offrono ai genitori una consulenza individuale gratuita. Questi consulenti ricevono una commissione d\u2019intermediazione (ca. 15% della retta scolastica) da parte della scuola che hanno consigliato ai genitori.<\/p>\n<p>Noi di schoolaboo <strong>non riceviamo commissioni, ma lavoriamo con tariffe fisse di coaching.<\/strong><\/p>\n<p>In questo modo vi garantiamo una consulenza individuale indipendente. La scuola consigliata deve soddisfare al meglio le aspettative e le esigenze del giovane e tenere conto dei genitori (non da ultimo rispettando il loro budget).<\/p>\n<h2>Le nostre tariffe<\/h2>\n<p><strong>CHF 180.- per ora<\/strong> di coaching individuale.<\/p>\n<p>Di regola bisogna calcolare <strong>tra le 3 e le 5 ore di coaching<\/strong>. Queste si svolgono direttamente presso lo studio del coach (coach nella vostra regione) oppure online tramite videochiamata (libera scelta del coach). Su richiesta, il coach pu\u00f2 continuare a seguire il vostro bambino, per facilitarne l\u2019integrazione a scuola, per ovviare alle difficolt\u00e0 di apprendimento o motivazione, ma anche per affrontare le sfide personali.<\/p>\n<h2>Fissa un appuntamento qui<\/h2>\n<p>[bookly-form hide=&#8221;categories&#8221;]<\/p>\n<h2>I nostri coach<\/h2>\n<p>Tutti i nostri coach hanno completato una formazione di coach riconosciuta e da molti anni lavorano con bambini e giovani. Conoscono bene il campo dell&#8217;educazione e le attuali esigenze delle scuole e degli allievi.<\/p>\n<div class=\"twocolumn\">\n<p><span class=\"alignnone\"><img loading=\"lazy\" decoding=\"async\" class=\"alignnone wp-image-23673\" src=\"https:\/\/schoolaboo.com\/wp-content\/uploads\/2020\/09\/Bewerbung-1024x965.jpg\" alt=\"\" width=\"346\" height=\"326\" srcset=\"https:\/\/schoolaboo.com\/wp-content\/uploads\/2020\/09\/Bewerbung-1024x965.jpg 1024w, https:\/\/schoolaboo.com\/wp-content\/uploads\/2020\/09\/Bewerbung-300x283.jpg 300w, https:\/\/schoolaboo.com\/wp-content\/uploads\/2020\/09\/Bewerbung-768x724.jpg 768w, https:\/\/schoolaboo.com\/wp-content\/uploads\/2020\/09\/Bewerbung-1536x1447.jpg 1536w, https:\/\/schoolaboo.com\/wp-content\/uploads\/2020\/09\/Bewerbung-2048x1929.jpg 2048w, https:\/\/schoolaboo.com\/wp-content\/uploads\/2020\/09\/Bewerbung-450x424.jpg 450w, https:\/\/schoolaboo.com\/wp-content\/uploads\/2020\/09\/Bewerbung-849x800.jpg 849w\" sizes=\"auto, (max-width: 346px) 100vw, 346px\" \/><\/span><br \/>\n<strong>Milan Schmed<br \/>\n<\/strong>In qualit\u00e0 di docente presso diverse alte scuole pedagogiche, Milan Schmed conosce molto bene il panorama e il sistema scolastico svizzero. Dispone di una conoscenza approfondita della psicologia dello sviluppo e delle ultime scoperte nella ricerca didattica. Pertanto, offre sostegno alle scuole e ai genitori nella quotidianit\u00e0 e nel futuro scolastico, rispettivamente nella scelta della scuola giusta per i propri bambini. Inoltre, in qualit\u00e0 di coach per giovani, segue bambini e giovani con difficolt\u00e0 personali e scolastiche.<\/p>\n<p><strong><span class=\"alignnone\"><img loading=\"lazy\" decoding=\"async\" class=\"alignnone wp-image-23681 size-full\" src=\"https:\/\/schoolaboo.com\/wp-content\/uploads\/2020\/11\/Patrick-e1608636208902.jpeg\" alt=\"\" width=\"326\" height=\"326\" \/><\/span><br \/>\nPatric Reith<br \/>\n<\/strong><\/p>\n<p>Si distingue per l&#8217;approccio lavorativo interdisciplinare.\u00a0 \u00c8 un collaboratore e consulente scientifico, un coach per giovani e un docente di scuola professionale.<br \/>\nIn qualit\u00e0 di scienziato dell&#8217;educazione e collaboratore scientifico in una scuola media e in un istituto di formazione professionale, \u00e8 responsabile dell&#8217;unit\u00e0 specializzata nell&#8217;insegnamento della cultura generale e del servizio competente per il sostegno individuale dei giovani.<br \/>\nInoltre, \u00e8 attivo in diversi gruppi di lavoro, insegna nelle scuole professionali e assiste i giovani con diverse problematiche. Per questo motivo conosce perfettamente le esigenze dei genitori, dei bambini, della scuola e dell&#8217;economia.\u00a0 In qualit\u00e0 di coach o consulente \u00e8 in grado di aiutare sia i genitori che i giovani ad affrontare le sfide quotidiane della scuola<\/p>\n<p><span class=\"alignnone\"><img loading=\"lazy\" decoding=\"async\" class=\"alignnone wp-image-24197\" style=\"font-size: 1.5rem;\" src=\"https:\/\/schoolaboo.com\/wp-content\/uploads\/2020\/12\/Zilia-Spaeni-500x476.png\" alt=\"\" width=\"328\" height=\"312\" srcset=\"https:\/\/schoolaboo.com\/wp-content\/uploads\/2020\/12\/Zilia-Spaeni-500x476.png 500w, https:\/\/schoolaboo.com\/wp-content\/uploads\/2020\/12\/Zilia-Spaeni-768x731.png 768w, https:\/\/schoolaboo.com\/wp-content\/uploads\/2020\/12\/Zilia-Spaeni-450x428.png 450w, https:\/\/schoolaboo.com\/wp-content\/uploads\/2020\/12\/Zilia-Spaeni-841x800.png 841w, https:\/\/schoolaboo.com\/wp-content\/uploads\/2020\/12\/Zilia-Spaeni.png 1026w\" sizes=\"auto, (max-width: 328px) 100vw, 328px\" \/><\/span><br \/>\n<strong>Zilia Sp\u00e4ni<br \/>\n<\/strong><\/p>\n<p>In qualit\u00e0 di docente di scuola dell&#8217;infanzia, educatrice sociale, job coach e formatrice, Zilia Sp\u00e4ni vanta un\u2019esperienza di oltre 20 anni nel campo dell&#8217;educazione, della pedagogia sociale e dell&#8217;inserimento professionale. Grazie alle sue competenze di consulente e coach, riesce a cogliere il bambino\/giovane nel suo insieme.<br \/>\nLe capacit\u00e0 e le necessit\u00e0 coprono un ruolo centrale, cos\u00ec come il sostegno dei genitori. Zilia Sp\u00e4ni offre un servizio di coaching e consulenza rivolto a genitori, bambini e giovani nell&#8217;ambito della famiglia (problemi nella vita di tutti i giorni), dell&#8217;orientamento professionale, dei colloqui di candidatura e della ricerca di un posto di apprendistato. Lavora a stretto contatto con le persone gi\u00e0 coinvolte nel processo. Sfrutta le sinergie e rafforza le competenze di tutti. Grazie alla sua lunga esperienza di coach per l\u2019orientamento professionale, Zilia Sp\u00e4ni ha l\u2019abitudine di seguire i bambini e i giovani, con o senza disabilit\u00e0, nell\u2019iter della scelta professionale.<\/p>\n<p><span class=\"alignnone\"><img loading=\"lazy\" decoding=\"async\" class=\"alignnone wp-image-24920 \" src=\"https:\/\/schoolaboo.com\/wp-content\/uploads\/2021\/01\/portrait_simonschmid_430x645-e1611342675370.jpg\" alt=\"\" width=\"283\" height=\"366\" \/><\/span><br \/>\n<strong style=\"color: inherit; font-family: inherit; font-size: inherit;\">Simon Schmid<br \/>\n<\/strong>La sua carriera professionale \u00e8 tutt&#8217;altro che semplice. Ha iniziato come tecnico di elettronica audio-video con BMS. Dopo aver studiato cinema all&#8217;Universit\u00e0 delle arti di Zurigo, ha lavorato per diversi anni come regista e regista di film e televisione e direttore di un festival cinematografico. Dopo vari soggiorni linguistici, ha completato il suo Master of Advanced Studies (MAS) presso la ZHAW in consulenza professionale, accademica e di carriera. Oggi, come autore di materiali didattici e come professionista indipendente, consulente di studio e carriera, accompagna i giovani nell&#8217;ingresso in carriera, nella scelta del percorso di studio e gli adulti nella determinazione della loro posizione e riorientamento.<\/p>\n<\/div>\n<p><strong>Siamo sempre alla ricerca di coach impegnati e competenti, ma anche di consulenti motivati per l\u2019orientamento scolastico e professionale!<\/strong><br \/>\n<strong>Contattaci: <a href=\"mailto:info@schoolaboo.ch\" target=\"_blank\" rel=\"noopener noreferrer\">info@schoolaboo.ch<\/a><\/strong><\/p>\n<p>&nbsp;<\/p>\n","protected":false},"excerpt":{"rendered":"<p>Consulenza sulla scuola per bambini e giovani L\u2019arte del coaching consiste nel mostrare al coachee (cliente) come aiutare s\u00e9 stesso a risolvere un problema o intraprendere il percorso di vita pi\u00f9 idoneo per lui. Questo vale sia per il percorso formativo individuale, che per le sfide quotidiane. Durante i colloqui il coach impara a conoscere [&hellip;]<\/p>\n","protected":false},"author":2,"featured_media":24208,"parent":0,"menu_order":0,"comment_status":"closed","ping_status":"closed","template":"","meta":{"footnotes":""},"class_list":["post-25158","page","type-page","status-publish","has-post-thumbnail","hentry"],"yoast_head":"<!-- This site is optimized with the Yoast SEO Premium plugin v23.3 (Yoast SEO v27.4) - https:\/\/yoast.com\/product\/yoast-seo-premium-wordpress\/ -->\n<title>Consulenza per genitori e giovani sulla scelta della scuola giusta - Privatschul Verzeichnis und Beratung<\/title>\n<meta name=\"description\" content=\"Ti consigliamo personalmente e in modo indipendente. Con l&#039;aiuto del coaching, scopriamo quale istituto educativo sosterr\u00e0 al meglio tuo figlio.\" \/>\n<meta name=\"robots\" content=\"index, follow, max-snippet:-1, max-image-preview:large, max-video-preview:-1\" \/>\n<link rel=\"canonical\" href=\"https:\/\/schoolaboo.com\/it\/consulenza-per-genitori-e-giovani-sulla-scelta-della-scuola-giusta\/\" \/>\n<meta property=\"og:locale\" content=\"it_IT\" \/>\n<meta property=\"og:type\" content=\"article\" \/>\n<meta property=\"og:title\" content=\"Consulenza per genitori e giovani sulla scelta della scuola giusta\" \/>\n<meta property=\"og:description\" content=\"Ti consigliamo personalmente e in modo indipendente. Con l&#039;aiuto del coaching, scopriamo quale istituto educativo sosterr\u00e0 al meglio tuo figlio.\" \/>\n<meta property=\"og:url\" content=\"https:\/\/schoolaboo.com\/it\/consulenza-per-genitori-e-giovani-sulla-scelta-della-scuola-giusta\/\" \/>\n<meta property=\"og:site_name\" content=\"Privatschul Verzeichnis und Beratung\" \/>\n<meta property=\"article:publisher\" content=\"https:\/\/www.facebook.com\/schoolaboo\" \/>\n<meta property=\"article:modified_time\" content=\"2022-07-26T14:45:19+00:00\" \/>\n<meta property=\"og:image\" content=\"https:\/\/schoolaboo.com\/wp-content\/uploads\/2020\/09\/board-784363_1920.jpg\" \/>\n\t<meta property=\"og:image:width\" content=\"1920\" \/>\n\t<meta property=\"og:image:height\" content=\"1371\" \/>\n\t<meta property=\"og:image:type\" content=\"image\/jpeg\" \/>\n<meta name=\"twitter:card\" content=\"summary_large_image\" \/>\n<meta name=\"twitter:label1\" content=\"Tempo di lettura stimato\" \/>\n\t<meta name=\"twitter:data1\" content=\"6 minuti\" \/>\n<script type=\"application\/ld+json\" class=\"yoast-schema-graph\">{\"@context\":\"https:\\\/\\\/schema.org\",\"@graph\":[{\"@type\":\"WebPage\",\"@id\":\"https:\\\/\\\/schoolaboo.com\\\/it\\\/consulenza-per-genitori-e-giovani-sulla-scelta-della-scuola-giusta\\\/\",\"url\":\"https:\\\/\\\/schoolaboo.com\\\/it\\\/consulenza-per-genitori-e-giovani-sulla-scelta-della-scuola-giusta\\\/\",\"name\":\"Consulenza per genitori e giovani sulla scelta della scuola giusta - Privatschul Verzeichnis und Beratung\",\"isPartOf\":{\"@id\":\"https:\\\/\\\/schoolaboo.com\\\/it\\\/#website\"},\"primaryImageOfPage\":{\"@id\":\"https:\\\/\\\/schoolaboo.com\\\/it\\\/consulenza-per-genitori-e-giovani-sulla-scelta-della-scuola-giusta\\\/#primaryimage\"},\"image\":{\"@id\":\"https:\\\/\\\/schoolaboo.com\\\/it\\\/consulenza-per-genitori-e-giovani-sulla-scelta-della-scuola-giusta\\\/#primaryimage\"},\"thumbnailUrl\":\"https:\\\/\\\/schoolaboo.com\\\/wp-content\\\/uploads\\\/2020\\\/09\\\/board-784363_1920.jpg\",\"datePublished\":\"2021-01-24T15:25:17+00:00\",\"dateModified\":\"2022-07-26T14:45:19+00:00\",\"description\":\"Ti consigliamo personalmente e in modo indipendente. Con l'aiuto del coaching, scopriamo quale istituto educativo sosterr\u00e0 al meglio tuo figlio.\",\"breadcrumb\":{\"@id\":\"https:\\\/\\\/schoolaboo.com\\\/it\\\/consulenza-per-genitori-e-giovani-sulla-scelta-della-scuola-giusta\\\/#breadcrumb\"},\"inLanguage\":\"it-IT\",\"potentialAction\":[{\"@type\":\"ReadAction\",\"target\":[\"https:\\\/\\\/schoolaboo.com\\\/it\\\/consulenza-per-genitori-e-giovani-sulla-scelta-della-scuola-giusta\\\/\"]}]},{\"@type\":\"ImageObject\",\"inLanguage\":\"it-IT\",\"@id\":\"https:\\\/\\\/schoolaboo.com\\\/it\\\/consulenza-per-genitori-e-giovani-sulla-scelta-della-scuola-giusta\\\/#primaryimage\",\"url\":\"https:\\\/\\\/schoolaboo.com\\\/wp-content\\\/uploads\\\/2020\\\/09\\\/board-784363_1920.jpg\",\"contentUrl\":\"https:\\\/\\\/schoolaboo.com\\\/wp-content\\\/uploads\\\/2020\\\/09\\\/board-784363_1920.jpg\",\"width\":1920,\"height\":1371},{\"@type\":\"BreadcrumbList\",\"@id\":\"https:\\\/\\\/schoolaboo.com\\\/it\\\/consulenza-per-genitori-e-giovani-sulla-scelta-della-scuola-giusta\\\/#breadcrumb\",\"itemListElement\":[{\"@type\":\"ListItem\",\"position\":1,\"name\":\"Startseite\",\"item\":\"https:\\\/\\\/schoolaboo.com\\\/it\\\/\"},{\"@type\":\"ListItem\",\"position\":2,\"name\":\"Consulenza per genitori e giovani sulla scelta della scuola giusta\"}]},{\"@type\":\"WebSite\",\"@id\":\"https:\\\/\\\/schoolaboo.com\\\/it\\\/#website\",\"url\":\"https:\\\/\\\/schoolaboo.com\\\/it\\\/\",\"name\":\"schoolaboo Schule suchen und finden\",\"description\":\"Privatschule finden und vergleichen\",\"publisher\":{\"@id\":\"https:\\\/\\\/schoolaboo.com\\\/it\\\/#organization\"},\"potentialAction\":[{\"@type\":\"SearchAction\",\"target\":{\"@type\":\"EntryPoint\",\"urlTemplate\":\"https:\\\/\\\/schoolaboo.com\\\/it\\\/?s={search_term_string}\"},\"query-input\":{\"@type\":\"PropertyValueSpecification\",\"valueRequired\":true,\"valueName\":\"search_term_string\"}}],\"inLanguage\":\"it-IT\"},{\"@type\":\"Organization\",\"@id\":\"https:\\\/\\\/schoolaboo.com\\\/it\\\/#organization\",\"name\":\"schoolaboo\",\"url\":\"https:\\\/\\\/schoolaboo.com\\\/it\\\/\",\"logo\":{\"@type\":\"ImageObject\",\"inLanguage\":\"it-IT\",\"@id\":\"https:\\\/\\\/schoolaboo.com\\\/it\\\/#\\\/schema\\\/logo\\\/image\\\/\",\"url\":\"https:\\\/\\\/schoolaboo.com\\\/wp-content\\\/uploads\\\/2025\\\/04\\\/schoolaboo_Signet_RGB_pos_72dpi.jpg\",\"contentUrl\":\"https:\\\/\\\/schoolaboo.com\\\/wp-content\\\/uploads\\\/2025\\\/04\\\/schoolaboo_Signet_RGB_pos_72dpi.jpg\",\"width\":262,\"height\":86,\"caption\":\"schoolaboo\"},\"image\":{\"@id\":\"https:\\\/\\\/schoolaboo.com\\\/it\\\/#\\\/schema\\\/logo\\\/image\\\/\"},\"sameAs\":[\"https:\\\/\\\/www.facebook.com\\\/schoolaboo\",\"https:\\\/\\\/www.linkedin.com\\\/showcase\\\/schoolaboo\"]}]}<\/script>\n<!-- \/ Yoast SEO Premium plugin. -->","yoast_head_json":{"title":"Consulenza per genitori e giovani sulla scelta della scuola giusta - Privatschul Verzeichnis und Beratung","description":"Ti consigliamo personalmente e in modo indipendente. Con l'aiuto del coaching, scopriamo quale istituto educativo sosterr\u00e0 al meglio tuo figlio.","robots":{"index":"index","follow":"follow","max-snippet":"max-snippet:-1","max-image-preview":"max-image-preview:large","max-video-preview":"max-video-preview:-1"},"canonical":"https:\/\/schoolaboo.com\/it\/consulenza-per-genitori-e-giovani-sulla-scelta-della-scuola-giusta\/","og_locale":"it_IT","og_type":"article","og_title":"Consulenza per genitori e giovani sulla scelta della scuola giusta","og_description":"Ti consigliamo personalmente e in modo indipendente. Con l'aiuto del coaching, scopriamo quale istituto educativo sosterr\u00e0 al meglio tuo figlio.","og_url":"https:\/\/schoolaboo.com\/it\/consulenza-per-genitori-e-giovani-sulla-scelta-della-scuola-giusta\/","og_site_name":"Privatschul Verzeichnis und Beratung","article_publisher":"https:\/\/www.facebook.com\/schoolaboo","article_modified_time":"2022-07-26T14:45:19+00:00","og_image":[{"width":1920,"height":1371,"url":"https:\/\/schoolaboo.com\/wp-content\/uploads\/2020\/09\/board-784363_1920.jpg","type":"image\/jpeg"}],"twitter_card":"summary_large_image","twitter_misc":{"Tempo di lettura stimato":"6 minuti"},"schema":{"@context":"https:\/\/schema.org","@graph":[{"@type":"WebPage","@id":"https:\/\/schoolaboo.com\/it\/consulenza-per-genitori-e-giovani-sulla-scelta-della-scuola-giusta\/","url":"https:\/\/schoolaboo.com\/it\/consulenza-per-genitori-e-giovani-sulla-scelta-della-scuola-giusta\/","name":"Consulenza per genitori e giovani sulla scelta della scuola giusta - Privatschul Verzeichnis und Beratung","isPartOf":{"@id":"https:\/\/schoolaboo.com\/it\/#website"},"primaryImageOfPage":{"@id":"https:\/\/schoolaboo.com\/it\/consulenza-per-genitori-e-giovani-sulla-scelta-della-scuola-giusta\/#primaryimage"},"image":{"@id":"https:\/\/schoolaboo.com\/it\/consulenza-per-genitori-e-giovani-sulla-scelta-della-scuola-giusta\/#primaryimage"},"thumbnailUrl":"https:\/\/schoolaboo.com\/wp-content\/uploads\/2020\/09\/board-784363_1920.jpg","datePublished":"2021-01-24T15:25:17+00:00","dateModified":"2022-07-26T14:45:19+00:00","description":"Ti consigliamo personalmente e in modo indipendente. Con l'aiuto del coaching, scopriamo quale istituto educativo sosterr\u00e0 al meglio tuo figlio.","breadcrumb":{"@id":"https:\/\/schoolaboo.com\/it\/consulenza-per-genitori-e-giovani-sulla-scelta-della-scuola-giusta\/#breadcrumb"},"inLanguage":"it-IT","potentialAction":[{"@type":"ReadAction","target":["https:\/\/schoolaboo.com\/it\/consulenza-per-genitori-e-giovani-sulla-scelta-della-scuola-giusta\/"]}]},{"@type":"ImageObject","inLanguage":"it-IT","@id":"https:\/\/schoolaboo.com\/it\/consulenza-per-genitori-e-giovani-sulla-scelta-della-scuola-giusta\/#primaryimage","url":"https:\/\/schoolaboo.com\/wp-content\/uploads\/2020\/09\/board-784363_1920.jpg","contentUrl":"https:\/\/schoolaboo.com\/wp-content\/uploads\/2020\/09\/board-784363_1920.jpg","width":1920,"height":1371},{"@type":"BreadcrumbList","@id":"https:\/\/schoolaboo.com\/it\/consulenza-per-genitori-e-giovani-sulla-scelta-della-scuola-giusta\/#breadcrumb","itemListElement":[{"@type":"ListItem","position":1,"name":"Startseite","item":"https:\/\/schoolaboo.com\/it\/"},{"@type":"ListItem","position":2,"name":"Consulenza per genitori e giovani sulla scelta della scuola giusta"}]},{"@type":"WebSite","@id":"https:\/\/schoolaboo.com\/it\/#website","url":"https:\/\/schoolaboo.com\/it\/","name":"schoolaboo Schule suchen und finden","description":"Privatschule finden und vergleichen","publisher":{"@id":"https:\/\/schoolaboo.com\/it\/#organization"},"potentialAction":[{"@type":"SearchAction","target":{"@type":"EntryPoint","urlTemplate":"https:\/\/schoolaboo.com\/it\/?s={search_term_string}"},"query-input":{"@type":"PropertyValueSpecification","valueRequired":true,"valueName":"search_term_string"}}],"inLanguage":"it-IT"},{"@type":"Organization","@id":"https:\/\/schoolaboo.com\/it\/#organization","name":"schoolaboo","url":"https:\/\/schoolaboo.com\/it\/","logo":{"@type":"ImageObject","inLanguage":"it-IT","@id":"https:\/\/schoolaboo.com\/it\/#\/schema\/logo\/image\/","url":"https:\/\/schoolaboo.com\/wp-content\/uploads\/2025\/04\/schoolaboo_Signet_RGB_pos_72dpi.jpg","contentUrl":"https:\/\/schoolaboo.com\/wp-content\/uploads\/2025\/04\/schoolaboo_Signet_RGB_pos_72dpi.jpg","width":262,"height":86,"caption":"schoolaboo"},"image":{"@id":"https:\/\/schoolaboo.com\/it\/#\/schema\/logo\/image\/"},"sameAs":["https:\/\/www.facebook.com\/schoolaboo","https:\/\/www.linkedin.com\/showcase\/schoolaboo"]}]}},"_links":{"self":[{"href":"https:\/\/schoolaboo.com\/it\/wp-json\/wp\/v2\/pages\/25158","targetHints":{"allow":["GET"]}}],"collection":[{"href":"https:\/\/schoolaboo.com\/it\/wp-json\/wp\/v2\/pages"}],"about":[{"href":"https:\/\/schoolaboo.com\/it\/wp-json\/wp\/v2\/types\/page"}],"author":[{"embeddable":true,"href":"https:\/\/schoolaboo.com\/it\/wp-json\/wp\/v2\/users\/2"}],"replies":[{"embeddable":true,"href":"https:\/\/schoolaboo.com\/it\/wp-json\/wp\/v2\/comments?post=25158"}],"version-history":[{"count":4,"href":"https:\/\/schoolaboo.com\/it\/wp-json\/wp\/v2\/pages\/25158\/revisions"}],"predecessor-version":[{"id":29860,"href":"https:\/\/schoolaboo.com\/it\/wp-json\/wp\/v2\/pages\/25158\/revisions\/29860"}],"wp:featuredmedia":[{"embeddable":true,"href":"https:\/\/schoolaboo.com\/it\/wp-json\/wp\/v2\/media\/24208"}],"wp:attachment":[{"href":"https:\/\/schoolaboo.com\/it\/wp-json\/wp\/v2\/media?parent=25158"}],"curies":[{"name":"wp","href":"https:\/\/api.w.org\/{rel}","templated":true}]}}