{"id":25184,"date":"2021-01-24T17:44:06","date_gmt":"2021-01-24T16:44:06","guid":{"rendered":"https:\/\/schoolaboo.ch\/book-a-coach\/"},"modified":"2021-01-24T17:44:06","modified_gmt":"2021-01-24T16:44:06","slug":"book-a-coach","status":"publish","type":"page","link":"https:\/\/schoolaboo.com\/fr\/book-a-coach\/","title":{"rendered":"Book a coach"},"content":{"rendered":"<p>Dans les conversations, un coach d\u00e9couvre quel type d&rsquo;apprenti est l&rsquo;enfant et quels sont ses souhaits. De cette mani\u00e8re, il peut \u00eatre garanti que l&rsquo;enfant aille dans une \u00e9cole qui en tient compte, de sorte que la motivation de l&rsquo;enfant demeure. Une telle conversation peut \u00e9galement avoir lieu avec les parents afin de recueillir leurs attentes vis-\u00e0-vis de l&rsquo;\u00e9cole et de l&rsquo;\u00e9ducation de leur fille ou de leur fils.<\/p>\n<p>Prenez rendez-vous ici:<\/p>\n<p>[bookly-form hide=\u00a0\u00bbcategories\u00a0\u00bb]<\/p>\n","protected":false},"excerpt":{"rendered":"<p>Dans les conversations, un coach d\u00e9couvre quel type d&rsquo;apprenti est l&rsquo;enfant et quels sont ses souhaits. De cette mani\u00e8re, il peut \u00eatre garanti que l&rsquo;enfant aille dans une \u00e9cole qui en tient compte, de sorte que la motivation de l&rsquo;enfant demeure. Une telle conversation peut \u00e9galement avoir lieu avec les parents afin de recueillir leurs [&hellip;]<\/p>\n","protected":false},"author":2,"featured_media":23674,"parent":0,"menu_order":0,"comment_status":"closed","ping_status":"closed","template":"","meta":{"content-type":"","footnotes":""},"class_list":["post-25184","page","type-page","status-publish","has-post-thumbnail","hentry"],"yoast_head":"<!-- This site is optimized with the Yoast SEO Premium plugin v23.3 (Yoast SEO v27.4) - https:\/\/yoast.com\/product\/yoast-seo-premium-wordpress\/ -->\n<title>Book a coach - Privatschul Verzeichnis und Beratung<\/title>\n<meta name=\"description\" content=\"Avec nos coachs, vous pouvez trouver la bonne \u00e9cole priv\u00e9e en Suisse pour le type d&#039;apprentissage de votre enfant. Trouvez une \u00e9cole maintenant.\" \/>\n<meta name=\"robots\" content=\"index, follow, max-snippet:-1, max-image-preview:large, max-video-preview:-1\" \/>\n<link rel=\"canonical\" href=\"https:\/\/schoolaboo.com\/fr\/book-a-coach\/\" \/>\n<meta property=\"og:locale\" content=\"fr_FR\" \/>\n<meta property=\"og:type\" content=\"article\" \/>\n<meta property=\"og:title\" content=\"Book a coach\" \/>\n<meta property=\"og:description\" content=\"Avec nos coachs, vous pouvez trouver la bonne \u00e9cole priv\u00e9e en Suisse pour le type d&#039;apprentissage de votre enfant. Trouvez une \u00e9cole maintenant.\" \/>\n<meta property=\"og:url\" content=\"https:\/\/schoolaboo.com\/fr\/book-a-coach\/\" \/>\n<meta property=\"og:site_name\" content=\"Privatschul Verzeichnis und Beratung\" \/>\n<meta property=\"article:publisher\" content=\"https:\/\/www.facebook.com\/schoolaboo\" \/>\n<meta property=\"og:image\" content=\"https:\/\/schoolaboo.com\/wp-content\/uploads\/2020\/09\/board-784363_1920.jpg\" \/>\n\t<meta property=\"og:image:width\" content=\"1920\" \/>\n\t<meta property=\"og:image:height\" content=\"1371\" \/>\n\t<meta property=\"og:image:type\" content=\"image\/jpeg\" \/>\n<meta name=\"twitter:card\" content=\"summary_large_image\" \/>\n<script type=\"application\/ld+json\" class=\"yoast-schema-graph\">{\"@context\":\"https:\\\/\\\/schema.org\",\"@graph\":[{\"@type\":\"WebPage\",\"@id\":\"https:\\\/\\\/schoolaboo.com\\\/fr\\\/book-a-coach\\\/\",\"url\":\"https:\\\/\\\/schoolaboo.com\\\/fr\\\/book-a-coach\\\/\",\"name\":\"Book a coach - Privatschul Verzeichnis und Beratung\",\"isPartOf\":{\"@id\":\"https:\\\/\\\/schoolaboo.com\\\/fr\\\/#website\"},\"primaryImageOfPage\":{\"@id\":\"https:\\\/\\\/schoolaboo.com\\\/fr\\\/book-a-coach\\\/#primaryimage\"},\"image\":{\"@id\":\"https:\\\/\\\/schoolaboo.com\\\/fr\\\/book-a-coach\\\/#primaryimage\"},\"thumbnailUrl\":\"https:\\\/\\\/schoolaboo.com\\\/wp-content\\\/uploads\\\/2020\\\/09\\\/board-784363_1920.jpg\",\"datePublished\":\"2021-01-24T16:44:06+00:00\",\"description\":\"Avec nos coachs, vous pouvez trouver la bonne \u00e9cole priv\u00e9e en Suisse pour le type d'apprentissage de votre enfant. Trouvez une \u00e9cole maintenant.\",\"breadcrumb\":{\"@id\":\"https:\\\/\\\/schoolaboo.com\\\/fr\\\/book-a-coach\\\/#breadcrumb\"},\"inLanguage\":\"fr-FR\",\"potentialAction\":[{\"@type\":\"ReadAction\",\"target\":[\"https:\\\/\\\/schoolaboo.com\\\/fr\\\/book-a-coach\\\/\"]}]},{\"@type\":\"ImageObject\",\"inLanguage\":\"fr-FR\",\"@id\":\"https:\\\/\\\/schoolaboo.com\\\/fr\\\/book-a-coach\\\/#primaryimage\",\"url\":\"https:\\\/\\\/schoolaboo.com\\\/wp-content\\\/uploads\\\/2020\\\/09\\\/board-784363_1920.jpg\",\"contentUrl\":\"https:\\\/\\\/schoolaboo.com\\\/wp-content\\\/uploads\\\/2020\\\/09\\\/board-784363_1920.jpg\",\"width\":1920,\"height\":1371},{\"@type\":\"BreadcrumbList\",\"@id\":\"https:\\\/\\\/schoolaboo.com\\\/fr\\\/book-a-coach\\\/#breadcrumb\",\"itemListElement\":[{\"@type\":\"ListItem\",\"position\":1,\"name\":\"Startseite\",\"item\":\"https:\\\/\\\/schoolaboo.com\\\/fr\\\/\"},{\"@type\":\"ListItem\",\"position\":2,\"name\":\"Book a coach\"}]},{\"@type\":\"WebSite\",\"@id\":\"https:\\\/\\\/schoolaboo.com\\\/fr\\\/#website\",\"url\":\"https:\\\/\\\/schoolaboo.com\\\/fr\\\/\",\"name\":\"schoolaboo Schule suchen und finden\",\"description\":\"Privatschule finden und vergleichen\",\"publisher\":{\"@id\":\"https:\\\/\\\/schoolaboo.com\\\/fr\\\/#organization\"},\"potentialAction\":[{\"@type\":\"SearchAction\",\"target\":{\"@type\":\"EntryPoint\",\"urlTemplate\":\"https:\\\/\\\/schoolaboo.com\\\/fr\\\/?s={search_term_string}\"},\"query-input\":{\"@type\":\"PropertyValueSpecification\",\"valueRequired\":true,\"valueName\":\"search_term_string\"}}],\"inLanguage\":\"fr-FR\"},{\"@type\":\"Organization\",\"@id\":\"https:\\\/\\\/schoolaboo.com\\\/fr\\\/#organization\",\"name\":\"schoolaboo\",\"url\":\"https:\\\/\\\/schoolaboo.com\\\/fr\\\/\",\"logo\":{\"@type\":\"ImageObject\",\"inLanguage\":\"fr-FR\",\"@id\":\"https:\\\/\\\/schoolaboo.com\\\/fr\\\/#\\\/schema\\\/logo\\\/image\\\/\",\"url\":\"https:\\\/\\\/schoolaboo.com\\\/wp-content\\\/uploads\\\/2025\\\/04\\\/schoolaboo_Signet_RGB_pos_72dpi.jpg\",\"contentUrl\":\"https:\\\/\\\/schoolaboo.com\\\/wp-content\\\/uploads\\\/2025\\\/04\\\/schoolaboo_Signet_RGB_pos_72dpi.jpg\",\"width\":262,\"height\":86,\"caption\":\"schoolaboo\"},\"image\":{\"@id\":\"https:\\\/\\\/schoolaboo.com\\\/fr\\\/#\\\/schema\\\/logo\\\/image\\\/\"},\"sameAs\":[\"https:\\\/\\\/www.facebook.com\\\/schoolaboo\",\"https:\\\/\\\/www.linkedin.com\\\/showcase\\\/schoolaboo\"]}]}<\/script>\n<!-- \/ Yoast SEO Premium plugin. -->","yoast_head_json":{"title":"Book a coach - Privatschul Verzeichnis und Beratung","description":"Avec nos coachs, vous pouvez trouver la bonne \u00e9cole priv\u00e9e en Suisse pour le type d'apprentissage de votre enfant. Trouvez une \u00e9cole maintenant.","robots":{"index":"index","follow":"follow","max-snippet":"max-snippet:-1","max-image-preview":"max-image-preview:large","max-video-preview":"max-video-preview:-1"},"canonical":"https:\/\/schoolaboo.com\/fr\/book-a-coach\/","og_locale":"fr_FR","og_type":"article","og_title":"Book a coach","og_description":"Avec nos coachs, vous pouvez trouver la bonne \u00e9cole priv\u00e9e en Suisse pour le type d'apprentissage de votre enfant. Trouvez une \u00e9cole maintenant.","og_url":"https:\/\/schoolaboo.com\/fr\/book-a-coach\/","og_site_name":"Privatschul Verzeichnis und Beratung","article_publisher":"https:\/\/www.facebook.com\/schoolaboo","og_image":[{"width":1920,"height":1371,"url":"https:\/\/schoolaboo.com\/wp-content\/uploads\/2020\/09\/board-784363_1920.jpg","type":"image\/jpeg"}],"twitter_card":"summary_large_image","schema":{"@context":"https:\/\/schema.org","@graph":[{"@type":"WebPage","@id":"https:\/\/schoolaboo.com\/fr\/book-a-coach\/","url":"https:\/\/schoolaboo.com\/fr\/book-a-coach\/","name":"Book a coach - Privatschul Verzeichnis und Beratung","isPartOf":{"@id":"https:\/\/schoolaboo.com\/fr\/#website"},"primaryImageOfPage":{"@id":"https:\/\/schoolaboo.com\/fr\/book-a-coach\/#primaryimage"},"image":{"@id":"https:\/\/schoolaboo.com\/fr\/book-a-coach\/#primaryimage"},"thumbnailUrl":"https:\/\/schoolaboo.com\/wp-content\/uploads\/2020\/09\/board-784363_1920.jpg","datePublished":"2021-01-24T16:44:06+00:00","description":"Avec nos coachs, vous pouvez trouver la bonne \u00e9cole priv\u00e9e en Suisse pour le type d'apprentissage de votre enfant. Trouvez une \u00e9cole maintenant.","breadcrumb":{"@id":"https:\/\/schoolaboo.com\/fr\/book-a-coach\/#breadcrumb"},"inLanguage":"fr-FR","potentialAction":[{"@type":"ReadAction","target":["https:\/\/schoolaboo.com\/fr\/book-a-coach\/"]}]},{"@type":"ImageObject","inLanguage":"fr-FR","@id":"https:\/\/schoolaboo.com\/fr\/book-a-coach\/#primaryimage","url":"https:\/\/schoolaboo.com\/wp-content\/uploads\/2020\/09\/board-784363_1920.jpg","contentUrl":"https:\/\/schoolaboo.com\/wp-content\/uploads\/2020\/09\/board-784363_1920.jpg","width":1920,"height":1371},{"@type":"BreadcrumbList","@id":"https:\/\/schoolaboo.com\/fr\/book-a-coach\/#breadcrumb","itemListElement":[{"@type":"ListItem","position":1,"name":"Startseite","item":"https:\/\/schoolaboo.com\/fr\/"},{"@type":"ListItem","position":2,"name":"Book a coach"}]},{"@type":"WebSite","@id":"https:\/\/schoolaboo.com\/fr\/#website","url":"https:\/\/schoolaboo.com\/fr\/","name":"schoolaboo Schule suchen und finden","description":"Privatschule finden und vergleichen","publisher":{"@id":"https:\/\/schoolaboo.com\/fr\/#organization"},"potentialAction":[{"@type":"SearchAction","target":{"@type":"EntryPoint","urlTemplate":"https:\/\/schoolaboo.com\/fr\/?s={search_term_string}"},"query-input":{"@type":"PropertyValueSpecification","valueRequired":true,"valueName":"search_term_string"}}],"inLanguage":"fr-FR"},{"@type":"Organization","@id":"https:\/\/schoolaboo.com\/fr\/#organization","name":"schoolaboo","url":"https:\/\/schoolaboo.com\/fr\/","logo":{"@type":"ImageObject","inLanguage":"fr-FR","@id":"https:\/\/schoolaboo.com\/fr\/#\/schema\/logo\/image\/","url":"https:\/\/schoolaboo.com\/wp-content\/uploads\/2025\/04\/schoolaboo_Signet_RGB_pos_72dpi.jpg","contentUrl":"https:\/\/schoolaboo.com\/wp-content\/uploads\/2025\/04\/schoolaboo_Signet_RGB_pos_72dpi.jpg","width":262,"height":86,"caption":"schoolaboo"},"image":{"@id":"https:\/\/schoolaboo.com\/fr\/#\/schema\/logo\/image\/"},"sameAs":["https:\/\/www.facebook.com\/schoolaboo","https:\/\/www.linkedin.com\/showcase\/schoolaboo"]}]}},"_links":{"self":[{"href":"https:\/\/schoolaboo.com\/fr\/wp-json\/wp\/v2\/pages\/25184","targetHints":{"allow":["GET"]}}],"collection":[{"href":"https:\/\/schoolaboo.com\/fr\/wp-json\/wp\/v2\/pages"}],"about":[{"href":"https:\/\/schoolaboo.com\/fr\/wp-json\/wp\/v2\/types\/page"}],"author":[{"embeddable":true,"href":"https:\/\/schoolaboo.com\/fr\/wp-json\/wp\/v2\/users\/2"}],"replies":[{"embeddable":true,"href":"https:\/\/schoolaboo.com\/fr\/wp-json\/wp\/v2\/comments?post=25184"}],"version-history":[{"count":0,"href":"https:\/\/schoolaboo.com\/fr\/wp-json\/wp\/v2\/pages\/25184\/revisions"}],"wp:featuredmedia":[{"embeddable":true,"href":"https:\/\/schoolaboo.com\/fr\/wp-json\/wp\/v2\/media\/23674"}],"wp:attachment":[{"href":"https:\/\/schoolaboo.com\/fr\/wp-json\/wp\/v2\/media?parent=25184"}],"curies":[{"name":"wp","href":"https:\/\/api.w.org\/{rel}","templated":true}]}}