{"id":23685,"date":"2020-12-14T17:03:01","date_gmt":"2020-12-14T16:03:01","guid":{"rendered":"https:\/\/schoolaboo.ch\/les-ecoles-sur-la-carte\/"},"modified":"2020-12-29T16:26:52","modified_gmt":"2020-12-29T15:26:52","slug":"les-ecoles-sur-la-carte","status":"publish","type":"page","link":"https:\/\/schoolaboo.com\/fr\/les-ecoles-sur-la-carte\/","title":{"rendered":"Situation g\u00e9ographique des \u00e9coles priv\u00e9es"},"content":{"rendered":"<div class=\"karten-text\">\n<h1>Aper\u00e7u g\u00e9ographique des \u00e9coles priv\u00e9es suisses<\/h1>\n<h2>Trouvez l&rsquo;\u00e9cole appropri\u00e9e dans votre canton sur notre carte.<\/h2>\n<p>Utilisez la carte pour trouver l&rsquo;\u00e9cole priv\u00e9e la plus proche de votre domicile ou s\u00e9lectionnez le canton dans lequel vous souhaitez faire votre scolarit\u00e9. Notez que seules les \u00e9coles illustr\u00e9es \u00e0 gauche apparaissent sur la carte. Pour d\u00e9couvrir plus d&rsquo;institutions priv\u00e9es proches de chez vous, t\u00e9l\u00e9chargez d&rsquo;autres \u00e9coles en utilisant le lien situ\u00e9 en bas de page ou <a href=\"https:\/\/schoolaboo.com\/fr\/conseils-pour-les-parents-et-les-jeunes\/\" target=\"_blank\" rel=\"noopener noreferrer\">contactez-nous<\/a>, nous vous aiderons dans votre recherche.<\/p>\n<\/div>\n<div class=\"job_listings\" data-location=\"\" data-keywords=\"\" data-show_filters=\"true\" data-show_pagination=\"true\" data-per_page=\"24\" data-orderby=\"featured\" data-order=\"DESC\" data-categories=\"\" data-disable-form-state-storage=\"\" data-featured_first=\"false\" data-post_id=\"23685\" ><div class=\"myflex\">\n<div class=\"myflex__left\">\n\t<form class=\"job_filters\">\n\t\t\n\t\t<a href=\"#\" class=\"findme  js-find-me\"><\/a>\n\n\t\t<div class=\"search_jobs\">\n\t\t\t\t\t\t<input type=\"hidden\" name=\"search_keywords\" id=\"search_keywords\" value=\"\"\/>\n\n\t\t\t<div class=\"search_location\">\n\t\t\t\t<label for=\"search_location\">Location<\/label>\n\t\t\t\t<input type=\"text\" name=\"search_location\" id=\"search_location\"\n\t\t\t\t       placeholder=\"Location\"\n\t\t\t\t       value=\"\"\/>\n\t\t\t<\/div>\n\n\t\t\t<div class=\"select-categories\">\n\t\t\t\t\n\t\t\t\t\t<div class=\"search_categories\">\n\t\t\t\t\t\t<label for=\"search_categories\">Category<\/label>\n\t\t\t\t\t\t<select name='search_categories[]' id='search_categories' class='job-manager-category-dropdown '  data-placeholder='Choisissez une cat\u00e9gorie&hellip;' data-no_results_text='Aucun r\u00e9sultat' data-multiple_text='Choisir une option'>\n<option value=\"\">Any category<\/option>\t<option class=\"level-0\" value=\"875\">Bilingual<\/option>\n\t<option class=\"level-0\" value=\"326\">Cours de rattrapage<\/option>\n\t<option class=\"level-0\" value=\"324\">Cr\u00e8ches<\/option>\n\t<option class=\"level-0\" value=\"307\">Degr\u00e9 secondaire II (de 16 \u00e0 19 ans)<\/option>\n\t<option class=\"level-0\" value=\"311\">Dipl\u00f4me avec mention \u00ab Etudes bilingues \u00bb<\/option>\n\t<option class=\"level-0\" value=\"318\">Dipl\u00f4me Cambridge<\/option>\n\t<option class=\"level-0\" value=\"310\">\u00c9cole \u00e0 horaire continu<\/option>\n\t<option class=\"level-0\" value=\"320\">\u00c9cole de culture g\u00e9n\u00e9rale \/ \u00e9cole de commerce<\/option>\n\t<option class=\"level-0\" value=\"329\">\u00c9cole de langues<\/option>\n\t<option class=\"level-0\" value=\"328\">\u00c9cole de sport<\/option>\n\t<option class=\"level-0\" value=\"330\">\u00c9cole des talents<\/option>\n\t<option class=\"level-0\" value=\"325\">\u00c9cole enfantine<\/option>\n\t<option class=\"level-0\" value=\"305\">\u00c9cole secondaire (de 12 \u00e0 15 ans)<\/option>\n\t<option class=\"level-0\" value=\"323\">\u00c9cole sup\u00e9rieure<\/option>\n\t<option class=\"level-0\" value=\"314\">Enseignement plurilingues<\/option>\n\t<option class=\"level-0\" value=\"306\">Enseignement primaire (de 7 \u00e0 12 ans)<\/option>\n\t<option class=\"level-0\" value=\"332\">Formation continue<\/option>\n\t<option class=\"level-0\" value=\"340\">Gestion<\/option>\n\t<option class=\"level-0\" value=\"322\">Gymnase<\/option>\n\t<option class=\"level-0\" value=\"339\">H\u00f4tellerie<\/option>\n\t<option class=\"level-0\" value=\"309\">Internat<\/option>\n\t<option class=\"level-0\" value=\"312\">International Baccalaur\u00e9at<\/option>\n\t<option class=\"level-0\" value=\"313\">International General Certificate of Secondary Education<\/option>\n\t<option class=\"level-0\" value=\"331\">Langue d&#039;enseignement anglais<\/option>\n\t<option class=\"level-0\" value=\"316\">Maturit\u00e9 professionnelle<\/option>\n\t<option class=\"level-0\" value=\"327\">Maturit\u00e9 suisse<\/option>\n\t<option class=\"level-0\" value=\"317\">Offre de formation transitoire<\/option>\n\t<option class=\"level-0\" value=\"342\">P\u00e9dagogie<\/option>\n\t<option class=\"level-0\" value=\"319\">Section allemande (baccalaur\u00e9at)<\/option>\n\t<option class=\"level-0\" value=\"315\">Section am\u00e9ricaine<\/option>\n\t<option class=\"level-0\" value=\"308\">Section anglaise<\/option>\n\t<option class=\"level-0\" value=\"321\">Section fran\u00e7aise<\/option>\n\t<option class=\"level-0\" value=\"341\">Technique<\/option>\n\t<option class=\"level-0\" value=\"343\">Tourisme<\/option>\n<\/select>\n\t\t\t\t\t<\/div>\n\n\t\t\t\t\t\t\t<\/div><!-- .select-categories -->\n\t\t\t\t\t<\/div><!-- .search_jobs -->\n\n\t\t<div class=\"mobile-buttons\">\n\t\t\t<button class=\"btn btn--filter\">Filter\t\t\t\t<span>Listings<\/span><\/button>\n\t\t\t<button class=\"btn btn--view btn--view-map\"><span>Map View<\/span>\n\t\t\t<\/button>\n\t\t\t<button class=\"btn btn--view btn--view-cards\">\n\t\t\t\t<span>Cards View <\/span><\/button>\n\t\t<\/div>\n\n\t\t\t<ul class=\"job_types\">\n\t\t\t\t\t<li><label for=\"job_type_degre-secondaire-ii-de-16-a-19-ans\" class=\"degre-secondaire-ii-de-16-a-19-ans\"><input type=\"checkbox\" name=\"filter_job_type[]\" value=\"degre-secondaire-ii-de-16-a-19-ans\"  checked='checked' id=\"job_type_degre-secondaire-ii-de-16-a-19-ans\" \/> Degr\u00e9 secondaire II (de 16 \u00e0 19 ans)<\/label><\/li>\n\t\t\t\t\t<li><label for=\"job_type_ecole-enfantine-de-4-a-6-ans\" class=\"ecole-enfantine-de-4-a-6-ans\"><input type=\"checkbox\" name=\"filter_job_type[]\" value=\"ecole-enfantine-de-4-a-6-ans\"  checked='checked' id=\"job_type_ecole-enfantine-de-4-a-6-ans\" \/> \u00c9cole enfantine (de 4 \u00e0 6 ans)<\/label><\/li>\n\t\t\t\t\t<li><label for=\"job_type_ecole-secondaire-de-13-a-16-ans\" class=\"ecole-secondaire-de-13-a-16-ans\"><input type=\"checkbox\" name=\"filter_job_type[]\" value=\"ecole-secondaire-de-13-a-16-ans\"  checked='checked' id=\"job_type_ecole-secondaire-de-13-a-16-ans\" \/> \u00c9cole secondaire (de 13 \u00e0 16 ans)<\/label><\/li>\n\t\t\t\t\t<li><label for=\"job_type_primarschule\" class=\"enseignement-primaire-de-7-a-12-ans\"><input type=\"checkbox\" name=\"filter_job_type[]\" value=\"primarschule\"  checked='checked' id=\"job_type_primarschule\" \/> Enseignement primaire (de 7 \u00e0 12 ans)<\/label><\/li>\n\t\t\t\t\t<li><label for=\"job_type_formation-continue\" class=\"formation-continue\"><input type=\"checkbox\" name=\"filter_job_type[]\" value=\"formation-continue\"  checked='checked' id=\"job_type_formation-continue\" \/> Formation continue<\/label><\/li>\n\t\t\t\t\t<li><label for=\"job_type_internat\" class=\"internat\"><input type=\"checkbox\" name=\"filter_job_type[]\" value=\"internat\"  checked='checked' id=\"job_type_internat\" \/> Internat<\/label><\/li>\n\t\t\t\t\t<li><label for=\"job_type_pre-maternelle\" class=\"pre-maternelle-creche\"><input type=\"checkbox\" name=\"filter_job_type[]\" value=\"pre-maternelle\"  checked='checked' id=\"job_type_pre-maternelle\" \/> Pr\u00e9-maternelle \/ Cr\u00e8che<\/label><\/li>\n\t\t\t<\/ul>\n\t<input type=\"hidden\" name=\"filter_job_type[]\" value=\"\" \/>\n<div class=\"showing_jobs\"><\/div>\n\t<\/form><!-- .job_filter -->\n\n\t\n\t<noscript>Your browser does not support JavaScript, or it is disabled. JavaScript must be enabled in order to view listings.<\/noscript>\n\n\n<div class=\"grid list job_listings\">\n\n\n\n<\/div><!-- .grid.list.job_listings -->\n<svg class=\"loader\" width=\"40px\" height=\"40px\" viewBox=\"0 0 40 40\" version=\"1.1\" xmlns=\"http:\/\/www.w3.org\/2000\/svg\" xmlns:xlink=\"http:\/\/www.w3.org\/1999\/xlink\">\n    <defs>\n        <linearGradient x1=\"50%\" y1=\"7.52257671%\" x2=\"50%\" y2=\"100%\" id=\"linearGradient-1\">\n            <stop stop-color=\"currentColor\" stop-opacity=\"0.5\" offset=\"0%\"><\/stop>\n            <stop stop-color=\"currentColor\" stop-opacity=\"0\" offset=\"100%\"><\/stop>\n        <\/linearGradient>\n        <linearGradient x1=\"50%\" y1=\"7.70206696%\" x2=\"50%\" y2=\"100%\" id=\"linearGradient-2\">\n            <stop stop-color=\"currentColor\" stop-opacity=\"0.5\" offset=\"0%\"><\/stop>\n            <stop stop-color=\"currentColor\" offset=\"100%\"><\/stop>\n        <\/linearGradient>\n    <\/defs>\n    <g id=\"Page-1\" stroke=\"none\" stroke-width=\"1\" fill=\"none\" fill-rule=\"evenodd\">\n        <g>\n            <path d=\"M20,0 C31.045695,0 40,8.954305 40,20 C40,31.045695 31.045695,40 20,40 L20,38 C29.9411255,38 38,29.9411255 38,20 C38,10.0588745 29.9411255,2 20,2 L20,0 Z\" id=\"Oval-1\" fill=\"url(#linearGradient-1)\"><\/path>\n            <path d=\"M20,0 C8.954305,0 0,8.954305 0,20 C0,31.045695 8.954305,40 20,40 L20,38 C10.0588745,38 2,29.9411255 2,20 C2,10.0588745 10.0588745,2 20,2 L20,0 Z\" id=\"Oval-1-Copy\" fill=\"url(#linearGradient-2)\"><\/path>\n        <\/g>\n    <\/g>\n<\/svg>\n\n\t<\/div><!-- .myflex__left -->\n<div id=\"map\" class=\"map myflex__right\"><\/div>\n<\/div><!-- .myflex -->\n<\/div>\n","protected":false},"excerpt":{"rendered":"<p>Aper\u00e7u g\u00e9ographique des \u00e9coles priv\u00e9es suisses Trouvez l&rsquo;\u00e9cole appropri\u00e9e dans votre canton sur notre carte. Utilisez la carte pour trouver l&rsquo;\u00e9cole priv\u00e9e la plus proche de votre domicile ou s\u00e9lectionnez le canton dans lequel vous souhaitez faire votre scolarit\u00e9. Notez que seules les \u00e9coles illustr\u00e9es \u00e0 gauche apparaissent sur la carte. Pour d\u00e9couvrir plus d&rsquo;institutions [&hellip;]<\/p>\n","protected":false},"author":2,"featured_media":0,"parent":0,"menu_order":0,"comment_status":"closed","ping_status":"closed","template":"","meta":{"content-type":"","footnotes":""},"class_list":["post-23685","page","type-page","status-publish","hentry"],"yoast_head":"<!-- This site is optimized with the Yoast SEO Premium plugin v23.3 (Yoast SEO v27.4) - https:\/\/yoast.com\/product\/yoast-seo-premium-wordpress\/ -->\n<title>Explore All Listings \u2022 Listable<\/title>\n<meta name=\"description\" content=\"Explore some of the best listings from around the city from our partners and friends.\" \/>\n<meta name=\"robots\" content=\"index, follow, max-snippet:-1, max-image-preview:large, max-video-preview:-1\" \/>\n<link rel=\"canonical\" href=\"https:\/\/schoolaboo.com\/fr\/les-ecoles-sur-la-carte\/\" \/>\n<meta property=\"og:locale\" content=\"fr_FR\" \/>\n<meta property=\"og:type\" content=\"article\" \/>\n<meta property=\"og:title\" content=\"Situation g\u00e9ographique des \u00e9coles priv\u00e9es\" \/>\n<meta property=\"og:description\" content=\"Explore some of the best listings from around the city from our partners and friends.\" \/>\n<meta property=\"og:url\" content=\"https:\/\/schoolaboo.com\/fr\/les-ecoles-sur-la-carte\/\" \/>\n<meta property=\"og:site_name\" content=\"Privatschul Verzeichnis und Beratung\" \/>\n<meta property=\"article:publisher\" content=\"https:\/\/www.facebook.com\/schoolaboo\" \/>\n<meta property=\"article:modified_time\" content=\"2020-12-29T15:26:52+00:00\" \/>\n<meta name=\"twitter:card\" content=\"summary_large_image\" \/>\n<script type=\"application\/ld+json\" class=\"yoast-schema-graph\">{\"@context\":\"https:\\\/\\\/schema.org\",\"@graph\":[{\"@type\":\"WebPage\",\"@id\":\"https:\\\/\\\/schoolaboo.com\\\/fr\\\/les-ecoles-sur-la-carte\\\/\",\"url\":\"https:\\\/\\\/schoolaboo.com\\\/fr\\\/les-ecoles-sur-la-carte\\\/\",\"name\":\"Explore All Listings \u2022 Listable\",\"isPartOf\":{\"@id\":\"https:\\\/\\\/schoolaboo.com\\\/fr\\\/#website\"},\"datePublished\":\"2020-12-14T16:03:01+00:00\",\"dateModified\":\"2020-12-29T15:26:52+00:00\",\"description\":\"Explore some of the best listings from around the city from our partners and friends.\",\"breadcrumb\":{\"@id\":\"https:\\\/\\\/schoolaboo.com\\\/fr\\\/les-ecoles-sur-la-carte\\\/#breadcrumb\"},\"inLanguage\":\"fr-FR\",\"potentialAction\":[{\"@type\":\"ReadAction\",\"target\":[\"https:\\\/\\\/schoolaboo.com\\\/fr\\\/les-ecoles-sur-la-carte\\\/\"]}]},{\"@type\":\"BreadcrumbList\",\"@id\":\"https:\\\/\\\/schoolaboo.com\\\/fr\\\/les-ecoles-sur-la-carte\\\/#breadcrumb\",\"itemListElement\":[{\"@type\":\"ListItem\",\"position\":1,\"name\":\"Startseite\",\"item\":\"https:\\\/\\\/schoolaboo.com\\\/fr\\\/\"},{\"@type\":\"ListItem\",\"position\":2,\"name\":\"Situation g\u00e9ographique des \u00e9coles priv\u00e9es\"}]},{\"@type\":\"WebSite\",\"@id\":\"https:\\\/\\\/schoolaboo.com\\\/fr\\\/#website\",\"url\":\"https:\\\/\\\/schoolaboo.com\\\/fr\\\/\",\"name\":\"schoolaboo Schule suchen und finden\",\"description\":\"Privatschule finden und vergleichen\",\"publisher\":{\"@id\":\"https:\\\/\\\/schoolaboo.com\\\/fr\\\/#organization\"},\"potentialAction\":[{\"@type\":\"SearchAction\",\"target\":{\"@type\":\"EntryPoint\",\"urlTemplate\":\"https:\\\/\\\/schoolaboo.com\\\/fr\\\/?s={search_term_string}\"},\"query-input\":{\"@type\":\"PropertyValueSpecification\",\"valueRequired\":true,\"valueName\":\"search_term_string\"}}],\"inLanguage\":\"fr-FR\"},{\"@type\":\"Organization\",\"@id\":\"https:\\\/\\\/schoolaboo.com\\\/fr\\\/#organization\",\"name\":\"schoolaboo\",\"url\":\"https:\\\/\\\/schoolaboo.com\\\/fr\\\/\",\"logo\":{\"@type\":\"ImageObject\",\"inLanguage\":\"fr-FR\",\"@id\":\"https:\\\/\\\/schoolaboo.com\\\/fr\\\/#\\\/schema\\\/logo\\\/image\\\/\",\"url\":\"https:\\\/\\\/schoolaboo.com\\\/wp-content\\\/uploads\\\/2025\\\/04\\\/schoolaboo_Signet_RGB_pos_72dpi.jpg\",\"contentUrl\":\"https:\\\/\\\/schoolaboo.com\\\/wp-content\\\/uploads\\\/2025\\\/04\\\/schoolaboo_Signet_RGB_pos_72dpi.jpg\",\"width\":262,\"height\":86,\"caption\":\"schoolaboo\"},\"image\":{\"@id\":\"https:\\\/\\\/schoolaboo.com\\\/fr\\\/#\\\/schema\\\/logo\\\/image\\\/\"},\"sameAs\":[\"https:\\\/\\\/www.facebook.com\\\/schoolaboo\",\"https:\\\/\\\/www.linkedin.com\\\/showcase\\\/schoolaboo\"]}]}<\/script>\n<!-- \/ Yoast SEO Premium plugin. -->","yoast_head_json":{"title":"Explore All Listings \u2022 Listable","description":"Explore some of the best listings from around the city from our partners and friends.","robots":{"index":"index","follow":"follow","max-snippet":"max-snippet:-1","max-image-preview":"max-image-preview:large","max-video-preview":"max-video-preview:-1"},"canonical":"https:\/\/schoolaboo.com\/fr\/les-ecoles-sur-la-carte\/","og_locale":"fr_FR","og_type":"article","og_title":"Situation g\u00e9ographique des \u00e9coles priv\u00e9es","og_description":"Explore some of the best listings from around the city from our partners and friends.","og_url":"https:\/\/schoolaboo.com\/fr\/les-ecoles-sur-la-carte\/","og_site_name":"Privatschul Verzeichnis und Beratung","article_publisher":"https:\/\/www.facebook.com\/schoolaboo","article_modified_time":"2020-12-29T15:26:52+00:00","twitter_card":"summary_large_image","schema":{"@context":"https:\/\/schema.org","@graph":[{"@type":"WebPage","@id":"https:\/\/schoolaboo.com\/fr\/les-ecoles-sur-la-carte\/","url":"https:\/\/schoolaboo.com\/fr\/les-ecoles-sur-la-carte\/","name":"Explore All Listings \u2022 Listable","isPartOf":{"@id":"https:\/\/schoolaboo.com\/fr\/#website"},"datePublished":"2020-12-14T16:03:01+00:00","dateModified":"2020-12-29T15:26:52+00:00","description":"Explore some of the best listings from around the city from our partners and friends.","breadcrumb":{"@id":"https:\/\/schoolaboo.com\/fr\/les-ecoles-sur-la-carte\/#breadcrumb"},"inLanguage":"fr-FR","potentialAction":[{"@type":"ReadAction","target":["https:\/\/schoolaboo.com\/fr\/les-ecoles-sur-la-carte\/"]}]},{"@type":"BreadcrumbList","@id":"https:\/\/schoolaboo.com\/fr\/les-ecoles-sur-la-carte\/#breadcrumb","itemListElement":[{"@type":"ListItem","position":1,"name":"Startseite","item":"https:\/\/schoolaboo.com\/fr\/"},{"@type":"ListItem","position":2,"name":"Situation g\u00e9ographique des \u00e9coles priv\u00e9es"}]},{"@type":"WebSite","@id":"https:\/\/schoolaboo.com\/fr\/#website","url":"https:\/\/schoolaboo.com\/fr\/","name":"schoolaboo Schule suchen und finden","description":"Privatschule finden und vergleichen","publisher":{"@id":"https:\/\/schoolaboo.com\/fr\/#organization"},"potentialAction":[{"@type":"SearchAction","target":{"@type":"EntryPoint","urlTemplate":"https:\/\/schoolaboo.com\/fr\/?s={search_term_string}"},"query-input":{"@type":"PropertyValueSpecification","valueRequired":true,"valueName":"search_term_string"}}],"inLanguage":"fr-FR"},{"@type":"Organization","@id":"https:\/\/schoolaboo.com\/fr\/#organization","name":"schoolaboo","url":"https:\/\/schoolaboo.com\/fr\/","logo":{"@type":"ImageObject","inLanguage":"fr-FR","@id":"https:\/\/schoolaboo.com\/fr\/#\/schema\/logo\/image\/","url":"https:\/\/schoolaboo.com\/wp-content\/uploads\/2025\/04\/schoolaboo_Signet_RGB_pos_72dpi.jpg","contentUrl":"https:\/\/schoolaboo.com\/wp-content\/uploads\/2025\/04\/schoolaboo_Signet_RGB_pos_72dpi.jpg","width":262,"height":86,"caption":"schoolaboo"},"image":{"@id":"https:\/\/schoolaboo.com\/fr\/#\/schema\/logo\/image\/"},"sameAs":["https:\/\/www.facebook.com\/schoolaboo","https:\/\/www.linkedin.com\/showcase\/schoolaboo"]}]}},"_links":{"self":[{"href":"https:\/\/schoolaboo.com\/fr\/wp-json\/wp\/v2\/pages\/23685","targetHints":{"allow":["GET"]}}],"collection":[{"href":"https:\/\/schoolaboo.com\/fr\/wp-json\/wp\/v2\/pages"}],"about":[{"href":"https:\/\/schoolaboo.com\/fr\/wp-json\/wp\/v2\/types\/page"}],"author":[{"embeddable":true,"href":"https:\/\/schoolaboo.com\/fr\/wp-json\/wp\/v2\/users\/2"}],"replies":[{"embeddable":true,"href":"https:\/\/schoolaboo.com\/fr\/wp-json\/wp\/v2\/comments?post=23685"}],"version-history":[{"count":3,"href":"https:\/\/schoolaboo.com\/fr\/wp-json\/wp\/v2\/pages\/23685\/revisions"}],"predecessor-version":[{"id":24205,"href":"https:\/\/schoolaboo.com\/fr\/wp-json\/wp\/v2\/pages\/23685\/revisions\/24205"}],"wp:attachment":[{"href":"https:\/\/schoolaboo.com\/fr\/wp-json\/wp\/v2\/media?parent=23685"}],"curies":[{"name":"wp","href":"https:\/\/api.w.org\/{rel}","templated":true}]}}