{"id":23672,"date":"2020-12-14T16:12:30","date_gmt":"2020-12-14T15:12:30","guid":{"rendered":"https:\/\/schoolaboo.ch\/conseils-pour-les-parents-et-les-jeunes\/"},"modified":"2020-12-14T16:12:30","modified_gmt":"2020-12-14T15:12:30","slug":"conseils-pour-les-parents-et-les-jeunes","status":"publish","type":"page","link":"https:\/\/schoolaboo.com\/fr\/conseils-pour-les-parents-et-les-jeunes\/","title":{"rendered":"Conseils pour les parents et les jeunes"},"content":{"rendered":"<div class=\"twocolumn\">\n<p><strong>Pour les enfants et adolescents<\/strong><br \/>\nL&rsquo;art du mentorat consiste \u00e0 donner \u00e0 la personne accompagn\u00e9e tous les instruments lui permettant de r\u00e9soudre un probl\u00e8me elle-m\u00eame ou suivre le mode de vie qui lui convient. Cela s&rsquo;applique tant au parcours \u00e9ducatif individuel qu&rsquo;aux d\u00e9fis de la vie quotidienne.<\/p>\n<p>Au cours de la conversation, le mentor d\u00e9couvre quel type d&rsquo;apprentissage s&rsquo;applique \u00e0 l&rsquo;enfant et quels sont ses souhaits. De cette mani\u00e8re, l&rsquo;enfant pourra entrer dans une \u00e9cole qui tiendra compte de ces points et restera motiv\u00e9 tout au long de sa scolarit\u00e9.<\/p>\n<p><strong>Pour les parents<\/strong><br \/>\nLe paysage \u00e9ducatif suisse compte un grand nombre d&rsquo;\u00e9tablissements d&rsquo;enseignement offrant toute une diversit\u00e9 de cours et d&rsquo;approches didactiques. C&rsquo;est pourquoi, les parents ont des difficult\u00e9s \u00e0 choisir l&rsquo;\u00e9cole \u00e0 m\u00eame de promouvoir au mieux les talents et les comp\u00e9tences de leurs enfants. Milan Schmed, votre interlocuteur chez schoolaboo, vous indiquera, par le biais du mentorat, quel sera l\u2019\u00e9tablissement qui conviendra le mieux \u00e0 votre enfant.<\/p>\n<p><span class=\"alignnone\"><img loading=\"lazy\" decoding=\"async\" class=\"alignnone size-medium wp-image-23668\" src=\"https:\/\/schoolaboo.com\/wp-content\/uploads\/2020\/09\/Bewerbung-300x283.jpg\" alt=\"\" width=\"300\" height=\"283\" srcset=\"https:\/\/schoolaboo.com\/wp-content\/uploads\/2020\/09\/Bewerbung-300x283.jpg 300w, https:\/\/schoolaboo.com\/wp-content\/uploads\/2020\/09\/Bewerbung-1024x965.jpg 1024w, https:\/\/schoolaboo.com\/wp-content\/uploads\/2020\/09\/Bewerbung-768x724.jpg 768w, https:\/\/schoolaboo.com\/wp-content\/uploads\/2020\/09\/Bewerbung-1536x1447.jpg 1536w, https:\/\/schoolaboo.com\/wp-content\/uploads\/2020\/09\/Bewerbung-2048x1929.jpg 2048w, https:\/\/schoolaboo.com\/wp-content\/uploads\/2020\/09\/Bewerbung-450x424.jpg 450w, https:\/\/schoolaboo.com\/wp-content\/uploads\/2020\/09\/Bewerbung-849x800.jpg 849w\" sizes=\"auto, (max-width: 300px) 100vw, 300px\" \/><\/span><\/p>\n<p><strong>Milan Schmed, votre interlocuteur<\/strong><br \/>\nCharg\u00e9 de cours et enseignant dans la formation professionnelle exp\u00e9riment\u00e9, il oscille quotidiennement entre la r\u00e9alit\u00e9 scolaire et sa vision d&rsquo;une \u00e9ducation orient\u00e9e vers l&rsquo;avenir. Ses \u00e9l\u00e8ves appr\u00e9cient beaucoup sa fa\u00e7on d&rsquo;utiliser les moyens num\u00e9riques pour rendre l&rsquo;enseignement vari\u00e9 et motivant. Natif num\u00e9rique faisant partie de la g\u00e9n\u00e9ration Y, il est \u00e0 l&rsquo;aise dans l&rsquo;exploration et l&rsquo;utilisation du num\u00e9rique et sait int\u00e9grer de mani\u00e8re fructueuse \u00e0 ses le\u00e7ons, les m\u00e9thodes \u00e9prouv\u00e9es jusqu&rsquo;\u00e0 aujourd&rsquo;hui.<\/p>\n<p>Charg\u00e9 de cours dans diff\u00e9rentes hautes \u00e9coles p\u00e9dagogiques, Milan Schmed conna\u00eet parfaitement le paysage et les syst\u00e8mes scolaires suisses. Il a des connaissances approfondies des th\u00e8mes aff\u00e9rents \u00e0 la psychologie du d\u00e9veloppement et des derniers r\u00e9sultats de la recherche didactique. Il est donc en mesure de proposer un soutien aux \u00e9coles et aux parents en ce qui concerne la vie scolaire quotidienne et l&rsquo;avenir scolaire, respectivement de conseiller les parents dans le choix optimal d&rsquo;une \u00e9cole pour leurs enfants. Dans sa fonction de mentor pour les jeunes, il accompagne les enfants et les adolescents dans leurs difficult\u00e9s personnelles ou scolaires.<\/p>\n<p>Veuillez me contacter ! <a href=\"mailto: milan@schoolaboo.ch\">milan@schoolaboo.ch<\/a><\/p>\n<\/div>\n","protected":false},"excerpt":{"rendered":"<p>Pour les enfants et adolescents L&rsquo;art du mentorat consiste \u00e0 donner \u00e0 la personne accompagn\u00e9e tous les instruments lui permettant de r\u00e9soudre un probl\u00e8me elle-m\u00eame ou suivre le mode de vie qui lui convient. Cela s&rsquo;applique tant au parcours \u00e9ducatif individuel qu&rsquo;aux d\u00e9fis de la vie quotidienne. Au cours de la conversation, le mentor d\u00e9couvre [&hellip;]<\/p>\n","protected":false},"author":2,"featured_media":0,"parent":0,"menu_order":0,"comment_status":"closed","ping_status":"closed","template":"","meta":{"content-type":"","footnotes":""},"class_list":["post-23672","page","type-page","status-publish","hentry"],"yoast_head":"<!-- This site is optimized with the Yoast SEO Premium plugin v23.3 (Yoast SEO v27.4) - https:\/\/yoast.com\/product\/yoast-seo-premium-wordpress\/ -->\n<title>Conseils pour les parents et les jeunes - Privatschul Verzeichnis und Beratung<\/title>\n<meta name=\"robots\" content=\"index, follow, max-snippet:-1, max-image-preview:large, max-video-preview:-1\" \/>\n<link rel=\"canonical\" href=\"https:\/\/schoolaboo.com\/fr\/conseils-pour-les-parents-et-les-jeunes\/\" \/>\n<meta property=\"og:locale\" content=\"fr_FR\" \/>\n<meta property=\"og:type\" content=\"article\" \/>\n<meta property=\"og:title\" content=\"Conseils pour les parents et les jeunes\" \/>\n<meta property=\"og:description\" content=\"Pour les enfants et adolescents L&rsquo;art du mentorat consiste \u00e0 donner \u00e0 la personne accompagn\u00e9e tous les instruments lui permettant de r\u00e9soudre un probl\u00e8me elle-m\u00eame ou suivre le mode de vie qui lui convient. Cela s&rsquo;applique tant au parcours \u00e9ducatif individuel qu&rsquo;aux d\u00e9fis de la vie quotidienne. Au cours de la conversation, le mentor d\u00e9couvre [&hellip;]\" \/>\n<meta property=\"og:url\" content=\"https:\/\/schoolaboo.com\/fr\/conseils-pour-les-parents-et-les-jeunes\/\" \/>\n<meta property=\"og:site_name\" content=\"Privatschul Verzeichnis und Beratung\" \/>\n<meta property=\"article:publisher\" content=\"https:\/\/www.facebook.com\/schoolaboo\" \/>\n<meta property=\"og:image\" content=\"https:\/\/schoolaboo.com\/wp-content\/uploads\/2020\/09\/Bewerbung-300x283.jpg\" \/>\n<meta name=\"twitter:card\" content=\"summary_large_image\" \/>\n<meta name=\"twitter:label1\" content=\"Dur\u00e9e de lecture estim\u00e9e\" \/>\n\t<meta name=\"twitter:data1\" content=\"2 minutes\" \/>\n<script type=\"application\/ld+json\" class=\"yoast-schema-graph\">{\"@context\":\"https:\\\/\\\/schema.org\",\"@graph\":[{\"@type\":\"WebPage\",\"@id\":\"https:\\\/\\\/schoolaboo.com\\\/fr\\\/conseils-pour-les-parents-et-les-jeunes\\\/\",\"url\":\"https:\\\/\\\/schoolaboo.com\\\/fr\\\/conseils-pour-les-parents-et-les-jeunes\\\/\",\"name\":\"Conseils pour les parents et les jeunes - Privatschul Verzeichnis und Beratung\",\"isPartOf\":{\"@id\":\"https:\\\/\\\/schoolaboo.com\\\/fr\\\/#website\"},\"primaryImageOfPage\":{\"@id\":\"https:\\\/\\\/schoolaboo.com\\\/fr\\\/conseils-pour-les-parents-et-les-jeunes\\\/#primaryimage\"},\"image\":{\"@id\":\"https:\\\/\\\/schoolaboo.com\\\/fr\\\/conseils-pour-les-parents-et-les-jeunes\\\/#primaryimage\"},\"thumbnailUrl\":\"https:\\\/\\\/schoolaboo.com\\\/wp-content\\\/uploads\\\/2020\\\/09\\\/Bewerbung-300x283.jpg\",\"datePublished\":\"2020-12-14T15:12:30+00:00\",\"breadcrumb\":{\"@id\":\"https:\\\/\\\/schoolaboo.com\\\/fr\\\/conseils-pour-les-parents-et-les-jeunes\\\/#breadcrumb\"},\"inLanguage\":\"fr-FR\",\"potentialAction\":[{\"@type\":\"ReadAction\",\"target\":[\"https:\\\/\\\/schoolaboo.com\\\/fr\\\/conseils-pour-les-parents-et-les-jeunes\\\/\"]}]},{\"@type\":\"ImageObject\",\"inLanguage\":\"fr-FR\",\"@id\":\"https:\\\/\\\/schoolaboo.com\\\/fr\\\/conseils-pour-les-parents-et-les-jeunes\\\/#primaryimage\",\"url\":\"https:\\\/\\\/schoolaboo.com\\\/wp-content\\\/uploads\\\/2020\\\/09\\\/Bewerbung-300x283.jpg\",\"contentUrl\":\"https:\\\/\\\/schoolaboo.com\\\/wp-content\\\/uploads\\\/2020\\\/09\\\/Bewerbung-300x283.jpg\"},{\"@type\":\"BreadcrumbList\",\"@id\":\"https:\\\/\\\/schoolaboo.com\\\/fr\\\/conseils-pour-les-parents-et-les-jeunes\\\/#breadcrumb\",\"itemListElement\":[{\"@type\":\"ListItem\",\"position\":1,\"name\":\"Startseite\",\"item\":\"https:\\\/\\\/schoolaboo.com\\\/fr\\\/\"},{\"@type\":\"ListItem\",\"position\":2,\"name\":\"Conseils pour les parents et les jeunes\"}]},{\"@type\":\"WebSite\",\"@id\":\"https:\\\/\\\/schoolaboo.com\\\/fr\\\/#website\",\"url\":\"https:\\\/\\\/schoolaboo.com\\\/fr\\\/\",\"name\":\"schoolaboo Schule suchen und finden\",\"description\":\"Privatschule finden und vergleichen\",\"publisher\":{\"@id\":\"https:\\\/\\\/schoolaboo.com\\\/fr\\\/#organization\"},\"potentialAction\":[{\"@type\":\"SearchAction\",\"target\":{\"@type\":\"EntryPoint\",\"urlTemplate\":\"https:\\\/\\\/schoolaboo.com\\\/fr\\\/?s={search_term_string}\"},\"query-input\":{\"@type\":\"PropertyValueSpecification\",\"valueRequired\":true,\"valueName\":\"search_term_string\"}}],\"inLanguage\":\"fr-FR\"},{\"@type\":\"Organization\",\"@id\":\"https:\\\/\\\/schoolaboo.com\\\/fr\\\/#organization\",\"name\":\"schoolaboo\",\"url\":\"https:\\\/\\\/schoolaboo.com\\\/fr\\\/\",\"logo\":{\"@type\":\"ImageObject\",\"inLanguage\":\"fr-FR\",\"@id\":\"https:\\\/\\\/schoolaboo.com\\\/fr\\\/#\\\/schema\\\/logo\\\/image\\\/\",\"url\":\"https:\\\/\\\/schoolaboo.com\\\/wp-content\\\/uploads\\\/2025\\\/04\\\/schoolaboo_Signet_RGB_pos_72dpi.jpg\",\"contentUrl\":\"https:\\\/\\\/schoolaboo.com\\\/wp-content\\\/uploads\\\/2025\\\/04\\\/schoolaboo_Signet_RGB_pos_72dpi.jpg\",\"width\":262,\"height\":86,\"caption\":\"schoolaboo\"},\"image\":{\"@id\":\"https:\\\/\\\/schoolaboo.com\\\/fr\\\/#\\\/schema\\\/logo\\\/image\\\/\"},\"sameAs\":[\"https:\\\/\\\/www.facebook.com\\\/schoolaboo\",\"https:\\\/\\\/www.linkedin.com\\\/showcase\\\/schoolaboo\"]}]}<\/script>\n<!-- \/ Yoast SEO Premium plugin. -->","yoast_head_json":{"title":"Conseils pour les parents et les jeunes - Privatschul Verzeichnis und Beratung","robots":{"index":"index","follow":"follow","max-snippet":"max-snippet:-1","max-image-preview":"max-image-preview:large","max-video-preview":"max-video-preview:-1"},"canonical":"https:\/\/schoolaboo.com\/fr\/conseils-pour-les-parents-et-les-jeunes\/","og_locale":"fr_FR","og_type":"article","og_title":"Conseils pour les parents et les jeunes","og_description":"Pour les enfants et adolescents L&rsquo;art du mentorat consiste \u00e0 donner \u00e0 la personne accompagn\u00e9e tous les instruments lui permettant de r\u00e9soudre un probl\u00e8me elle-m\u00eame ou suivre le mode de vie qui lui convient. Cela s&rsquo;applique tant au parcours \u00e9ducatif individuel qu&rsquo;aux d\u00e9fis de la vie quotidienne. Au cours de la conversation, le mentor d\u00e9couvre [&hellip;]","og_url":"https:\/\/schoolaboo.com\/fr\/conseils-pour-les-parents-et-les-jeunes\/","og_site_name":"Privatschul Verzeichnis und Beratung","article_publisher":"https:\/\/www.facebook.com\/schoolaboo","og_image":[{"url":"https:\/\/schoolaboo.com\/wp-content\/uploads\/2020\/09\/Bewerbung-300x283.jpg","type":"","width":"","height":""}],"twitter_card":"summary_large_image","twitter_misc":{"Dur\u00e9e de lecture estim\u00e9e":"2 minutes"},"schema":{"@context":"https:\/\/schema.org","@graph":[{"@type":"WebPage","@id":"https:\/\/schoolaboo.com\/fr\/conseils-pour-les-parents-et-les-jeunes\/","url":"https:\/\/schoolaboo.com\/fr\/conseils-pour-les-parents-et-les-jeunes\/","name":"Conseils pour les parents et les jeunes - Privatschul Verzeichnis und Beratung","isPartOf":{"@id":"https:\/\/schoolaboo.com\/fr\/#website"},"primaryImageOfPage":{"@id":"https:\/\/schoolaboo.com\/fr\/conseils-pour-les-parents-et-les-jeunes\/#primaryimage"},"image":{"@id":"https:\/\/schoolaboo.com\/fr\/conseils-pour-les-parents-et-les-jeunes\/#primaryimage"},"thumbnailUrl":"https:\/\/schoolaboo.com\/wp-content\/uploads\/2020\/09\/Bewerbung-300x283.jpg","datePublished":"2020-12-14T15:12:30+00:00","breadcrumb":{"@id":"https:\/\/schoolaboo.com\/fr\/conseils-pour-les-parents-et-les-jeunes\/#breadcrumb"},"inLanguage":"fr-FR","potentialAction":[{"@type":"ReadAction","target":["https:\/\/schoolaboo.com\/fr\/conseils-pour-les-parents-et-les-jeunes\/"]}]},{"@type":"ImageObject","inLanguage":"fr-FR","@id":"https:\/\/schoolaboo.com\/fr\/conseils-pour-les-parents-et-les-jeunes\/#primaryimage","url":"https:\/\/schoolaboo.com\/wp-content\/uploads\/2020\/09\/Bewerbung-300x283.jpg","contentUrl":"https:\/\/schoolaboo.com\/wp-content\/uploads\/2020\/09\/Bewerbung-300x283.jpg"},{"@type":"BreadcrumbList","@id":"https:\/\/schoolaboo.com\/fr\/conseils-pour-les-parents-et-les-jeunes\/#breadcrumb","itemListElement":[{"@type":"ListItem","position":1,"name":"Startseite","item":"https:\/\/schoolaboo.com\/fr\/"},{"@type":"ListItem","position":2,"name":"Conseils pour les parents et les jeunes"}]},{"@type":"WebSite","@id":"https:\/\/schoolaboo.com\/fr\/#website","url":"https:\/\/schoolaboo.com\/fr\/","name":"schoolaboo Schule suchen und finden","description":"Privatschule finden und vergleichen","publisher":{"@id":"https:\/\/schoolaboo.com\/fr\/#organization"},"potentialAction":[{"@type":"SearchAction","target":{"@type":"EntryPoint","urlTemplate":"https:\/\/schoolaboo.com\/fr\/?s={search_term_string}"},"query-input":{"@type":"PropertyValueSpecification","valueRequired":true,"valueName":"search_term_string"}}],"inLanguage":"fr-FR"},{"@type":"Organization","@id":"https:\/\/schoolaboo.com\/fr\/#organization","name":"schoolaboo","url":"https:\/\/schoolaboo.com\/fr\/","logo":{"@type":"ImageObject","inLanguage":"fr-FR","@id":"https:\/\/schoolaboo.com\/fr\/#\/schema\/logo\/image\/","url":"https:\/\/schoolaboo.com\/wp-content\/uploads\/2025\/04\/schoolaboo_Signet_RGB_pos_72dpi.jpg","contentUrl":"https:\/\/schoolaboo.com\/wp-content\/uploads\/2025\/04\/schoolaboo_Signet_RGB_pos_72dpi.jpg","width":262,"height":86,"caption":"schoolaboo"},"image":{"@id":"https:\/\/schoolaboo.com\/fr\/#\/schema\/logo\/image\/"},"sameAs":["https:\/\/www.facebook.com\/schoolaboo","https:\/\/www.linkedin.com\/showcase\/schoolaboo"]}]}},"_links":{"self":[{"href":"https:\/\/schoolaboo.com\/fr\/wp-json\/wp\/v2\/pages\/23672","targetHints":{"allow":["GET"]}}],"collection":[{"href":"https:\/\/schoolaboo.com\/fr\/wp-json\/wp\/v2\/pages"}],"about":[{"href":"https:\/\/schoolaboo.com\/fr\/wp-json\/wp\/v2\/types\/page"}],"author":[{"embeddable":true,"href":"https:\/\/schoolaboo.com\/fr\/wp-json\/wp\/v2\/users\/2"}],"replies":[{"embeddable":true,"href":"https:\/\/schoolaboo.com\/fr\/wp-json\/wp\/v2\/comments?post=23672"}],"version-history":[{"count":0,"href":"https:\/\/schoolaboo.com\/fr\/wp-json\/wp\/v2\/pages\/23672\/revisions"}],"wp:attachment":[{"href":"https:\/\/schoolaboo.com\/fr\/wp-json\/wp\/v2\/media?parent=23672"}],"curies":[{"name":"wp","href":"https:\/\/api.w.org\/{rel}","templated":true}]}}