{"id":24498,"date":"2021-01-06T10:25:58","date_gmt":"2021-01-06T09:25:58","guid":{"rendered":"https:\/\/schoolaboo.ch\/consultoria-estrategica-para-escuelas\/"},"modified":"2021-02-16T15:48:37","modified_gmt":"2021-02-16T14:48:37","slug":"consultoria-estrategica-para-escuelas","status":"publish","type":"page","link":"https:\/\/schoolaboo.com\/es\/consultoria-estrategica-para-escuelas\/","title":{"rendered":"Consultor\u00eda estrat\u00e9gica para escuelas"},"content":{"rendered":"<h2>Tu escuela en la plataforma de la schoolaboo<\/h2>\n<p>\u00bfSu escuela no est\u00e1 a\u00fan representada en la plataforma o a\u00fan no est\u00e1 aprobada? Por favor, cont\u00e1ctenos. Estaremos encantados de aconsejarle individualmente.<\/p>\n<h2>Una estrategia exitosa para su escuela<\/h2>\n<p>\u00bfSe pregunta qu\u00e9 le depara el futuro a su escuela en los pr\u00f3ximos cinco a\u00f1os?<br \/>\nEn el intenso ritmo de la vida cotidiana y en vista de los muchos cambios, a veces no hay tiempo suficiente para una visi\u00f3n a largo plazo. Aprovechar nuestros conocimientos adquiridos al trabajar con las PYMES en una amplia gama de sectores. Nos ayuda a llegar al punto r\u00e1pidamente juntos y a hablar de soluciones.<\/p>\n<h2>Su contacto para preguntas<\/h2>\n<div class=\"twocolumn\">\n<p><span class=\"alignnone\"><img loading=\"lazy\" decoding=\"async\" class=\"alignnone wp-image-24499 size-medium\" style=\"color: inherit; font-family: inherit; font-size: inherit;\" src=\"https:\/\/schoolaboo.com\/wp-content\/uploads\/2020\/10\/kpc-7472-1-300x300.jpg\" alt=\"\" width=\"300\" height=\"300\" \/><\/span><br \/>\n<strong>La Dra. Nicole Wenger-Schubiger<\/strong><br \/>\nDurante su trabajo como asistente de investigaci\u00f3n en el Instituto de Marketing y Comercio de la Universidad de St. Gallen (HSG), fue responsable del contenido y la administraci\u00f3n de varios cursos. Sus tareas en el \u00e1rea de ense\u00f1anza\/asistencia tambi\u00e9n incluyeron la nueva concepci\u00f3n de la ense\u00f1anza en el contexto de la Reforma de Bolonia. Como consultora, ha reposicionado muchas empresas en los \u00faltimos 20 a\u00f1os, incluyendo un instituto de la Universidad de St. Gallen, una escuela de idiomas y varios proveedores de educaci\u00f3n privada en el mercado y dise\u00f1\u00f3 sus medidas de marketing y comunicaci\u00f3n.<\/p>\n<p>La Dra. Nicole Wenger-Schubiger sabe por su propia experiencia y por las entrevistas con los padres lo que los padres esperan de una escuela y cu\u00e1les son sus necesidades con respecto a la educaci\u00f3n de sus hijos. Transmite estos conocimientos a las escuelas como parte de sus consultas y, si es necesario, optimiza no s\u00f3lo su posicionamiento en el mercado, sino tambi\u00e9n su presencia en el mismo.<br \/>\nCont\u00e1ctame: <a href=\"mailto:nicole@schoolaboo.ch\" target=\"_blank\" rel=\"noopener noreferrer\">nicole@schoolaboo.ch<\/a><\/p>\n<p><span class=\"alignnone\"><img loading=\"lazy\" decoding=\"async\" class=\"alignnone wp-image-24253 \" src=\"https:\/\/schoolaboo.com\/wp-content\/uploads\/2020\/09\/Bewerbung-300x283.jpg\" alt=\"\" width=\"311\" height=\"293\" srcset=\"https:\/\/schoolaboo.com\/wp-content\/uploads\/2020\/09\/Bewerbung-300x283.jpg 300w, https:\/\/schoolaboo.com\/wp-content\/uploads\/2020\/09\/Bewerbung-1024x965.jpg 1024w, https:\/\/schoolaboo.com\/wp-content\/uploads\/2020\/09\/Bewerbung-768x724.jpg 768w, https:\/\/schoolaboo.com\/wp-content\/uploads\/2020\/09\/Bewerbung-1536x1447.jpg 1536w, https:\/\/schoolaboo.com\/wp-content\/uploads\/2020\/09\/Bewerbung-2048x1929.jpg 2048w, https:\/\/schoolaboo.com\/wp-content\/uploads\/2020\/09\/Bewerbung-450x424.jpg 450w, https:\/\/schoolaboo.com\/wp-content\/uploads\/2020\/09\/Bewerbung-849x800.jpg 849w\" sizes=\"auto, (max-width: 311px) 100vw, 311px\" \/><\/span><br \/>\n<strong style=\"color: inherit; font-family: inherit; font-size: inherit;\">Milan Schmed<br \/>\n<\/strong><span style=\"color: inherit; font-family: inherit; font-size: inherit;\">El experimentado profesor y maestro de escuela profesional se mueve diariamente en el campo de la controversia entre la realidad escolar y su idea de una educaci\u00f3n orientada al futuro. Sus estudiantes est\u00e1n entusiasmados con su forma de utilizar los medios digitales para hacer las lecciones variadas y motivadoras. Como parte de la Generaci\u00f3n Y y como nativo digital, Schmed est\u00e1 abierto a explorar las posibilidades que estas herramientas ofrecen de una manera significativa. Al hacerlo, no se olvida de incorporar m\u00e9todos probados y comprobados en sus lecciones. <\/span><\/p>\n<p>Milan Schmed conoce muy bien el paisaje escolar suizo y el sistema escolar suizo, entre otras cosas como profesor en varias escuelas de formaci\u00f3n de profesores.\u00a0 Por lo tanto, ofrece a las escuelas y a los padres apoyo en cuestiones de la vida escolar cotidiana y el futuro de la escuela, y en la elecci\u00f3n \u00f3ptima de la escuela para sus hijos. Adem\u00e1s, asesora a ni\u00f1os y j\u00f3venes con dificultades personales y acad\u00e9micas como coach de j\u00f3venes.<br \/>\n<span style=\"color: inherit; font-family: inherit; font-size: inherit;\">Cont\u00e1ctame: <\/span><a style=\"font-family: inherit; font-size: inherit;\" href=\"mailto:nicole@schoolaboo.ch\" target=\"_blank\" rel=\"noopener noreferrer\">milan@schoolaboo.ch<\/a><\/p>\n<\/div>\n","protected":false},"excerpt":{"rendered":"<p>Tu escuela en la plataforma de la schoolaboo \u00bfSu escuela no est\u00e1 a\u00fan representada en la plataforma o a\u00fan no est\u00e1 aprobada? Por favor, cont\u00e1ctenos. Estaremos encantados de aconsejarle individualmente. Una estrategia exitosa para su escuela \u00bfSe pregunta qu\u00e9 le depara el futuro a su escuela en los pr\u00f3ximos cinco a\u00f1os? En el intenso ritmo [&hellip;]<\/p>\n","protected":false},"author":6,"featured_media":24509,"parent":0,"menu_order":0,"comment_status":"closed","ping_status":"closed","template":"","meta":{"content-type":"","footnotes":""},"class_list":["post-24498","page","type-page","status-publish","has-post-thumbnail","hentry"],"yoast_head":"<!-- This site is optimized with the Yoast SEO Premium plugin v23.3 (Yoast SEO v27.4) - https:\/\/yoast.com\/product\/yoast-seo-premium-wordpress\/ -->\n<title>Consultor\u00eda estrat\u00e9gica para escuelas - Privatschul Verzeichnis und Beratung<\/title>\n<meta name=\"robots\" content=\"index, follow, max-snippet:-1, max-image-preview:large, max-video-preview:-1\" \/>\n<link rel=\"canonical\" href=\"https:\/\/schoolaboo.com\/es\/consultoria-estrategica-para-escuelas\/\" \/>\n<meta property=\"og:locale\" content=\"es_ES\" \/>\n<meta property=\"og:type\" content=\"article\" \/>\n<meta property=\"og:title\" content=\"Consultor\u00eda estrat\u00e9gica para escuelas\" \/>\n<meta property=\"og:description\" content=\"Tu escuela en la plataforma de la schoolaboo \u00bfSu escuela no est\u00e1 a\u00fan representada en la plataforma o a\u00fan no est\u00e1 aprobada? Por favor, cont\u00e1ctenos. Estaremos encantados de aconsejarle individualmente. Una estrategia exitosa para su escuela \u00bfSe pregunta qu\u00e9 le depara el futuro a su escuela en los pr\u00f3ximos cinco a\u00f1os? En el intenso ritmo [&hellip;]\" \/>\n<meta property=\"og:url\" content=\"https:\/\/schoolaboo.com\/es\/consultoria-estrategica-para-escuelas\/\" \/>\n<meta property=\"og:site_name\" content=\"Privatschul Verzeichnis und Beratung\" \/>\n<meta property=\"article:publisher\" content=\"https:\/\/www.facebook.com\/schoolaboo\" \/>\n<meta property=\"article:modified_time\" content=\"2021-02-16T14:48:37+00:00\" \/>\n<meta property=\"og:image\" content=\"https:\/\/schoolaboo.com\/wp-content\/uploads\/2020\/09\/GEB7306a-scaled.jpg\" \/>\n\t<meta property=\"og:image:width\" content=\"2560\" \/>\n\t<meta property=\"og:image:height\" content=\"1694\" \/>\n\t<meta property=\"og:image:type\" content=\"image\/jpeg\" \/>\n<meta name=\"twitter:card\" content=\"summary_large_image\" \/>\n<meta name=\"twitter:label1\" content=\"Tiempo de lectura\" \/>\n\t<meta name=\"twitter:data1\" content=\"3 minutos\" \/>\n<script type=\"application\/ld+json\" class=\"yoast-schema-graph\">{\"@context\":\"https:\\\/\\\/schema.org\",\"@graph\":[{\"@type\":\"WebPage\",\"@id\":\"https:\\\/\\\/schoolaboo.com\\\/es\\\/consultoria-estrategica-para-escuelas\\\/\",\"url\":\"https:\\\/\\\/schoolaboo.com\\\/es\\\/consultoria-estrategica-para-escuelas\\\/\",\"name\":\"Consultor\u00eda estrat\u00e9gica para escuelas - Privatschul Verzeichnis und Beratung\",\"isPartOf\":{\"@id\":\"https:\\\/\\\/schoolaboo.com\\\/es\\\/#website\"},\"primaryImageOfPage\":{\"@id\":\"https:\\\/\\\/schoolaboo.com\\\/es\\\/consultoria-estrategica-para-escuelas\\\/#primaryimage\"},\"image\":{\"@id\":\"https:\\\/\\\/schoolaboo.com\\\/es\\\/consultoria-estrategica-para-escuelas\\\/#primaryimage\"},\"thumbnailUrl\":\"https:\\\/\\\/schoolaboo.com\\\/wp-content\\\/uploads\\\/2020\\\/09\\\/GEB7306a-scaled.jpg\",\"datePublished\":\"2021-01-06T09:25:58+00:00\",\"dateModified\":\"2021-02-16T14:48:37+00:00\",\"breadcrumb\":{\"@id\":\"https:\\\/\\\/schoolaboo.com\\\/es\\\/consultoria-estrategica-para-escuelas\\\/#breadcrumb\"},\"inLanguage\":\"es\",\"potentialAction\":[{\"@type\":\"ReadAction\",\"target\":[\"https:\\\/\\\/schoolaboo.com\\\/es\\\/consultoria-estrategica-para-escuelas\\\/\"]}]},{\"@type\":\"ImageObject\",\"inLanguage\":\"es\",\"@id\":\"https:\\\/\\\/schoolaboo.com\\\/es\\\/consultoria-estrategica-para-escuelas\\\/#primaryimage\",\"url\":\"https:\\\/\\\/schoolaboo.com\\\/wp-content\\\/uploads\\\/2020\\\/09\\\/GEB7306a-scaled.jpg\",\"contentUrl\":\"https:\\\/\\\/schoolaboo.com\\\/wp-content\\\/uploads\\\/2020\\\/09\\\/GEB7306a-scaled.jpg\",\"width\":2560,\"height\":1694},{\"@type\":\"BreadcrumbList\",\"@id\":\"https:\\\/\\\/schoolaboo.com\\\/es\\\/consultoria-estrategica-para-escuelas\\\/#breadcrumb\",\"itemListElement\":[{\"@type\":\"ListItem\",\"position\":1,\"name\":\"Startseite\",\"item\":\"https:\\\/\\\/schoolaboo.com\\\/es\\\/\"},{\"@type\":\"ListItem\",\"position\":2,\"name\":\"Consultor\u00eda estrat\u00e9gica para escuelas\"}]},{\"@type\":\"WebSite\",\"@id\":\"https:\\\/\\\/schoolaboo.com\\\/es\\\/#website\",\"url\":\"https:\\\/\\\/schoolaboo.com\\\/es\\\/\",\"name\":\"schoolaboo Schule suchen und finden\",\"description\":\"Privatschule finden und vergleichen\",\"publisher\":{\"@id\":\"https:\\\/\\\/schoolaboo.com\\\/es\\\/#organization\"},\"potentialAction\":[{\"@type\":\"SearchAction\",\"target\":{\"@type\":\"EntryPoint\",\"urlTemplate\":\"https:\\\/\\\/schoolaboo.com\\\/es\\\/?s={search_term_string}\"},\"query-input\":{\"@type\":\"PropertyValueSpecification\",\"valueRequired\":true,\"valueName\":\"search_term_string\"}}],\"inLanguage\":\"es\"},{\"@type\":\"Organization\",\"@id\":\"https:\\\/\\\/schoolaboo.com\\\/es\\\/#organization\",\"name\":\"schoolaboo\",\"url\":\"https:\\\/\\\/schoolaboo.com\\\/es\\\/\",\"logo\":{\"@type\":\"ImageObject\",\"inLanguage\":\"es\",\"@id\":\"https:\\\/\\\/schoolaboo.com\\\/es\\\/#\\\/schema\\\/logo\\\/image\\\/\",\"url\":\"https:\\\/\\\/schoolaboo.com\\\/wp-content\\\/uploads\\\/2025\\\/04\\\/schoolaboo_Signet_RGB_pos_72dpi.jpg\",\"contentUrl\":\"https:\\\/\\\/schoolaboo.com\\\/wp-content\\\/uploads\\\/2025\\\/04\\\/schoolaboo_Signet_RGB_pos_72dpi.jpg\",\"width\":262,\"height\":86,\"caption\":\"schoolaboo\"},\"image\":{\"@id\":\"https:\\\/\\\/schoolaboo.com\\\/es\\\/#\\\/schema\\\/logo\\\/image\\\/\"},\"sameAs\":[\"https:\\\/\\\/www.facebook.com\\\/schoolaboo\",\"https:\\\/\\\/www.linkedin.com\\\/showcase\\\/schoolaboo\"]}]}<\/script>\n<!-- \/ Yoast SEO Premium plugin. -->","yoast_head_json":{"title":"Consultor\u00eda estrat\u00e9gica para escuelas - Privatschul Verzeichnis und Beratung","robots":{"index":"index","follow":"follow","max-snippet":"max-snippet:-1","max-image-preview":"max-image-preview:large","max-video-preview":"max-video-preview:-1"},"canonical":"https:\/\/schoolaboo.com\/es\/consultoria-estrategica-para-escuelas\/","og_locale":"es_ES","og_type":"article","og_title":"Consultor\u00eda estrat\u00e9gica para escuelas","og_description":"Tu escuela en la plataforma de la schoolaboo \u00bfSu escuela no est\u00e1 a\u00fan representada en la plataforma o a\u00fan no est\u00e1 aprobada? Por favor, cont\u00e1ctenos. Estaremos encantados de aconsejarle individualmente. Una estrategia exitosa para su escuela \u00bfSe pregunta qu\u00e9 le depara el futuro a su escuela en los pr\u00f3ximos cinco a\u00f1os? En el intenso ritmo [&hellip;]","og_url":"https:\/\/schoolaboo.com\/es\/consultoria-estrategica-para-escuelas\/","og_site_name":"Privatschul Verzeichnis und Beratung","article_publisher":"https:\/\/www.facebook.com\/schoolaboo","article_modified_time":"2021-02-16T14:48:37+00:00","og_image":[{"width":2560,"height":1694,"url":"https:\/\/schoolaboo.com\/wp-content\/uploads\/2020\/09\/GEB7306a-scaled.jpg","type":"image\/jpeg"}],"twitter_card":"summary_large_image","twitter_misc":{"Tiempo de lectura":"3 minutos"},"schema":{"@context":"https:\/\/schema.org","@graph":[{"@type":"WebPage","@id":"https:\/\/schoolaboo.com\/es\/consultoria-estrategica-para-escuelas\/","url":"https:\/\/schoolaboo.com\/es\/consultoria-estrategica-para-escuelas\/","name":"Consultor\u00eda estrat\u00e9gica para escuelas - Privatschul Verzeichnis und Beratung","isPartOf":{"@id":"https:\/\/schoolaboo.com\/es\/#website"},"primaryImageOfPage":{"@id":"https:\/\/schoolaboo.com\/es\/consultoria-estrategica-para-escuelas\/#primaryimage"},"image":{"@id":"https:\/\/schoolaboo.com\/es\/consultoria-estrategica-para-escuelas\/#primaryimage"},"thumbnailUrl":"https:\/\/schoolaboo.com\/wp-content\/uploads\/2020\/09\/GEB7306a-scaled.jpg","datePublished":"2021-01-06T09:25:58+00:00","dateModified":"2021-02-16T14:48:37+00:00","breadcrumb":{"@id":"https:\/\/schoolaboo.com\/es\/consultoria-estrategica-para-escuelas\/#breadcrumb"},"inLanguage":"es","potentialAction":[{"@type":"ReadAction","target":["https:\/\/schoolaboo.com\/es\/consultoria-estrategica-para-escuelas\/"]}]},{"@type":"ImageObject","inLanguage":"es","@id":"https:\/\/schoolaboo.com\/es\/consultoria-estrategica-para-escuelas\/#primaryimage","url":"https:\/\/schoolaboo.com\/wp-content\/uploads\/2020\/09\/GEB7306a-scaled.jpg","contentUrl":"https:\/\/schoolaboo.com\/wp-content\/uploads\/2020\/09\/GEB7306a-scaled.jpg","width":2560,"height":1694},{"@type":"BreadcrumbList","@id":"https:\/\/schoolaboo.com\/es\/consultoria-estrategica-para-escuelas\/#breadcrumb","itemListElement":[{"@type":"ListItem","position":1,"name":"Startseite","item":"https:\/\/schoolaboo.com\/es\/"},{"@type":"ListItem","position":2,"name":"Consultor\u00eda estrat\u00e9gica para escuelas"}]},{"@type":"WebSite","@id":"https:\/\/schoolaboo.com\/es\/#website","url":"https:\/\/schoolaboo.com\/es\/","name":"schoolaboo Schule suchen und finden","description":"Privatschule finden und vergleichen","publisher":{"@id":"https:\/\/schoolaboo.com\/es\/#organization"},"potentialAction":[{"@type":"SearchAction","target":{"@type":"EntryPoint","urlTemplate":"https:\/\/schoolaboo.com\/es\/?s={search_term_string}"},"query-input":{"@type":"PropertyValueSpecification","valueRequired":true,"valueName":"search_term_string"}}],"inLanguage":"es"},{"@type":"Organization","@id":"https:\/\/schoolaboo.com\/es\/#organization","name":"schoolaboo","url":"https:\/\/schoolaboo.com\/es\/","logo":{"@type":"ImageObject","inLanguage":"es","@id":"https:\/\/schoolaboo.com\/es\/#\/schema\/logo\/image\/","url":"https:\/\/schoolaboo.com\/wp-content\/uploads\/2025\/04\/schoolaboo_Signet_RGB_pos_72dpi.jpg","contentUrl":"https:\/\/schoolaboo.com\/wp-content\/uploads\/2025\/04\/schoolaboo_Signet_RGB_pos_72dpi.jpg","width":262,"height":86,"caption":"schoolaboo"},"image":{"@id":"https:\/\/schoolaboo.com\/es\/#\/schema\/logo\/image\/"},"sameAs":["https:\/\/www.facebook.com\/schoolaboo","https:\/\/www.linkedin.com\/showcase\/schoolaboo"]}]}},"_links":{"self":[{"href":"https:\/\/schoolaboo.com\/es\/wp-json\/wp\/v2\/pages\/24498","targetHints":{"allow":["GET"]}}],"collection":[{"href":"https:\/\/schoolaboo.com\/es\/wp-json\/wp\/v2\/pages"}],"about":[{"href":"https:\/\/schoolaboo.com\/es\/wp-json\/wp\/v2\/types\/page"}],"author":[{"embeddable":true,"href":"https:\/\/schoolaboo.com\/es\/wp-json\/wp\/v2\/users\/6"}],"replies":[{"embeddable":true,"href":"https:\/\/schoolaboo.com\/es\/wp-json\/wp\/v2\/comments?post=24498"}],"version-history":[{"count":4,"href":"https:\/\/schoolaboo.com\/es\/wp-json\/wp\/v2\/pages\/24498\/revisions"}],"predecessor-version":[{"id":26289,"href":"https:\/\/schoolaboo.com\/es\/wp-json\/wp\/v2\/pages\/24498\/revisions\/26289"}],"wp:featuredmedia":[{"embeddable":true,"href":"https:\/\/schoolaboo.com\/es\/wp-json\/wp\/v2\/media\/24509"}],"wp:attachment":[{"href":"https:\/\/schoolaboo.com\/es\/wp-json\/wp\/v2\/media?parent=24498"}],"curies":[{"name":"wp","href":"https:\/\/api.w.org\/{rel}","templated":true}]}}