{"id":24493,"date":"2021-01-06T10:05:12","date_gmt":"2021-01-06T09:05:12","guid":{"rendered":"https:\/\/schoolaboo.ch\/asesoramiento-sobre-la-eleccion-correcta-de-la-escuela-para-padres-y-jovenes\/"},"modified":"2022-07-26T16:46:37","modified_gmt":"2022-07-26T14:46:37","slug":"asesoramiento-sobre-la-eleccion-correcta-de-la-escuela-para-padres-y-jovenes","status":"publish","type":"page","link":"https:\/\/schoolaboo.com\/es\/asesoramiento-sobre-la-eleccion-correcta-de-la-escuela-para-padres-y-jovenes\/","title":{"rendered":"Asesoramiento sobre la elecci\u00f3n correcta de la escuela para padres y j\u00f3venes"},"content":{"rendered":"<h2>Asesoramiento escolar para ni\u00f1os y adolescentes<\/h2>\n<p><span style=\"color: inherit; font-family: inherit; font-size: inherit;\">El arte de coaching es mostrar al coachee c\u00f3mo puede ayudarse a s\u00ed mismo para resolver un problema o seguir su propio &#8211; camino adecuado &#8211; en la vida. Esto se aplica tanto al camino educativo individual como a los desaf\u00edos de la vida cotidiana.<\/span><\/p>\n<p><span style=\"color: inherit; font-family: inherit; font-size: inherit;\">Durante las discusiones, el coach averigua qu\u00e9 tipo de estudiante es el ni\u00f1o y cu\u00e1les son sus deseos. De esta manera, se puede asegurar que el ni\u00f1o sea colocado en una escuela que lo tenga en cuenta, para que se mantenga la motivaci\u00f3n del ni\u00f1o.<\/span><\/p>\n<h2>Encontrar la escuela adecuada para tu hijo &#8211; Consejos escolares para los padres<\/h2>\n<p>En el panorama educativo suizo hay una multitud de instituciones educativas con diferentes ofertas y enfoques did\u00e1cticos. Para los padres, parece imposible encontrar la escuela que mejor promueva los talentos y habilidades de sus hijos. Los coaches de la escuela utilizan el coaching para saber qu\u00e9 instituci\u00f3n educativa apoyar\u00e1 mejor a tu hijo. Cont\u00e1ctenos por correo electr\u00f3nico: info@schoolaboo.ch o por tel\u00e9fono: +41 79 236 92 27<\/p>\n<h2>Nuestra filosof\u00eda<\/h2>\n<p>Algunos profesores de escuelas privadas ofrecen asesoramiento gratuito y personalizado a los padres. Los profesores suelen obtener una comisi\u00f3n de referencia (alrededor del 15% de la matr\u00edcula) de la escuela que recomienda a los padres.<\/p>\n<p>Nosotros en schollaboo trabajamos <strong>sin comisi\u00f3n, pero con honorarios fijos de coaching<\/strong>.<\/p>\n<p>Por lo tanto, le garantizamos una consulta independiente y personal. Su hijo debe ser propuesto a la escuela que mejor se adapte a sus requisitos y necesidades y que tambi\u00e9n cumpla con sus deseos como padres (y no menos importante, su presupuesto).<\/p>\n<h2>Nuestras tarifas<\/h2>\n<p><strong>180 francos por hora<\/strong> de entrenamiento personal..<\/p>\n<p>Por regla general, debes contar con 3 a 5 horas de coaching. Las sesiones de coaching tienen lugar en la consulta del coach (coach de su regi\u00f3n) o online a trav\u00e9s de videoconferencia (libre elecci\u00f3n de coach).\u00a0 Dependiendo de sus deseos, el entrenador puede continuar apoyando a su hijo de forma regular, ya sea con la instalaci\u00f3n en la escuela, dificultades de aprendizaje o motivaci\u00f3n o desaf\u00edos personales.<\/p>\n<h2>Reserve una cita aqu\u00ed<\/h2>\n<p>[bookly-form hide=\u00bbcategories\u00bb]<\/p>\n<h2>Nuestros coaches \/ tutores<\/h2>\n<p>Todos los coaches tienen un t\u00edtulo reconocido de coaching y han trabajado con ni\u00f1os y j\u00f3venes durante muchos a\u00f1os. Conocen el entorno educativo y las demandas actuales de las escuelas y los estudiantes.<\/p>\n<div class=\"twocolumn\">\n<p><span class=\"alignnone\"><img loading=\"lazy\" decoding=\"async\" class=\"alignnone wp-image-24253\" src=\"https:\/\/schoolaboo.com\/wp-content\/uploads\/2020\/09\/Bewerbung-1024x965.jpg\" alt=\"\" width=\"346\" height=\"326\" srcset=\"https:\/\/schoolaboo.com\/wp-content\/uploads\/2020\/09\/Bewerbung-1024x965.jpg 1024w, https:\/\/schoolaboo.com\/wp-content\/uploads\/2020\/09\/Bewerbung-300x283.jpg 300w, https:\/\/schoolaboo.com\/wp-content\/uploads\/2020\/09\/Bewerbung-768x724.jpg 768w, https:\/\/schoolaboo.com\/wp-content\/uploads\/2020\/09\/Bewerbung-1536x1447.jpg 1536w, https:\/\/schoolaboo.com\/wp-content\/uploads\/2020\/09\/Bewerbung-2048x1929.jpg 2048w, https:\/\/schoolaboo.com\/wp-content\/uploads\/2020\/09\/Bewerbung-450x424.jpg 450w, https:\/\/schoolaboo.com\/wp-content\/uploads\/2020\/09\/Bewerbung-849x800.jpg 849w\" sizes=\"auto, (max-width: 346px) 100vw, 346px\" \/><\/span><br \/>\n<strong>Milan Schmed<br \/>\n<\/strong><span style=\"color: inherit; font-family: inherit; font-size: inherit;\">Milan Schmed conoce muy bien el entorno escolar suizo y el sistema escolar suizo, entre otras cosas como profesor en varias escuelas de pedagog\u00eda. Tiene un profundo conocimiento de los temas de la psicolog\u00eda del desarrollo <\/span>y est\u00e1 familiarizado con los \u00faltimos resultados de la investigaci\u00f3n did\u00e1ctica. Por lo tanto, ofrece a las escuelas y a los padres apoyo en cuestiones de la vida escolar cotidiana y el futuro de la escuela, y en la elecci\u00f3n \u00f3ptima de la escuela para sus hijos. Adem\u00e1s, prepara a ni\u00f1os y adolescentes con dificultades personales y acad\u00e9micas como coach de j\u00f3venes.<br \/>\nIdiomas: alem\u00e1n, italiano, franc\u00e9s e ingl\u00e9s<\/p>\n<p><strong><span class=\"alignnone\"><img loading=\"lazy\" decoding=\"async\" class=\"alignnone wp-image-24259 size-full\" src=\"https:\/\/schoolaboo.com\/wp-content\/uploads\/2020\/11\/Patrick-e1608636208902.jpeg\" alt=\"\" width=\"326\" height=\"326\" \/><\/span><br \/>\nPatric Reith<br \/>\n<\/strong>Se distingue por su forma de trabajar interdisciplinaria. Es investigador asociado y consultor, tutor de j\u00f3venes y profesor de escuela de formaci\u00f3n profesional. Como cient\u00edfico de la educaci\u00f3n y asistente de investigaci\u00f3n en una escuela secundaria y en una oficina de formaci\u00f3n profesional, es responsable del departamento de educaci\u00f3n general y de la orientaci\u00f3n individual de los j\u00f3venes. Adem\u00e1s, participa activamente en varios grupos de trabajo, ense\u00f1a en escuelas de formaci\u00f3n profesional y acompa\u00f1a a los j\u00f3venes con varias dificultades. Por lo tanto, est\u00e1 muy familiarizado con las demandas de los padres, los ni\u00f1os, las escuelas y la econom\u00eda y puede apoyar tanto a los padres como a los j\u00f3venes como coach o tutor en todos los desaf\u00edos de la vida escolar cotidiana.<br \/>\nIdiomas: alem\u00e1n e franc\u00e9s<\/p>\n<p><span class=\"alignnone\"><img loading=\"lazy\" decoding=\"async\" class=\"alignnone wp-image-24247\" style=\"font-size: 1.5rem;\" src=\"https:\/\/schoolaboo.com\/wp-content\/uploads\/2020\/12\/Zilia-Spaeni-500x476.png\" alt=\"\" width=\"328\" height=\"312\" srcset=\"https:\/\/schoolaboo.com\/wp-content\/uploads\/2020\/12\/Zilia-Spaeni-500x476.png 500w, https:\/\/schoolaboo.com\/wp-content\/uploads\/2020\/12\/Zilia-Spaeni-768x731.png 768w, https:\/\/schoolaboo.com\/wp-content\/uploads\/2020\/12\/Zilia-Spaeni-450x428.png 450w, https:\/\/schoolaboo.com\/wp-content\/uploads\/2020\/12\/Zilia-Spaeni-841x800.png 841w, https:\/\/schoolaboo.com\/wp-content\/uploads\/2020\/12\/Zilia-Spaeni.png 1026w\" sizes=\"auto, (max-width: 328px) 100vw, 328px\" \/><\/span><br \/>\n<strong>Zilia Sp\u00e4ni<br \/>\n<\/strong>Zilia Sp\u00e4ni es profesora de preescolar, pedagoga social, instructora de trabajo e instructora de cursos con m\u00e1s de 20 a\u00f1os de experiencia en los campos de la educaci\u00f3n, la pedagog\u00eda social y la integraci\u00f3n laboral. Con sus habilidades de asesoramiento y entrenamiento, logra captar al ni\u00f1o\/adolescente de forma hol\u00edstica. Las competencias y las necesidades del ni\u00f1o\/adolescente est\u00e1n siempre en el centro, as\u00ed como el apoyo de los padres. Zilia Sp\u00e4ni ofrece entrenamiento y asesoramiento a padres, ni\u00f1os y j\u00f3venes en las \u00e1reas de familia (situaciones dif\u00edciles en la vida diaria), elecci\u00f3n de carrera, entrenamiento de aplicaci\u00f3n y b\u00fasqueda de aprendizaje. Trabaja estrechamente con las personas que ya est\u00e1n involucradas en el proceso. Se utilizan las sinergias, se refuerzan las competencias de todos. Como experimentada orientadora profesional, Zilia Sp\u00e4ni est\u00e1 acostumbrada a acompa\u00f1ar a ni\u00f1os y j\u00f3venes con y sin discapacidades en el proceso de elecci\u00f3n de carrera.<br \/>\nIdiomas: alem\u00e1n<\/p>\n<p><span class=\"alignnone\"><img loading=\"lazy\" decoding=\"async\" class=\"alignnone wp-image-25227\" style=\"color: inherit; font-family: inherit; font-size: inherit;\" src=\"https:\/\/schoolaboo.com\/wp-content\/uploads\/2021\/01\/Beratungssituation_Simon-Schmid_by_DominikBaur_3_quadrat-500x500.jpg\" alt=\"\" width=\"328\" height=\"328\" srcset=\"https:\/\/schoolaboo.com\/wp-content\/uploads\/2021\/01\/Beratungssituation_Simon-Schmid_by_DominikBaur_3_quadrat-500x500.jpg 500w, https:\/\/schoolaboo.com\/wp-content\/uploads\/2021\/01\/Beratungssituation_Simon-Schmid_by_DominikBaur_3_quadrat-150x150.jpg 150w, https:\/\/schoolaboo.com\/wp-content\/uploads\/2021\/01\/Beratungssituation_Simon-Schmid_by_DominikBaur_3_quadrat-768x768.jpg 768w, https:\/\/schoolaboo.com\/wp-content\/uploads\/2021\/01\/Beratungssituation_Simon-Schmid_by_DominikBaur_3_quadrat-450x450.jpg 450w, https:\/\/schoolaboo.com\/wp-content\/uploads\/2021\/01\/Beratungssituation_Simon-Schmid_by_DominikBaur_3_quadrat-800x800.jpg 800w, https:\/\/schoolaboo.com\/wp-content\/uploads\/2021\/01\/Beratungssituation_Simon-Schmid_by_DominikBaur_3_quadrat.jpg 1122w\" sizes=\"auto, (max-width: 328px) 100vw, 328px\" \/><\/span><br \/>\n<strong style=\"color: inherit; font-family: inherit; font-size: inherit;\">Simon Schmid<br \/>\n<\/strong>Su carrera profesional no es nada sencilla. Comenz\u00f3 como t\u00e9cnico en electr\u00f3nica de audio y video con BMS. Despu\u00e9s de estudiar cine en la Universidad de las Artes de Z\u00farich, trabaj\u00f3 durante varios a\u00f1os como director de cine y televisi\u00f3n y director de un festival de cine. Despu\u00e9s de varias estancias ling\u00fc\u00edsticas, complet\u00f3 su formaci\u00f3n de Maestr\u00eda en Estudios Avanzados (MAS) en la ZHAW en orientaci\u00f3n vocacional, acad\u00e9mica y profesional y ahora es copropietario del Instituto S&amp;B para el Trabajo y el Estilo de Vida. En la actualidad, como autor de material did\u00e1ctico y profesional independiente, asesor de estudios y carreras, acompa\u00f1a a los j\u00f3venes en el ingreso a su carrera, en la elecci\u00f3n de un curso de estudio y a los adultos en la determinaci\u00f3n de su puesto actual y reorientaci\u00f3n.<br \/>\nIdiomas: alem\u00e1n, franc\u00e9s e ingl\u00e9s<\/p>\n<p><span class=\"alignnone\"><img loading=\"lazy\" decoding=\"async\" class=\"alignnone wp-image-25633 \" src=\"https:\/\/schoolaboo.com\/wp-content\/uploads\/2021\/01\/Portrait-hova-scaled-e1611748573659.jpg\" alt=\"\" width=\"325\" height=\"254\" \/><\/span><br \/>\n<strong>Valeria K\u00e4gi<\/strong><br \/>\nValeria K\u00e4gi proviene originalmente del sector de la salud. M\u00e1s recientemente, fue responsable de educaci\u00f3n en uno de los hospitales suizos m\u00e1s grandes y asesor\u00f3 a estudiantes y aprendices sobre diversas cuestiones relacionadas con la formaci\u00f3n, pero tambi\u00e9n sobre dificultades y cuestiones en el entorno privado y profesional. Valeria K\u00e4gi creci\u00f3 en Rusia, complet\u00f3 su formaci\u00f3n en Suiza y tambi\u00e9n trabaj\u00f3 como traductora m\u00e9dica durante 5 a\u00f1os. En el equipo de schoolaboo, es responsable de las consultas de los padres de Rusia, Ucrania y Bielorrusia. Puede comprender las preguntas e incertidumbres en relaci\u00f3n con los pa\u00edses cambiantes, los idiomas extranjeros, la integraci\u00f3n y dar consejos competentes a padres y j\u00f3venes.<br \/>\nIdiomas: alem\u00e1n y ruso<\/p>\n<p><strong><span class=\"alignnone\"><img loading=\"lazy\" decoding=\"async\" class=\"alignnone wp-image-25859\" src=\"https:\/\/schoolaboo.com\/wp-content\/uploads\/2021\/02\/Lars-Zioerjen-1-e1616399522753.jpg\" alt=\"\" width=\"249\" height=\"324\" \/><\/span><br \/>\nLars Zi\u00f6rjen<\/strong><br \/>\nDesde hace 17 a\u00f1os, su camino ya lo ha llevado a trav\u00e9s del sistema educativo: desde la escuela primaria como maestro y director de secundaria, como educador pasando por escuelas deportivas privadas y especiales, como miembro de proyectos de diversos proyectos educativos y como representante de la profesi\u00f3n. asociaci\u00f3n. Una y otra vez su camino lo lleva a la izquierda y a la derecha, lo que lo beneficia hoy como maestro y especialista escolar, como padre, como persona y tambi\u00e9n como fundador de un peri\u00f3dico para ni\u00f1os y j\u00f3venes. Adem\u00e1s, Lars Zi\u00f6rjen profundiz\u00f3 sus conocimientos en el \u00e1rea de soporte y coaching en su formaci\u00f3n como coach integral certificado, en la que siempre est\u00e1 abierto a soluciones pragm\u00e1ticas y en ocasiones poco convencionales. As\u00ed, es un coach polivalente que, gracias a su experiencia profesional y su formaci\u00f3n como coaching, puede apoyar y acompa\u00f1ar de forma \u00f3ptima, hol\u00edstica y amplia a ni\u00f1os, j\u00f3venes, padres y personas del entorno profesional escolar con multitud de temas y retos.<br \/>\nIdiomas: alem\u00e1n e ingl\u00e9s.<\/p>\n<hr class=\"clear\" \/>\n<\/div>\n<p><strong>Buscamos constantemente entrenadores comprometidos y competentes, pero tambi\u00e9n buscamos asesores de elecci\u00f3n de carrera y estudios motivados!<\/strong><\/p>\n<p><strong>Cont\u00e1ctenos:<\/strong> <strong>info@schoolaboo.ch<\/strong><\/p>\n<p>&nbsp;<\/p>\n","protected":false},"excerpt":{"rendered":"<p>Asesoramiento escolar para ni\u00f1os y adolescentes El arte de coaching es mostrar al coachee c\u00f3mo puede ayudarse a s\u00ed mismo para resolver un problema o seguir su propio &#8211; camino adecuado &#8211; en la vida. Esto se aplica tanto al camino educativo individual como a los desaf\u00edos de la vida cotidiana. Durante las discusiones, el [&hellip;]<\/p>\n","protected":false},"author":2,"featured_media":24265,"parent":0,"menu_order":0,"comment_status":"closed","ping_status":"closed","template":"","meta":{"footnotes":""},"class_list":["post-24493","page","type-page","status-publish","has-post-thumbnail","hentry"],"yoast_head":"<!-- This site is optimized with the Yoast SEO Premium plugin v23.3 (Yoast SEO v27.4) - https:\/\/yoast.com\/product\/yoast-seo-premium-wordpress\/ -->\n<title>Asesoramiento sobre la elecci\u00f3n correcta de la escuela para padres y j\u00f3venes - Privatschul Verzeichnis und Beratung<\/title>\n<meta name=\"description\" content=\"Te asesoramos de forma personal e independiente. Con la ayuda del coaching, descubrimos qu\u00e9 instituto educativo apoyar\u00e1 mejor a su hijo.\" \/>\n<meta name=\"robots\" content=\"index, follow, max-snippet:-1, max-image-preview:large, max-video-preview:-1\" \/>\n<link rel=\"canonical\" href=\"https:\/\/schoolaboo.com\/es\/asesoramiento-sobre-la-eleccion-correcta-de-la-escuela-para-padres-y-jovenes\/\" \/>\n<meta property=\"og:locale\" content=\"es_ES\" \/>\n<meta property=\"og:type\" content=\"article\" \/>\n<meta property=\"og:title\" content=\"Asesoramiento sobre la elecci\u00f3n correcta de la escuela para padres y j\u00f3venes\" \/>\n<meta property=\"og:description\" content=\"Te asesoramos de forma personal e independiente. Con la ayuda del coaching, descubrimos qu\u00e9 instituto educativo apoyar\u00e1 mejor a su hijo.\" \/>\n<meta property=\"og:url\" content=\"https:\/\/schoolaboo.com\/es\/asesoramiento-sobre-la-eleccion-correcta-de-la-escuela-para-padres-y-jovenes\/\" \/>\n<meta property=\"og:site_name\" content=\"Privatschul Verzeichnis und Beratung\" \/>\n<meta property=\"article:publisher\" content=\"https:\/\/www.facebook.com\/schoolaboo\" \/>\n<meta property=\"article:modified_time\" content=\"2022-07-26T14:46:37+00:00\" \/>\n<meta property=\"og:image\" content=\"https:\/\/schoolaboo.com\/wp-content\/uploads\/2020\/09\/board-784363_1920.jpg\" \/>\n\t<meta property=\"og:image:width\" content=\"1920\" \/>\n\t<meta property=\"og:image:height\" content=\"1371\" \/>\n\t<meta property=\"og:image:type\" content=\"image\/jpeg\" \/>\n<meta name=\"twitter:card\" content=\"summary_large_image\" \/>\n<meta name=\"twitter:label1\" content=\"Tiempo de lectura\" \/>\n\t<meta name=\"twitter:data1\" content=\"8 minutos\" \/>\n<script type=\"application\/ld+json\" class=\"yoast-schema-graph\">{\"@context\":\"https:\\\/\\\/schema.org\",\"@graph\":[{\"@type\":\"WebPage\",\"@id\":\"https:\\\/\\\/schoolaboo.com\\\/es\\\/asesoramiento-sobre-la-eleccion-correcta-de-la-escuela-para-padres-y-jovenes\\\/\",\"url\":\"https:\\\/\\\/schoolaboo.com\\\/es\\\/asesoramiento-sobre-la-eleccion-correcta-de-la-escuela-para-padres-y-jovenes\\\/\",\"name\":\"Asesoramiento sobre la elecci\u00f3n correcta de la escuela para padres y j\u00f3venes - Privatschul Verzeichnis und Beratung\",\"isPartOf\":{\"@id\":\"https:\\\/\\\/schoolaboo.com\\\/es\\\/#website\"},\"primaryImageOfPage\":{\"@id\":\"https:\\\/\\\/schoolaboo.com\\\/es\\\/asesoramiento-sobre-la-eleccion-correcta-de-la-escuela-para-padres-y-jovenes\\\/#primaryimage\"},\"image\":{\"@id\":\"https:\\\/\\\/schoolaboo.com\\\/es\\\/asesoramiento-sobre-la-eleccion-correcta-de-la-escuela-para-padres-y-jovenes\\\/#primaryimage\"},\"thumbnailUrl\":\"https:\\\/\\\/schoolaboo.com\\\/wp-content\\\/uploads\\\/2020\\\/09\\\/board-784363_1920.jpg\",\"datePublished\":\"2021-01-06T09:05:12+00:00\",\"dateModified\":\"2022-07-26T14:46:37+00:00\",\"description\":\"Te asesoramos de forma personal e independiente. Con la ayuda del coaching, descubrimos qu\u00e9 instituto educativo apoyar\u00e1 mejor a su hijo.\",\"breadcrumb\":{\"@id\":\"https:\\\/\\\/schoolaboo.com\\\/es\\\/asesoramiento-sobre-la-eleccion-correcta-de-la-escuela-para-padres-y-jovenes\\\/#breadcrumb\"},\"inLanguage\":\"es\",\"potentialAction\":[{\"@type\":\"ReadAction\",\"target\":[\"https:\\\/\\\/schoolaboo.com\\\/es\\\/asesoramiento-sobre-la-eleccion-correcta-de-la-escuela-para-padres-y-jovenes\\\/\"]}]},{\"@type\":\"ImageObject\",\"inLanguage\":\"es\",\"@id\":\"https:\\\/\\\/schoolaboo.com\\\/es\\\/asesoramiento-sobre-la-eleccion-correcta-de-la-escuela-para-padres-y-jovenes\\\/#primaryimage\",\"url\":\"https:\\\/\\\/schoolaboo.com\\\/wp-content\\\/uploads\\\/2020\\\/09\\\/board-784363_1920.jpg\",\"contentUrl\":\"https:\\\/\\\/schoolaboo.com\\\/wp-content\\\/uploads\\\/2020\\\/09\\\/board-784363_1920.jpg\",\"width\":1920,\"height\":1371},{\"@type\":\"BreadcrumbList\",\"@id\":\"https:\\\/\\\/schoolaboo.com\\\/es\\\/asesoramiento-sobre-la-eleccion-correcta-de-la-escuela-para-padres-y-jovenes\\\/#breadcrumb\",\"itemListElement\":[{\"@type\":\"ListItem\",\"position\":1,\"name\":\"Startseite\",\"item\":\"https:\\\/\\\/schoolaboo.com\\\/es\\\/\"},{\"@type\":\"ListItem\",\"position\":2,\"name\":\"Asesoramiento sobre la elecci\u00f3n correcta de la escuela para padres y j\u00f3venes\"}]},{\"@type\":\"WebSite\",\"@id\":\"https:\\\/\\\/schoolaboo.com\\\/es\\\/#website\",\"url\":\"https:\\\/\\\/schoolaboo.com\\\/es\\\/\",\"name\":\"schoolaboo Schule suchen und finden\",\"description\":\"Privatschule finden und vergleichen\",\"publisher\":{\"@id\":\"https:\\\/\\\/schoolaboo.com\\\/es\\\/#organization\"},\"potentialAction\":[{\"@type\":\"SearchAction\",\"target\":{\"@type\":\"EntryPoint\",\"urlTemplate\":\"https:\\\/\\\/schoolaboo.com\\\/es\\\/?s={search_term_string}\"},\"query-input\":{\"@type\":\"PropertyValueSpecification\",\"valueRequired\":true,\"valueName\":\"search_term_string\"}}],\"inLanguage\":\"es\"},{\"@type\":\"Organization\",\"@id\":\"https:\\\/\\\/schoolaboo.com\\\/es\\\/#organization\",\"name\":\"schoolaboo\",\"url\":\"https:\\\/\\\/schoolaboo.com\\\/es\\\/\",\"logo\":{\"@type\":\"ImageObject\",\"inLanguage\":\"es\",\"@id\":\"https:\\\/\\\/schoolaboo.com\\\/es\\\/#\\\/schema\\\/logo\\\/image\\\/\",\"url\":\"https:\\\/\\\/schoolaboo.com\\\/wp-content\\\/uploads\\\/2025\\\/04\\\/schoolaboo_Signet_RGB_pos_72dpi.jpg\",\"contentUrl\":\"https:\\\/\\\/schoolaboo.com\\\/wp-content\\\/uploads\\\/2025\\\/04\\\/schoolaboo_Signet_RGB_pos_72dpi.jpg\",\"width\":262,\"height\":86,\"caption\":\"schoolaboo\"},\"image\":{\"@id\":\"https:\\\/\\\/schoolaboo.com\\\/es\\\/#\\\/schema\\\/logo\\\/image\\\/\"},\"sameAs\":[\"https:\\\/\\\/www.facebook.com\\\/schoolaboo\",\"https:\\\/\\\/www.linkedin.com\\\/showcase\\\/schoolaboo\"]}]}<\/script>\n<!-- \/ Yoast SEO Premium plugin. -->","yoast_head_json":{"title":"Asesoramiento sobre la elecci\u00f3n correcta de la escuela para padres y j\u00f3venes - Privatschul Verzeichnis und Beratung","description":"Te asesoramos de forma personal e independiente. Con la ayuda del coaching, descubrimos qu\u00e9 instituto educativo apoyar\u00e1 mejor a su hijo.","robots":{"index":"index","follow":"follow","max-snippet":"max-snippet:-1","max-image-preview":"max-image-preview:large","max-video-preview":"max-video-preview:-1"},"canonical":"https:\/\/schoolaboo.com\/es\/asesoramiento-sobre-la-eleccion-correcta-de-la-escuela-para-padres-y-jovenes\/","og_locale":"es_ES","og_type":"article","og_title":"Asesoramiento sobre la elecci\u00f3n correcta de la escuela para padres y j\u00f3venes","og_description":"Te asesoramos de forma personal e independiente. Con la ayuda del coaching, descubrimos qu\u00e9 instituto educativo apoyar\u00e1 mejor a su hijo.","og_url":"https:\/\/schoolaboo.com\/es\/asesoramiento-sobre-la-eleccion-correcta-de-la-escuela-para-padres-y-jovenes\/","og_site_name":"Privatschul Verzeichnis und Beratung","article_publisher":"https:\/\/www.facebook.com\/schoolaboo","article_modified_time":"2022-07-26T14:46:37+00:00","og_image":[{"width":1920,"height":1371,"url":"https:\/\/schoolaboo.com\/wp-content\/uploads\/2020\/09\/board-784363_1920.jpg","type":"image\/jpeg"}],"twitter_card":"summary_large_image","twitter_misc":{"Tiempo de lectura":"8 minutos"},"schema":{"@context":"https:\/\/schema.org","@graph":[{"@type":"WebPage","@id":"https:\/\/schoolaboo.com\/es\/asesoramiento-sobre-la-eleccion-correcta-de-la-escuela-para-padres-y-jovenes\/","url":"https:\/\/schoolaboo.com\/es\/asesoramiento-sobre-la-eleccion-correcta-de-la-escuela-para-padres-y-jovenes\/","name":"Asesoramiento sobre la elecci\u00f3n correcta de la escuela para padres y j\u00f3venes - Privatschul Verzeichnis und Beratung","isPartOf":{"@id":"https:\/\/schoolaboo.com\/es\/#website"},"primaryImageOfPage":{"@id":"https:\/\/schoolaboo.com\/es\/asesoramiento-sobre-la-eleccion-correcta-de-la-escuela-para-padres-y-jovenes\/#primaryimage"},"image":{"@id":"https:\/\/schoolaboo.com\/es\/asesoramiento-sobre-la-eleccion-correcta-de-la-escuela-para-padres-y-jovenes\/#primaryimage"},"thumbnailUrl":"https:\/\/schoolaboo.com\/wp-content\/uploads\/2020\/09\/board-784363_1920.jpg","datePublished":"2021-01-06T09:05:12+00:00","dateModified":"2022-07-26T14:46:37+00:00","description":"Te asesoramos de forma personal e independiente. Con la ayuda del coaching, descubrimos qu\u00e9 instituto educativo apoyar\u00e1 mejor a su hijo.","breadcrumb":{"@id":"https:\/\/schoolaboo.com\/es\/asesoramiento-sobre-la-eleccion-correcta-de-la-escuela-para-padres-y-jovenes\/#breadcrumb"},"inLanguage":"es","potentialAction":[{"@type":"ReadAction","target":["https:\/\/schoolaboo.com\/es\/asesoramiento-sobre-la-eleccion-correcta-de-la-escuela-para-padres-y-jovenes\/"]}]},{"@type":"ImageObject","inLanguage":"es","@id":"https:\/\/schoolaboo.com\/es\/asesoramiento-sobre-la-eleccion-correcta-de-la-escuela-para-padres-y-jovenes\/#primaryimage","url":"https:\/\/schoolaboo.com\/wp-content\/uploads\/2020\/09\/board-784363_1920.jpg","contentUrl":"https:\/\/schoolaboo.com\/wp-content\/uploads\/2020\/09\/board-784363_1920.jpg","width":1920,"height":1371},{"@type":"BreadcrumbList","@id":"https:\/\/schoolaboo.com\/es\/asesoramiento-sobre-la-eleccion-correcta-de-la-escuela-para-padres-y-jovenes\/#breadcrumb","itemListElement":[{"@type":"ListItem","position":1,"name":"Startseite","item":"https:\/\/schoolaboo.com\/es\/"},{"@type":"ListItem","position":2,"name":"Asesoramiento sobre la elecci\u00f3n correcta de la escuela para padres y j\u00f3venes"}]},{"@type":"WebSite","@id":"https:\/\/schoolaboo.com\/es\/#website","url":"https:\/\/schoolaboo.com\/es\/","name":"schoolaboo Schule suchen und finden","description":"Privatschule finden und vergleichen","publisher":{"@id":"https:\/\/schoolaboo.com\/es\/#organization"},"potentialAction":[{"@type":"SearchAction","target":{"@type":"EntryPoint","urlTemplate":"https:\/\/schoolaboo.com\/es\/?s={search_term_string}"},"query-input":{"@type":"PropertyValueSpecification","valueRequired":true,"valueName":"search_term_string"}}],"inLanguage":"es"},{"@type":"Organization","@id":"https:\/\/schoolaboo.com\/es\/#organization","name":"schoolaboo","url":"https:\/\/schoolaboo.com\/es\/","logo":{"@type":"ImageObject","inLanguage":"es","@id":"https:\/\/schoolaboo.com\/es\/#\/schema\/logo\/image\/","url":"https:\/\/schoolaboo.com\/wp-content\/uploads\/2025\/04\/schoolaboo_Signet_RGB_pos_72dpi.jpg","contentUrl":"https:\/\/schoolaboo.com\/wp-content\/uploads\/2025\/04\/schoolaboo_Signet_RGB_pos_72dpi.jpg","width":262,"height":86,"caption":"schoolaboo"},"image":{"@id":"https:\/\/schoolaboo.com\/es\/#\/schema\/logo\/image\/"},"sameAs":["https:\/\/www.facebook.com\/schoolaboo","https:\/\/www.linkedin.com\/showcase\/schoolaboo"]}]}},"_links":{"self":[{"href":"https:\/\/schoolaboo.com\/es\/wp-json\/wp\/v2\/pages\/24493","targetHints":{"allow":["GET"]}}],"collection":[{"href":"https:\/\/schoolaboo.com\/es\/wp-json\/wp\/v2\/pages"}],"about":[{"href":"https:\/\/schoolaboo.com\/es\/wp-json\/wp\/v2\/types\/page"}],"author":[{"embeddable":true,"href":"https:\/\/schoolaboo.com\/es\/wp-json\/wp\/v2\/users\/2"}],"replies":[{"embeddable":true,"href":"https:\/\/schoolaboo.com\/es\/wp-json\/wp\/v2\/comments?post=24493"}],"version-history":[{"count":7,"href":"https:\/\/schoolaboo.com\/es\/wp-json\/wp\/v2\/pages\/24493\/revisions"}],"predecessor-version":[{"id":29861,"href":"https:\/\/schoolaboo.com\/es\/wp-json\/wp\/v2\/pages\/24493\/revisions\/29861"}],"wp:featuredmedia":[{"embeddable":true,"href":"https:\/\/schoolaboo.com\/es\/wp-json\/wp\/v2\/media\/24265"}],"wp:attachment":[{"href":"https:\/\/schoolaboo.com\/es\/wp-json\/wp\/v2\/media?parent=24493"}],"curies":[{"name":"wp","href":"https:\/\/api.w.org\/{rel}","templated":true}]}}