{"id":24229,"date":"2021-01-04T13:11:45","date_gmt":"2021-01-04T12:11:45","guid":{"rendered":"https:\/\/schoolaboo.ch\/?page_id=24229"},"modified":"2021-03-02T20:54:20","modified_gmt":"2021-03-02T19:54:20","slug":"book-a-coach","status":"publish","type":"page","link":"https:\/\/schoolaboo.com\/de\/book-a-coach\/","title":{"rendered":"Book a coach"},"content":{"rendered":"<p>Ein Coach findet in Gespr\u00e4chen heraus, was f\u00fcr ein Lerntyp das Kind ist und welche W\u00fcnsche es hat.\u00a0So kann gew\u00e4hrleistet werden, dass es in eine Schule kommt, die das ber\u00fccksichtigt, damit die Motivation des Kindes erhalten bleibt. <span style=\"color: inherit; font-family: inherit; font-size: inherit;\">Ein solches Gespr\u00e4ch kann zus\u00e4tzlich auch mit den Eltern stattfinden, um ihre Erwartungen an die Schule und die Ausbildung ihrer Tochter oder ihres Sohnes ebenfalls abzuholen.<\/span><\/p>\n<p>Die Coaches k\u00f6nnen selbstverst\u00e4ndlich auch gebucht werden bei jeglichen Schulproblemen, Pr\u00fcfungs\u00e4ngsten, Konzentrations- und Lernschwierigkeiten, Mobbing, Themen zur Pubert\u00e4t oder zur Berufswahl. Sie sind spezifisch daf\u00fcr ausgebildet, Kindern und Jugendlichen in pers\u00f6nlichen und schulischen Schwierigkeiten Wege aufzuzeigen, damit sie selber L\u00f6sungen finden und an diesen Herausforderungen wachsen.<\/p>\n<p><span style=\"color: #99cc00; font-family: inherit; font-size: inherit;\"><a style=\"color: #99cc00;\" href=\"https:\/\/schoolaboo.com\/beratung-fuer-eltern-und-jugendliche\/\" target=\"_blank\" rel=\"noopener noreferrer\">Hier alle Coaches kennenlernen!<\/a>\u00a0<\/span><\/p>\n<p>Buchen Sie hier direkt einen Termin (Preise pro Coaching-\/Beratungsstunde inkl. MwSt)<\/p>\n<p>[bookly-form hide=&#8220;categories&#8220;]<\/p>\n","protected":false},"excerpt":{"rendered":"<p>Ein Coach findet in Gespr\u00e4chen heraus, was f\u00fcr ein Lerntyp das Kind ist und welche W\u00fcnsche es hat.\u00a0So kann gew\u00e4hrleistet werden, dass es in eine Schule kommt, die das ber\u00fccksichtigt, damit die Motivation des Kindes erhalten bleibt. Ein solches Gespr\u00e4ch kann zus\u00e4tzlich auch mit den Eltern stattfinden, um ihre Erwartungen an die Schule und die [&hellip;]<\/p>\n","protected":false},"author":2,"featured_media":20504,"parent":0,"menu_order":0,"comment_status":"closed","ping_status":"closed","template":"","meta":{"content-type":"","footnotes":""},"class_list":["post-24229","page","type-page","status-publish","has-post-thumbnail","hentry"],"yoast_head":"<!-- This site is optimized with the Yoast SEO Premium plugin v23.3 (Yoast SEO v27.4) - https:\/\/yoast.com\/product\/yoast-seo-premium-wordpress\/ -->\n<title>Book a coach - Privatschul Verzeichnis und Beratung<\/title>\n<meta name=\"description\" content=\"Mit Coaching die zum Lerntyp des Kindes passende Privatschule finden. Coaching bei Lernschwierigkeiten, Schulproblemen, \u00c4ngsten und pers\u00f6nlichen Problemen.\" \/>\n<meta name=\"robots\" content=\"index, follow, max-snippet:-1, max-image-preview:large, max-video-preview:-1\" \/>\n<link rel=\"canonical\" href=\"https:\/\/schoolaboo.com\/de\/book-a-coach\/\" \/>\n<meta property=\"og:locale\" content=\"de_DE\" \/>\n<meta property=\"og:type\" content=\"article\" \/>\n<meta property=\"og:title\" content=\"Book a coach\" \/>\n<meta property=\"og:description\" content=\"Mit Coaching die zum Lerntyp des Kindes passende Privatschule finden. Coaching bei Lernschwierigkeiten, Schulproblemen, \u00c4ngsten und pers\u00f6nlichen Problemen.\" \/>\n<meta property=\"og:url\" content=\"https:\/\/schoolaboo.com\/de\/book-a-coach\/\" \/>\n<meta property=\"og:site_name\" content=\"Privatschul Verzeichnis und Beratung\" \/>\n<meta property=\"article:publisher\" content=\"https:\/\/www.facebook.com\/schoolaboo\" \/>\n<meta property=\"article:modified_time\" content=\"2021-03-02T19:54:20+00:00\" \/>\n<meta property=\"og:image\" content=\"https:\/\/schoolaboo.com\/wp-content\/uploads\/2020\/09\/board-784363_1920.jpg\" \/>\n\t<meta property=\"og:image:width\" content=\"1920\" \/>\n\t<meta property=\"og:image:height\" content=\"1371\" \/>\n\t<meta property=\"og:image:type\" content=\"image\/jpeg\" \/>\n<meta name=\"twitter:card\" content=\"summary_large_image\" \/>\n<meta name=\"twitter:label1\" content=\"Gesch\u00e4tzte Lesezeit\" \/>\n\t<meta name=\"twitter:data1\" content=\"1\u00a0Minute\" \/>\n<script type=\"application\/ld+json\" class=\"yoast-schema-graph\">{\"@context\":\"https:\\\/\\\/schema.org\",\"@graph\":[{\"@type\":\"WebPage\",\"@id\":\"https:\\\/\\\/schoolaboo.com\\\/de\\\/book-a-coach\\\/\",\"url\":\"https:\\\/\\\/schoolaboo.com\\\/de\\\/book-a-coach\\\/\",\"name\":\"Book a coach - Privatschul Verzeichnis und Beratung\",\"isPartOf\":{\"@id\":\"https:\\\/\\\/schoolaboo.com\\\/de\\\/#website\"},\"primaryImageOfPage\":{\"@id\":\"https:\\\/\\\/schoolaboo.com\\\/de\\\/book-a-coach\\\/#primaryimage\"},\"image\":{\"@id\":\"https:\\\/\\\/schoolaboo.com\\\/de\\\/book-a-coach\\\/#primaryimage\"},\"thumbnailUrl\":\"https:\\\/\\\/schoolaboo.com\\\/wp-content\\\/uploads\\\/2020\\\/09\\\/board-784363_1920.jpg\",\"datePublished\":\"2021-01-04T12:11:45+00:00\",\"dateModified\":\"2021-03-02T19:54:20+00:00\",\"description\":\"Mit Coaching die zum Lerntyp des Kindes passende Privatschule finden. Coaching bei Lernschwierigkeiten, Schulproblemen, \u00c4ngsten und pers\u00f6nlichen Problemen.\",\"breadcrumb\":{\"@id\":\"https:\\\/\\\/schoolaboo.com\\\/de\\\/book-a-coach\\\/#breadcrumb\"},\"inLanguage\":\"de\",\"potentialAction\":[{\"@type\":\"ReadAction\",\"target\":[\"https:\\\/\\\/schoolaboo.com\\\/de\\\/book-a-coach\\\/\"]}]},{\"@type\":\"ImageObject\",\"inLanguage\":\"de\",\"@id\":\"https:\\\/\\\/schoolaboo.com\\\/de\\\/book-a-coach\\\/#primaryimage\",\"url\":\"https:\\\/\\\/schoolaboo.com\\\/wp-content\\\/uploads\\\/2020\\\/09\\\/board-784363_1920.jpg\",\"contentUrl\":\"https:\\\/\\\/schoolaboo.com\\\/wp-content\\\/uploads\\\/2020\\\/09\\\/board-784363_1920.jpg\",\"width\":1920,\"height\":1371},{\"@type\":\"BreadcrumbList\",\"@id\":\"https:\\\/\\\/schoolaboo.com\\\/de\\\/book-a-coach\\\/#breadcrumb\",\"itemListElement\":[{\"@type\":\"ListItem\",\"position\":1,\"name\":\"Startseite\",\"item\":\"https:\\\/\\\/schoolaboo.com\\\/de\\\/\"},{\"@type\":\"ListItem\",\"position\":2,\"name\":\"Book a coach\"}]},{\"@type\":\"WebSite\",\"@id\":\"https:\\\/\\\/schoolaboo.com\\\/de\\\/#website\",\"url\":\"https:\\\/\\\/schoolaboo.com\\\/de\\\/\",\"name\":\"schoolaboo Schule suchen und finden\",\"description\":\"Privatschule finden und vergleichen\",\"publisher\":{\"@id\":\"https:\\\/\\\/schoolaboo.com\\\/de\\\/#organization\"},\"potentialAction\":[{\"@type\":\"SearchAction\",\"target\":{\"@type\":\"EntryPoint\",\"urlTemplate\":\"https:\\\/\\\/schoolaboo.com\\\/de\\\/?s={search_term_string}\"},\"query-input\":{\"@type\":\"PropertyValueSpecification\",\"valueRequired\":true,\"valueName\":\"search_term_string\"}}],\"inLanguage\":\"de\"},{\"@type\":\"Organization\",\"@id\":\"https:\\\/\\\/schoolaboo.com\\\/de\\\/#organization\",\"name\":\"schoolaboo\",\"url\":\"https:\\\/\\\/schoolaboo.com\\\/de\\\/\",\"logo\":{\"@type\":\"ImageObject\",\"inLanguage\":\"de\",\"@id\":\"https:\\\/\\\/schoolaboo.com\\\/de\\\/#\\\/schema\\\/logo\\\/image\\\/\",\"url\":\"https:\\\/\\\/schoolaboo.com\\\/wp-content\\\/uploads\\\/2025\\\/04\\\/schoolaboo_Signet_RGB_pos_72dpi.jpg\",\"contentUrl\":\"https:\\\/\\\/schoolaboo.com\\\/wp-content\\\/uploads\\\/2025\\\/04\\\/schoolaboo_Signet_RGB_pos_72dpi.jpg\",\"width\":262,\"height\":86,\"caption\":\"schoolaboo\"},\"image\":{\"@id\":\"https:\\\/\\\/schoolaboo.com\\\/de\\\/#\\\/schema\\\/logo\\\/image\\\/\"},\"sameAs\":[\"https:\\\/\\\/www.facebook.com\\\/schoolaboo\",\"https:\\\/\\\/www.linkedin.com\\\/showcase\\\/schoolaboo\"]}]}<\/script>\n<!-- \/ Yoast SEO Premium plugin. -->","yoast_head_json":{"title":"Book a coach - Privatschul Verzeichnis und Beratung","description":"Mit Coaching die zum Lerntyp des Kindes passende Privatschule finden. Coaching bei Lernschwierigkeiten, Schulproblemen, \u00c4ngsten und pers\u00f6nlichen Problemen.","robots":{"index":"index","follow":"follow","max-snippet":"max-snippet:-1","max-image-preview":"max-image-preview:large","max-video-preview":"max-video-preview:-1"},"canonical":"https:\/\/schoolaboo.com\/de\/book-a-coach\/","og_locale":"de_DE","og_type":"article","og_title":"Book a coach","og_description":"Mit Coaching die zum Lerntyp des Kindes passende Privatschule finden. Coaching bei Lernschwierigkeiten, Schulproblemen, \u00c4ngsten und pers\u00f6nlichen Problemen.","og_url":"https:\/\/schoolaboo.com\/de\/book-a-coach\/","og_site_name":"Privatschul Verzeichnis und Beratung","article_publisher":"https:\/\/www.facebook.com\/schoolaboo","article_modified_time":"2021-03-02T19:54:20+00:00","og_image":[{"width":1920,"height":1371,"url":"https:\/\/schoolaboo.com\/wp-content\/uploads\/2020\/09\/board-784363_1920.jpg","type":"image\/jpeg"}],"twitter_card":"summary_large_image","twitter_misc":{"Gesch\u00e4tzte Lesezeit":"1\u00a0Minute"},"schema":{"@context":"https:\/\/schema.org","@graph":[{"@type":"WebPage","@id":"https:\/\/schoolaboo.com\/de\/book-a-coach\/","url":"https:\/\/schoolaboo.com\/de\/book-a-coach\/","name":"Book a coach - Privatschul Verzeichnis und Beratung","isPartOf":{"@id":"https:\/\/schoolaboo.com\/de\/#website"},"primaryImageOfPage":{"@id":"https:\/\/schoolaboo.com\/de\/book-a-coach\/#primaryimage"},"image":{"@id":"https:\/\/schoolaboo.com\/de\/book-a-coach\/#primaryimage"},"thumbnailUrl":"https:\/\/schoolaboo.com\/wp-content\/uploads\/2020\/09\/board-784363_1920.jpg","datePublished":"2021-01-04T12:11:45+00:00","dateModified":"2021-03-02T19:54:20+00:00","description":"Mit Coaching die zum Lerntyp des Kindes passende Privatschule finden. Coaching bei Lernschwierigkeiten, Schulproblemen, \u00c4ngsten und pers\u00f6nlichen Problemen.","breadcrumb":{"@id":"https:\/\/schoolaboo.com\/de\/book-a-coach\/#breadcrumb"},"inLanguage":"de","potentialAction":[{"@type":"ReadAction","target":["https:\/\/schoolaboo.com\/de\/book-a-coach\/"]}]},{"@type":"ImageObject","inLanguage":"de","@id":"https:\/\/schoolaboo.com\/de\/book-a-coach\/#primaryimage","url":"https:\/\/schoolaboo.com\/wp-content\/uploads\/2020\/09\/board-784363_1920.jpg","contentUrl":"https:\/\/schoolaboo.com\/wp-content\/uploads\/2020\/09\/board-784363_1920.jpg","width":1920,"height":1371},{"@type":"BreadcrumbList","@id":"https:\/\/schoolaboo.com\/de\/book-a-coach\/#breadcrumb","itemListElement":[{"@type":"ListItem","position":1,"name":"Startseite","item":"https:\/\/schoolaboo.com\/de\/"},{"@type":"ListItem","position":2,"name":"Book a coach"}]},{"@type":"WebSite","@id":"https:\/\/schoolaboo.com\/de\/#website","url":"https:\/\/schoolaboo.com\/de\/","name":"schoolaboo Schule suchen und finden","description":"Privatschule finden und vergleichen","publisher":{"@id":"https:\/\/schoolaboo.com\/de\/#organization"},"potentialAction":[{"@type":"SearchAction","target":{"@type":"EntryPoint","urlTemplate":"https:\/\/schoolaboo.com\/de\/?s={search_term_string}"},"query-input":{"@type":"PropertyValueSpecification","valueRequired":true,"valueName":"search_term_string"}}],"inLanguage":"de"},{"@type":"Organization","@id":"https:\/\/schoolaboo.com\/de\/#organization","name":"schoolaboo","url":"https:\/\/schoolaboo.com\/de\/","logo":{"@type":"ImageObject","inLanguage":"de","@id":"https:\/\/schoolaboo.com\/de\/#\/schema\/logo\/image\/","url":"https:\/\/schoolaboo.com\/wp-content\/uploads\/2025\/04\/schoolaboo_Signet_RGB_pos_72dpi.jpg","contentUrl":"https:\/\/schoolaboo.com\/wp-content\/uploads\/2025\/04\/schoolaboo_Signet_RGB_pos_72dpi.jpg","width":262,"height":86,"caption":"schoolaboo"},"image":{"@id":"https:\/\/schoolaboo.com\/de\/#\/schema\/logo\/image\/"},"sameAs":["https:\/\/www.facebook.com\/schoolaboo","https:\/\/www.linkedin.com\/showcase\/schoolaboo"]}]}},"_links":{"self":[{"href":"https:\/\/schoolaboo.com\/de\/wp-json\/wp\/v2\/pages\/24229","targetHints":{"allow":["GET"]}}],"collection":[{"href":"https:\/\/schoolaboo.com\/de\/wp-json\/wp\/v2\/pages"}],"about":[{"href":"https:\/\/schoolaboo.com\/de\/wp-json\/wp\/v2\/types\/page"}],"author":[{"embeddable":true,"href":"https:\/\/schoolaboo.com\/de\/wp-json\/wp\/v2\/users\/2"}],"replies":[{"embeddable":true,"href":"https:\/\/schoolaboo.com\/de\/wp-json\/wp\/v2\/comments?post=24229"}],"version-history":[{"count":18,"href":"https:\/\/schoolaboo.com\/de\/wp-json\/wp\/v2\/pages\/24229\/revisions"}],"predecessor-version":[{"id":27641,"href":"https:\/\/schoolaboo.com\/de\/wp-json\/wp\/v2\/pages\/24229\/revisions\/27641"}],"wp:featuredmedia":[{"embeddable":true,"href":"https:\/\/schoolaboo.com\/de\/wp-json\/wp\/v2\/media\/20504"}],"wp:attachment":[{"href":"https:\/\/schoolaboo.com\/de\/wp-json\/wp\/v2\/media?parent=24229"}],"curies":[{"name":"wp","href":"https:\/\/api.w.org\/{rel}","templated":true}]}}