{"id":23998,"date":"2020-12-22T22:14:07","date_gmt":"2020-12-22T21:14:07","guid":{"rendered":"https:\/\/schoolaboo.ch\/?page_id=23998"},"modified":"2021-09-07T10:49:43","modified_gmt":"2021-09-07T08:49:43","slug":"privatschulen-im-kanton-neuenburg-finden","status":"publish","type":"page","link":"https:\/\/schoolaboo.com\/de\/privatschulen-im-kanton-neuenburg-finden\/","title":{"rendered":"Privatschulen im Kanton Neuenburg finden"},"content":{"rendered":"<div class=\"text-container\">\n<h1>Privatschulen im Kanton Neuenburg &#8211; Schweiz<\/h1>\n<h3>Finden Sie mit schoolaboo die passende Schule in Neuenburg<\/h3>\n<p>Im Kanton Neuenburg ist die Vielfalt an Privatschulen gross und sie sind eine wichtige Erg\u00e4nzung zu den zahlreichen \u00f6ffentlichen Schulen. <span style=\"color: inherit; font-family: inherit; font-size: inherit;\">Auf<\/span><span style=\"color: inherit; font-family: inherit; font-size: inherit;\">\u00a0<\/span><span style=\"color: inherit; font-family: inherit; font-size: inherit;\">schoolaboo<\/span><span style=\"color: inherit; font-family: inherit; font-size: inherit;\">\u00a0<\/span><span style=\"color: inherit; font-family: inherit; font-size: inherit;\">findest du mit <strong><span style=\"color: #99cc00;\">unseren Online Suchfunktionen s\u00e4mtliche Schultypen<\/span><\/strong> wie z.B. Internat oder Privatgymnasien, Schulstufen wie Gymnasium, Oberstufe, Primarschule, Weiterbildung und Schularten wie z.B. Montessori oder Rudolph Steiner, verschiedenen internationale Abschl\u00fcsse, Kleinkinderbetreuung wie Krippen, Vorkindergarten und Kindergarten, aber auch Weiterbildungsanbieter f\u00fcr verschiedenen Fachrichtungen wie Management, Tourismus, P\u00e4dagogik, Technik oder Hotelfach. W\u00e4hle daf\u00fcr nach der Eingabe Kanton Neuenburg im ersten Filter, einen Filter f\u00fcr eine Kategorie.<\/span><\/p>\n<h3>Wie wir dich bei der richtigen Schulwahl unterst\u00fctzen<\/h3>\n<p>Manchmal ist es aber nicht einfach aus allen Schulen die passende zu finden. F\u00fcr <span style=\"color: #99cc00;\"><a style=\"color: #99cc00;\" href=\"https:\/\/schoolaboo.com\/beratung-fuer-eltern-und-jugendliche\/\" target=\"_blank\" rel=\"noopener noreferrer\"><strong>pers\u00f6nliche Beratung oder ein Coaching<\/strong><\/a><\/span> f\u00fcr alle Themen von der Schule bis zur Erwachsenenbildung ruf uns an oder schreib uns: Tel: 041 888 06 66,<strong> <span style=\"color: #99cc00;\"><a style=\"color: #99cc00;\" href=\"mailto:info@schoolaboo.ch\" target=\"_blank\" rel=\"noopener\">info@schoolaboo.ch<\/a><\/span><\/strong><\/p>\n<\/div>\n<div class=\"job_listings\" data-location=\"Neuenburg\" data-keywords=\"\" data-show_filters=\"false\" data-show_pagination=\"true\" data-per_page=\"100\" data-orderby=\"featured\" data-order=\"DESC\" data-categories=\"\" data-disable-form-state-storage=\"\" data-featured_first=\"false\" data-post_id=\"23998\" ><div class=\"myflex no-map\">\n\n<div class=\"no-results\">\n    <h2>No Results<\/h2>\n    <p class=\"no-margins\">There are no listings matching your search.<\/p>\n\n    \n    <a class=\"btn clear-results-btn reset\" href=\"https:\/\/schoolaboo.com\/de\/angebote\/\">Clear Filters <\/a>\n\n<\/div>\n\n<\/div><!-- .myflex -->\n<\/div>\n","protected":false},"excerpt":{"rendered":"<p>Privatschulen im Kanton Neuenburg &#8211; Schweiz Finden Sie mit schoolaboo die passende Schule in Neuenburg Im Kanton Neuenburg ist die Vielfalt an Privatschulen gross und sie sind eine wichtige Erg\u00e4nzung zu den zahlreichen \u00f6ffentlichen Schulen. Auf\u00a0schoolaboo\u00a0findest du mit unseren Online Suchfunktionen s\u00e4mtliche Schultypen wie z.B. Internat oder Privatgymnasien, Schulstufen wie Gymnasium, Oberstufe, Primarschule, Weiterbildung und [&hellip;]<\/p>\n","protected":false},"author":2,"featured_media":0,"parent":0,"menu_order":0,"comment_status":"closed","ping_status":"closed","template":"","meta":{"content-type":"","footnotes":""},"class_list":["post-23998","page","type-page","status-publish","hentry"],"yoast_head":"<!-- This site is optimized with the Yoast SEO Premium plugin v23.3 (Yoast SEO v27.4) - https:\/\/yoast.com\/product\/yoast-seo-premium-wordpress\/ -->\n<title>Privatschulen im Kanton Neuenburg finden - Privatschul Verzeichnis und Beratung<\/title>\n<meta name=\"description\" content=\"Privatschulen im Kanton Neuenburg in der Schweiz. Auf Schoolaboo finden Sie eine Auswahl der besten Schulen in Neuenburg. Jetzt Schule finden.\" \/>\n<meta name=\"robots\" content=\"index, follow, max-snippet:-1, max-image-preview:large, max-video-preview:-1\" \/>\n<link rel=\"canonical\" href=\"https:\/\/schoolaboo.com\/de\/privatschulen-im-kanton-neuenburg-finden\/\" \/>\n<meta property=\"og:locale\" content=\"de_DE\" \/>\n<meta property=\"og:type\" content=\"article\" \/>\n<meta property=\"og:title\" content=\"Privatschulen im Kanton Neuenburg finden\" \/>\n<meta property=\"og:description\" content=\"Privatschulen im Kanton Neuenburg in der Schweiz. Auf Schoolaboo finden Sie eine Auswahl der besten Schulen in Neuenburg. Jetzt Schule finden.\" \/>\n<meta property=\"og:url\" content=\"https:\/\/schoolaboo.com\/de\/privatschulen-im-kanton-neuenburg-finden\/\" \/>\n<meta property=\"og:site_name\" content=\"Privatschul Verzeichnis und Beratung\" \/>\n<meta property=\"article:publisher\" content=\"https:\/\/www.facebook.com\/schoolaboo\" \/>\n<meta property=\"article:modified_time\" content=\"2021-09-07T08:49:43+00:00\" \/>\n<meta name=\"twitter:card\" content=\"summary_large_image\" \/>\n<meta name=\"twitter:label1\" content=\"Gesch\u00e4tzte Lesezeit\" \/>\n\t<meta name=\"twitter:data1\" content=\"1\u00a0Minute\" \/>\n<script type=\"application\/ld+json\" class=\"yoast-schema-graph\">{\"@context\":\"https:\\\/\\\/schema.org\",\"@graph\":[{\"@type\":\"WebPage\",\"@id\":\"https:\\\/\\\/schoolaboo.com\\\/de\\\/privatschulen-im-kanton-neuenburg-finden\\\/\",\"url\":\"https:\\\/\\\/schoolaboo.com\\\/de\\\/privatschulen-im-kanton-neuenburg-finden\\\/\",\"name\":\"Privatschulen im Kanton Neuenburg finden - Privatschul Verzeichnis und Beratung\",\"isPartOf\":{\"@id\":\"https:\\\/\\\/schoolaboo.com\\\/de\\\/#website\"},\"datePublished\":\"2020-12-22T21:14:07+00:00\",\"dateModified\":\"2021-09-07T08:49:43+00:00\",\"description\":\"Privatschulen im Kanton Neuenburg in der Schweiz. Auf Schoolaboo finden Sie eine Auswahl der besten Schulen in Neuenburg. Jetzt Schule finden.\",\"breadcrumb\":{\"@id\":\"https:\\\/\\\/schoolaboo.com\\\/de\\\/privatschulen-im-kanton-neuenburg-finden\\\/#breadcrumb\"},\"inLanguage\":\"de\",\"potentialAction\":[{\"@type\":\"ReadAction\",\"target\":[\"https:\\\/\\\/schoolaboo.com\\\/de\\\/privatschulen-im-kanton-neuenburg-finden\\\/\"]}]},{\"@type\":\"BreadcrumbList\",\"@id\":\"https:\\\/\\\/schoolaboo.com\\\/de\\\/privatschulen-im-kanton-neuenburg-finden\\\/#breadcrumb\",\"itemListElement\":[{\"@type\":\"ListItem\",\"position\":1,\"name\":\"Startseite\",\"item\":\"https:\\\/\\\/schoolaboo.com\\\/de\\\/\"},{\"@type\":\"ListItem\",\"position\":2,\"name\":\"Privatschulen im Kanton Neuenburg finden\"}]},{\"@type\":\"WebSite\",\"@id\":\"https:\\\/\\\/schoolaboo.com\\\/de\\\/#website\",\"url\":\"https:\\\/\\\/schoolaboo.com\\\/de\\\/\",\"name\":\"schoolaboo Schule suchen und finden\",\"description\":\"Privatschule finden und vergleichen\",\"publisher\":{\"@id\":\"https:\\\/\\\/schoolaboo.com\\\/de\\\/#organization\"},\"potentialAction\":[{\"@type\":\"SearchAction\",\"target\":{\"@type\":\"EntryPoint\",\"urlTemplate\":\"https:\\\/\\\/schoolaboo.com\\\/de\\\/?s={search_term_string}\"},\"query-input\":{\"@type\":\"PropertyValueSpecification\",\"valueRequired\":true,\"valueName\":\"search_term_string\"}}],\"inLanguage\":\"de\"},{\"@type\":\"Organization\",\"@id\":\"https:\\\/\\\/schoolaboo.com\\\/de\\\/#organization\",\"name\":\"schoolaboo\",\"url\":\"https:\\\/\\\/schoolaboo.com\\\/de\\\/\",\"logo\":{\"@type\":\"ImageObject\",\"inLanguage\":\"de\",\"@id\":\"https:\\\/\\\/schoolaboo.com\\\/de\\\/#\\\/schema\\\/logo\\\/image\\\/\",\"url\":\"https:\\\/\\\/schoolaboo.com\\\/wp-content\\\/uploads\\\/2025\\\/04\\\/schoolaboo_Signet_RGB_pos_72dpi.jpg\",\"contentUrl\":\"https:\\\/\\\/schoolaboo.com\\\/wp-content\\\/uploads\\\/2025\\\/04\\\/schoolaboo_Signet_RGB_pos_72dpi.jpg\",\"width\":262,\"height\":86,\"caption\":\"schoolaboo\"},\"image\":{\"@id\":\"https:\\\/\\\/schoolaboo.com\\\/de\\\/#\\\/schema\\\/logo\\\/image\\\/\"},\"sameAs\":[\"https:\\\/\\\/www.facebook.com\\\/schoolaboo\",\"https:\\\/\\\/www.linkedin.com\\\/showcase\\\/schoolaboo\"]}]}<\/script>\n<!-- \/ Yoast SEO Premium plugin. -->","yoast_head_json":{"title":"Privatschulen im Kanton Neuenburg finden - Privatschul Verzeichnis und Beratung","description":"Privatschulen im Kanton Neuenburg in der Schweiz. Auf Schoolaboo finden Sie eine Auswahl der besten Schulen in Neuenburg. Jetzt Schule finden.","robots":{"index":"index","follow":"follow","max-snippet":"max-snippet:-1","max-image-preview":"max-image-preview:large","max-video-preview":"max-video-preview:-1"},"canonical":"https:\/\/schoolaboo.com\/de\/privatschulen-im-kanton-neuenburg-finden\/","og_locale":"de_DE","og_type":"article","og_title":"Privatschulen im Kanton Neuenburg finden","og_description":"Privatschulen im Kanton Neuenburg in der Schweiz. Auf Schoolaboo finden Sie eine Auswahl der besten Schulen in Neuenburg. Jetzt Schule finden.","og_url":"https:\/\/schoolaboo.com\/de\/privatschulen-im-kanton-neuenburg-finden\/","og_site_name":"Privatschul Verzeichnis und Beratung","article_publisher":"https:\/\/www.facebook.com\/schoolaboo","article_modified_time":"2021-09-07T08:49:43+00:00","twitter_card":"summary_large_image","twitter_misc":{"Gesch\u00e4tzte Lesezeit":"1\u00a0Minute"},"schema":{"@context":"https:\/\/schema.org","@graph":[{"@type":"WebPage","@id":"https:\/\/schoolaboo.com\/de\/privatschulen-im-kanton-neuenburg-finden\/","url":"https:\/\/schoolaboo.com\/de\/privatschulen-im-kanton-neuenburg-finden\/","name":"Privatschulen im Kanton Neuenburg finden - Privatschul Verzeichnis und Beratung","isPartOf":{"@id":"https:\/\/schoolaboo.com\/de\/#website"},"datePublished":"2020-12-22T21:14:07+00:00","dateModified":"2021-09-07T08:49:43+00:00","description":"Privatschulen im Kanton Neuenburg in der Schweiz. Auf Schoolaboo finden Sie eine Auswahl der besten Schulen in Neuenburg. Jetzt Schule finden.","breadcrumb":{"@id":"https:\/\/schoolaboo.com\/de\/privatschulen-im-kanton-neuenburg-finden\/#breadcrumb"},"inLanguage":"de","potentialAction":[{"@type":"ReadAction","target":["https:\/\/schoolaboo.com\/de\/privatschulen-im-kanton-neuenburg-finden\/"]}]},{"@type":"BreadcrumbList","@id":"https:\/\/schoolaboo.com\/de\/privatschulen-im-kanton-neuenburg-finden\/#breadcrumb","itemListElement":[{"@type":"ListItem","position":1,"name":"Startseite","item":"https:\/\/schoolaboo.com\/de\/"},{"@type":"ListItem","position":2,"name":"Privatschulen im Kanton Neuenburg finden"}]},{"@type":"WebSite","@id":"https:\/\/schoolaboo.com\/de\/#website","url":"https:\/\/schoolaboo.com\/de\/","name":"schoolaboo Schule suchen und finden","description":"Privatschule finden und vergleichen","publisher":{"@id":"https:\/\/schoolaboo.com\/de\/#organization"},"potentialAction":[{"@type":"SearchAction","target":{"@type":"EntryPoint","urlTemplate":"https:\/\/schoolaboo.com\/de\/?s={search_term_string}"},"query-input":{"@type":"PropertyValueSpecification","valueRequired":true,"valueName":"search_term_string"}}],"inLanguage":"de"},{"@type":"Organization","@id":"https:\/\/schoolaboo.com\/de\/#organization","name":"schoolaboo","url":"https:\/\/schoolaboo.com\/de\/","logo":{"@type":"ImageObject","inLanguage":"de","@id":"https:\/\/schoolaboo.com\/de\/#\/schema\/logo\/image\/","url":"https:\/\/schoolaboo.com\/wp-content\/uploads\/2025\/04\/schoolaboo_Signet_RGB_pos_72dpi.jpg","contentUrl":"https:\/\/schoolaboo.com\/wp-content\/uploads\/2025\/04\/schoolaboo_Signet_RGB_pos_72dpi.jpg","width":262,"height":86,"caption":"schoolaboo"},"image":{"@id":"https:\/\/schoolaboo.com\/de\/#\/schema\/logo\/image\/"},"sameAs":["https:\/\/www.facebook.com\/schoolaboo","https:\/\/www.linkedin.com\/showcase\/schoolaboo"]}]}},"_links":{"self":[{"href":"https:\/\/schoolaboo.com\/de\/wp-json\/wp\/v2\/pages\/23998","targetHints":{"allow":["GET"]}}],"collection":[{"href":"https:\/\/schoolaboo.com\/de\/wp-json\/wp\/v2\/pages"}],"about":[{"href":"https:\/\/schoolaboo.com\/de\/wp-json\/wp\/v2\/types\/page"}],"author":[{"embeddable":true,"href":"https:\/\/schoolaboo.com\/de\/wp-json\/wp\/v2\/users\/2"}],"replies":[{"embeddable":true,"href":"https:\/\/schoolaboo.com\/de\/wp-json\/wp\/v2\/comments?post=23998"}],"version-history":[{"count":13,"href":"https:\/\/schoolaboo.com\/de\/wp-json\/wp\/v2\/pages\/23998\/revisions"}],"predecessor-version":[{"id":27391,"href":"https:\/\/schoolaboo.com\/de\/wp-json\/wp\/v2\/pages\/23998\/revisions\/27391"}],"wp:attachment":[{"href":"https:\/\/schoolaboo.com\/de\/wp-json\/wp\/v2\/media?parent=23998"}],"curies":[{"name":"wp","href":"https:\/\/api.w.org\/{rel}","templated":true}]}}